{"id":70634,"date":"2024-03-22T19:36:20","date_gmt":"2024-03-22T18:36:20","guid":{"rendered":"https:\/\/abinox-chr-clim.com\/index.php\/product\/coupe-citron-de-bar-professionnel\/"},"modified":"2026-04-11T09:25:12","modified_gmt":"2026-04-11T07:25:12","slug":"coupe-citron-de-bar-professionnel","status":"publish","type":"product","link":"https:\/\/abinox-chr-clim.com\/index.php\/product\/coupe-citron-de-bar-professionnel\/","title":{"rendered":"Coupe citron de bar professionnel"},"content":{"rendered":"<p>Coupe des agrumes entiers en 8 sections, id\u00e9al pour garnir les cocktails. Plus s\u00fbr et plus rapide qu&rsquo;un couteau. Lames en acier inoxydable.<br \/>D\u00e9coupe les citrons en 8 parties \u00e9gales. 8 lames rondes en acier inoxydable. Taille des tranches id\u00e9ale pour les goulots de bouteilles. Parfait pour le th\u00e9 glac\u00e9, les bi\u00e8res et les cocktails. Plus s\u00fbr qu&rsquo;un couteau. Gain de temps. Lames en acier inoxydable.D\u00e9coupe les citrons en 8 parties \u00e9gales.<\/p>\n<p>Caract\u00e9ristiques :<br \/> Dimensions : 187(H) x 197(L) x 203(P) mm.<br \/> Mati\u00e8re : Acier inoxydable.<br \/> Couleur : Noir.<\/p>\n","protected":false},"excerpt":{"rendered":"<p>Coupe citron de bar professionnel<\/p>\n","protected":false},"featured_media":102173,"comment_status":"closed","ping_status":"closed","template":"","meta":[],"product_brand":[],"product_cat":[1107,1108,1297,1106],"product_tag":[],"class_list":{"0":"post-70634","1":"product","2":"type-product","3":"status-publish","4":"has-post-thumbnail","6":"product_cat-accessoires-de-bar","7":"product_cat-accessoires-de-bar-accessoires-de-bar","8":"product_cat-non-palettisable","9":"product_cat-restaurant-bar-et-hotel","10":"product_shipping_class-free-shipping","12":"first","13":"instock","14":"featured","15":"taxable","16":"shipping-taxable","17":"purchasable","18":"product-type-simple"},"_links":{"self":[{"href":"https:\/\/abinox-chr-clim.com\/index.php\/wp-json\/wp\/v2\/product\/70634","targetHints":{"allow":["GET"]}}],"collection":[{"href":"https:\/\/abinox-chr-clim.com\/index.php\/wp-json\/wp\/v2\/product"}],"about":[{"href":"https:\/\/abinox-chr-clim.com\/index.php\/wp-json\/wp\/v2\/types\/product"}],"replies":[{"embeddable":true,"href":"https:\/\/abinox-chr-clim.com\/index.php\/wp-json\/wp\/v2\/comments?post=70634"}],"wp:featuredmedia":[{"embeddable":true,"href":"https:\/\/abinox-chr-clim.com\/index.php\/wp-json\/wp\/v2\/media\/102173"}],"wp:attachment":[{"href":"https:\/\/abinox-chr-clim.com\/index.php\/wp-json\/wp\/v2\/media?parent=70634"}],"wp:term":[{"taxonomy":"product_brand","embeddable":true,"href":"https:\/\/abinox-chr-clim.com\/index.php\/wp-json\/wp\/v2\/product_brand?post=70634"},{"taxonomy":"product_cat","embeddable":true,"href":"https:\/\/abinox-chr-clim.com\/index.php\/wp-json\/wp\/v2\/product_cat?post=70634"},{"taxonomy":"product_tag","embeddable":true,"href":"https:\/\/abinox-chr-clim.com\/index.php\/wp-json\/wp\/v2\/product_tag?post=70634"}],"curies":[{"name":"wp","href":"https:\/\/api.w.org\/{rel}","templated":true}]}}