{"id":70628,"date":"2024-03-22T19:36:18","date_gmt":"2024-03-22T18:36:18","guid":{"rendered":"https:\/\/abinox-chr-clim.com\/index.php\/product\/cartouches-deau-de-seltz-isi-lot-de-10\/"},"modified":"2026-04-11T09:23:08","modified_gmt":"2026-04-11T07:23:08","slug":"cartouches-deau-de-seltz-isi-lot-de-10","status":"publish","type":"product","link":"https:\/\/abinox-chr-clim.com\/index.php\/product\/cartouches-deau-de-seltz-isi-lot-de-10\/","title":{"rendered":"Cartouches d&rsquo;eau de seltz ISI (Lot de 10)"},"content":{"rendered":"<p>Siphon de 1L pour boissons gazeuses.<br \/>Une conception efficace pour une carbonatation rapide. La facilit\u00e9 d&rsquo;utilisation permet de servir plus rapidement. Lot de 10 pour durer plusieurs services. La conception s\u00fbre permet d&rsquo;\u00e9viter toute distribution accidentelle. La construction compacte est facile \u00e0 ranger dans vos armoires de bar. A utiliser avec les siphons \u00e0 soda CE341 et CR708.  Une conception efficace pour une carbonatation rapide.<\/p>\n<p>Caract\u00e9ristiques :<br \/>Lot : 10.<br \/> Dimensions : 70(H) x 92(L) x 40(P) mm.<br \/> Mati\u00e8re : Acier<\/p>\n","protected":false},"excerpt":{"rendered":"<p>Cartouches d&rsquo;eau de seltz ISI (Lot de 10)<\/p>\n","protected":false},"featured_media":101715,"comment_status":"closed","ping_status":"closed","template":"","meta":[],"product_brand":[],"product_cat":[1107,1108,1297,1106],"product_tag":[],"class_list":{"0":"post-70628","1":"product","2":"type-product","3":"status-publish","4":"has-post-thumbnail","6":"product_cat-accessoires-de-bar","7":"product_cat-accessoires-de-bar-accessoires-de-bar","8":"product_cat-non-palettisable","9":"product_cat-restaurant-bar-et-hotel","10":"product_shipping_class-free-shipping","12":"first","13":"instock","14":"featured","15":"taxable","16":"shipping-taxable","17":"purchasable","18":"product-type-simple"},"_links":{"self":[{"href":"https:\/\/abinox-chr-clim.com\/index.php\/wp-json\/wp\/v2\/product\/70628","targetHints":{"allow":["GET"]}}],"collection":[{"href":"https:\/\/abinox-chr-clim.com\/index.php\/wp-json\/wp\/v2\/product"}],"about":[{"href":"https:\/\/abinox-chr-clim.com\/index.php\/wp-json\/wp\/v2\/types\/product"}],"replies":[{"embeddable":true,"href":"https:\/\/abinox-chr-clim.com\/index.php\/wp-json\/wp\/v2\/comments?post=70628"}],"wp:featuredmedia":[{"embeddable":true,"href":"https:\/\/abinox-chr-clim.com\/index.php\/wp-json\/wp\/v2\/media\/101715"}],"wp:attachment":[{"href":"https:\/\/abinox-chr-clim.com\/index.php\/wp-json\/wp\/v2\/media?parent=70628"}],"wp:term":[{"taxonomy":"product_brand","embeddable":true,"href":"https:\/\/abinox-chr-clim.com\/index.php\/wp-json\/wp\/v2\/product_brand?post=70628"},{"taxonomy":"product_cat","embeddable":true,"href":"https:\/\/abinox-chr-clim.com\/index.php\/wp-json\/wp\/v2\/product_cat?post=70628"},{"taxonomy":"product_tag","embeddable":true,"href":"https:\/\/abinox-chr-clim.com\/index.php\/wp-json\/wp\/v2\/product_tag?post=70628"}],"curies":[{"name":"wp","href":"https:\/\/api.w.org\/{rel}","templated":true}]}}