{"id":70621,"date":"2024-03-22T19:36:14","date_gmt":"2024-03-22T18:36:14","guid":{"rendered":"https:\/\/abinox-chr-clim.com\/index.php\/product\/porte-bouteilles-olympia-560mm\/"},"modified":"2026-04-11T08:46:16","modified_gmt":"2026-04-11T06:46:16","slug":"porte-bouteilles-olympia-560mm","status":"publish","type":"product","link":"https:\/\/abinox-chr-clim.com\/index.php\/product\/porte-bouteilles-olympia-560mm\/","title":{"rendered":"Porte-bouteilles Olympia 560mm"},"content":{"rendered":"<p>Support pour ranger efficacement les bouteilles derri\u00e8re le bar.<br \/>Pratique pour ranger et stocker les bouteilles. Peut \u00eatre pos\u00e9 ou fix\u00e9 au mur. Coins arrondis. Facile \u00e0 mettre en place et retirer. Convient aux bouteilles de taille standard. Dimensions : 90(h)x 100(l)x 560(p)mm.  Pratique pour ranger et stocker les bouteilles.<\/p>\n<p>Caract\u00e9ristiques :<br \/> Dimensions : 90(H) x 560(L) x 100(P) mm.<br \/> Mati\u00e8re : Inox.<br \/> Couleur : Acier inoxydable.<\/p>\n","protected":false},"excerpt":{"rendered":"<p>Porte-bouteilles Olympia 560mm<\/p>\n","protected":false},"featured_media":95188,"comment_status":"closed","ping_status":"closed","template":"","meta":[],"product_brand":[],"product_cat":[1107,1108,1297,1106],"product_tag":[],"class_list":{"0":"post-70621","1":"product","2":"type-product","3":"status-publish","4":"has-post-thumbnail","6":"product_cat-accessoires-de-bar","7":"product_cat-accessoires-de-bar-accessoires-de-bar","8":"product_cat-non-palettisable","9":"product_cat-restaurant-bar-et-hotel","10":"product_shipping_class-free-shipping","12":"first","13":"instock","14":"featured","15":"taxable","16":"shipping-taxable","17":"purchasable","18":"product-type-simple"},"_links":{"self":[{"href":"https:\/\/abinox-chr-clim.com\/index.php\/wp-json\/wp\/v2\/product\/70621","targetHints":{"allow":["GET"]}}],"collection":[{"href":"https:\/\/abinox-chr-clim.com\/index.php\/wp-json\/wp\/v2\/product"}],"about":[{"href":"https:\/\/abinox-chr-clim.com\/index.php\/wp-json\/wp\/v2\/types\/product"}],"replies":[{"embeddable":true,"href":"https:\/\/abinox-chr-clim.com\/index.php\/wp-json\/wp\/v2\/comments?post=70621"}],"wp:featuredmedia":[{"embeddable":true,"href":"https:\/\/abinox-chr-clim.com\/index.php\/wp-json\/wp\/v2\/media\/95188"}],"wp:attachment":[{"href":"https:\/\/abinox-chr-clim.com\/index.php\/wp-json\/wp\/v2\/media?parent=70621"}],"wp:term":[{"taxonomy":"product_brand","embeddable":true,"href":"https:\/\/abinox-chr-clim.com\/index.php\/wp-json\/wp\/v2\/product_brand?post=70621"},{"taxonomy":"product_cat","embeddable":true,"href":"https:\/\/abinox-chr-clim.com\/index.php\/wp-json\/wp\/v2\/product_cat?post=70621"},{"taxonomy":"product_tag","embeddable":true,"href":"https:\/\/abinox-chr-clim.com\/index.php\/wp-json\/wp\/v2\/product_tag?post=70621"}],"curies":[{"name":"wp","href":"https:\/\/api.w.org\/{rel}","templated":true}]}}