{"id":70620,"date":"2024-03-22T19:36:13","date_gmt":"2024-03-22T18:36:13","guid":{"rendered":"https:\/\/abinox-chr-clim.com\/index.php\/product\/presentoir-de-bar-olympia-kristallon-noir\/"},"modified":"2026-04-24T09:01:54","modified_gmt":"2026-04-24T07:01:54","slug":"presentoir-de-bar-olympia-kristallon-noir","status":"publish","type":"product","link":"https:\/\/abinox-chr-clim.com\/index.php\/product\/presentoir-de-bar-olympia-kristallon-noir\/","title":{"rendered":"Pr\u00e9sentoir de bar Olympia Kristallon noir"},"content":{"rendered":"<p>Pr\u00e9sentoir de bar \u00e0 3 compartiments pour les serviettes, les pailles etc. S&rsquo;utilise avec des serviettes cocktail 2 plis 250&#215;250 pli\u00e9es &#8211; dimension pli\u00e9e 125mm (vendue s\u00e9par\u00e9ment). 240(H) x 150(L) x 105(P)mm.<br \/>6 compartiments pour les ustensiles. Essuyable pour un nettoyage facile. 6 compartiments pour les ustensiles.<\/p>\n<p>Caract\u00e9ristiques :<br \/> Dimensions : 105(H) x 240(L) x 150(P) mm.<br \/> Mati\u00e8re : Plastique.<br \/> Couleur : Noir.<\/p>\n","protected":false},"excerpt":{"rendered":"<p>Pr\u00e9sentoir de bar Olympia Kristallon noir<\/p>\n","protected":false},"featured_media":95198,"comment_status":"closed","ping_status":"closed","template":"","meta":[],"product_brand":[],"product_cat":[1107,1108,1297,1106],"product_tag":[],"class_list":{"0":"post-70620","1":"product","2":"type-product","3":"status-publish","4":"has-post-thumbnail","6":"product_cat-accessoires-de-bar","7":"product_cat-accessoires-de-bar-accessoires-de-bar","8":"product_cat-non-palettisable","9":"product_cat-restaurant-bar-et-hotel","10":"product_shipping_class-free-shipping","12":"first","13":"instock","14":"featured","15":"taxable","16":"shipping-taxable","17":"purchasable","18":"product-type-simple"},"_links":{"self":[{"href":"https:\/\/abinox-chr-clim.com\/index.php\/wp-json\/wp\/v2\/product\/70620","targetHints":{"allow":["GET"]}}],"collection":[{"href":"https:\/\/abinox-chr-clim.com\/index.php\/wp-json\/wp\/v2\/product"}],"about":[{"href":"https:\/\/abinox-chr-clim.com\/index.php\/wp-json\/wp\/v2\/types\/product"}],"replies":[{"embeddable":true,"href":"https:\/\/abinox-chr-clim.com\/index.php\/wp-json\/wp\/v2\/comments?post=70620"}],"wp:featuredmedia":[{"embeddable":true,"href":"https:\/\/abinox-chr-clim.com\/index.php\/wp-json\/wp\/v2\/media\/95198"}],"wp:attachment":[{"href":"https:\/\/abinox-chr-clim.com\/index.php\/wp-json\/wp\/v2\/media?parent=70620"}],"wp:term":[{"taxonomy":"product_brand","embeddable":true,"href":"https:\/\/abinox-chr-clim.com\/index.php\/wp-json\/wp\/v2\/product_brand?post=70620"},{"taxonomy":"product_cat","embeddable":true,"href":"https:\/\/abinox-chr-clim.com\/index.php\/wp-json\/wp\/v2\/product_cat?post=70620"},{"taxonomy":"product_tag","embeddable":true,"href":"https:\/\/abinox-chr-clim.com\/index.php\/wp-json\/wp\/v2\/product_tag?post=70620"}],"curies":[{"name":"wp","href":"https:\/\/api.w.org\/{rel}","templated":true}]}}