{"id":70615,"date":"2024-03-22T19:36:12","date_gmt":"2024-03-22T18:36:12","guid":{"rendered":"https:\/\/abinox-chr-clim.com\/index.php\/product\/cuillere-a-cocktail-torsadee-en-cuivre-olympia\/"},"modified":"2026-01-12T09:03:37","modified_gmt":"2026-01-12T08:03:37","slug":"cuillere-a-cocktail-torsadee-en-cuivre-olympia","status":"publish","type":"product","link":"https:\/\/abinox-chr-clim.com\/index.php\/product\/cuillere-a-cocktail-torsadee-en-cuivre-olympia\/","title":{"rendered":"Cuill\u00e8re \u00e0 cocktail torsad\u00e9e en cuivre Olympia"},"content":{"rendered":"<p>Cuill\u00e8re \u00e0 cocktail \u00e9l\u00e9gante plaqu\u00e9e cuivre, parfaite pour les grands verres.<br \/>\u00c9galement disponible en gris titane (DR635) et inox non color\u00e9 (K474). Extr\u00eamit\u00e9 plate, cuill\u00e8re \u00e0 m\u00e9lange de style europ\u00e9en. Plaqu\u00e9e cuivre. Tige torsad\u00e9 pour m\u00e9langer de fa\u00e7on optimale. Cuill\u00e8re de la taille d&rsquo;une cuill\u00e8re \u00e0 caf\u00e9.  \u00c9galement disponible en gris titane (DR635) et inox non color\u00e9 (K474).<\/p>\n<p>Caract\u00e9ristiques :<br \/> Dimensions : 270(H) x 28(L) mm.<br \/> Mati\u00e8re : Cuivre.<br \/> Couleur : Cuivre.<\/p>\n","protected":false},"excerpt":{"rendered":"<p>Cuill\u00e8re \u00e0 cocktail torsad\u00e9e en cuivre Olympia<\/p>\n","protected":false},"featured_media":91300,"comment_status":"closed","ping_status":"closed","template":"","meta":[],"product_brand":[],"product_cat":[1107,1108,1297,1106],"product_tag":[],"class_list":{"0":"post-70615","1":"product","2":"type-product","3":"status-publish","4":"has-post-thumbnail","6":"product_cat-accessoires-de-bar","7":"product_cat-accessoires-de-bar-accessoires-de-bar","8":"product_cat-non-palettisable","9":"product_cat-restaurant-bar-et-hotel","10":"product_shipping_class-free-shipping","12":"first","13":"outofstock","14":"featured","15":"taxable","16":"shipping-taxable","17":"purchasable","18":"product-type-simple"},"_links":{"self":[{"href":"https:\/\/abinox-chr-clim.com\/index.php\/wp-json\/wp\/v2\/product\/70615","targetHints":{"allow":["GET"]}}],"collection":[{"href":"https:\/\/abinox-chr-clim.com\/index.php\/wp-json\/wp\/v2\/product"}],"about":[{"href":"https:\/\/abinox-chr-clim.com\/index.php\/wp-json\/wp\/v2\/types\/product"}],"replies":[{"embeddable":true,"href":"https:\/\/abinox-chr-clim.com\/index.php\/wp-json\/wp\/v2\/comments?post=70615"}],"wp:featuredmedia":[{"embeddable":true,"href":"https:\/\/abinox-chr-clim.com\/index.php\/wp-json\/wp\/v2\/media\/91300"}],"wp:attachment":[{"href":"https:\/\/abinox-chr-clim.com\/index.php\/wp-json\/wp\/v2\/media?parent=70615"}],"wp:term":[{"taxonomy":"product_brand","embeddable":true,"href":"https:\/\/abinox-chr-clim.com\/index.php\/wp-json\/wp\/v2\/product_brand?post=70615"},{"taxonomy":"product_cat","embeddable":true,"href":"https:\/\/abinox-chr-clim.com\/index.php\/wp-json\/wp\/v2\/product_cat?post=70615"},{"taxonomy":"product_tag","embeddable":true,"href":"https:\/\/abinox-chr-clim.com\/index.php\/wp-json\/wp\/v2\/product_tag?post=70615"}],"curies":[{"name":"wp","href":"https:\/\/api.w.org\/{rel}","templated":true}]}}