{"id":70614,"date":"2024-03-22T19:36:11","date_gmt":"2024-03-22T18:36:11","guid":{"rendered":"https:\/\/abinox-chr-clim.com\/index.php\/product\/shaker-parisien-cuivre-olympia-550ml\/"},"modified":"2025-07-24T19:49:17","modified_gmt":"2025-07-24T17:49:17","slug":"shaker-parisien-cuivre-olympia-550ml","status":"publish","type":"product","link":"https:\/\/abinox-chr-clim.com\/index.php\/product\/shaker-parisien-cuivre-olympia-550ml\/","title":{"rendered":"Shaker parisien cuivre Olympia 550ml"},"content":{"rendered":"<p>Shaker en acier inoxydable, en finition cuivre ou gris titane.<br \/>Forme \u00e9l\u00e9gante, design parisien art d\u00e9co. Peut \u00eatre utilis\u00e9 avec les passoires standards Julep ou Hawthorne. 2 pi\u00e8ces. Lavage uniquement \u00e0 la main. Parfait pour les bars \u00e0 cocktails modernes.  Forme \u00e9l\u00e9gante, design parisien art d\u00e9co.<\/p>\n<p>Caract\u00e9ristiques :<br \/> Dimensions : 225(H) x 84(\u00d8) mm.<br \/> Mati\u00e8re : Cuivre.<br \/> Couleur : Cuivre.<\/p>\n","protected":false},"excerpt":{"rendered":"<p>Shaker parisien cuivre Olympia 550ml<\/p>\n","protected":false},"featured_media":91318,"comment_status":"closed","ping_status":"closed","template":"","meta":[],"product_brand":[],"product_cat":[1107,1108,1297,1106],"product_tag":[],"class_list":{"0":"post-70614","1":"product","2":"type-product","3":"status-publish","4":"has-post-thumbnail","6":"product_cat-accessoires-de-bar","7":"product_cat-accessoires-de-bar-accessoires-de-bar","8":"product_cat-non-palettisable","9":"product_cat-restaurant-bar-et-hotel","10":"product_shipping_class-free-shipping","12":"first","13":"outofstock","14":"featured","15":"taxable","16":"shipping-taxable","17":"purchasable","18":"product-type-simple"},"_links":{"self":[{"href":"https:\/\/abinox-chr-clim.com\/index.php\/wp-json\/wp\/v2\/product\/70614","targetHints":{"allow":["GET"]}}],"collection":[{"href":"https:\/\/abinox-chr-clim.com\/index.php\/wp-json\/wp\/v2\/product"}],"about":[{"href":"https:\/\/abinox-chr-clim.com\/index.php\/wp-json\/wp\/v2\/types\/product"}],"replies":[{"embeddable":true,"href":"https:\/\/abinox-chr-clim.com\/index.php\/wp-json\/wp\/v2\/comments?post=70614"}],"wp:featuredmedia":[{"embeddable":true,"href":"https:\/\/abinox-chr-clim.com\/index.php\/wp-json\/wp\/v2\/media\/91318"}],"wp:attachment":[{"href":"https:\/\/abinox-chr-clim.com\/index.php\/wp-json\/wp\/v2\/media?parent=70614"}],"wp:term":[{"taxonomy":"product_brand","embeddable":true,"href":"https:\/\/abinox-chr-clim.com\/index.php\/wp-json\/wp\/v2\/product_brand?post=70614"},{"taxonomy":"product_cat","embeddable":true,"href":"https:\/\/abinox-chr-clim.com\/index.php\/wp-json\/wp\/v2\/product_cat?post=70614"},{"taxonomy":"product_tag","embeddable":true,"href":"https:\/\/abinox-chr-clim.com\/index.php\/wp-json\/wp\/v2\/product_tag?post=70614"}],"curies":[{"name":"wp","href":"https:\/\/api.w.org\/{rel}","templated":true}]}}