{"id":70610,"date":"2024-03-22T19:36:10","date_gmt":"2024-03-22T18:36:10","guid":{"rendered":"https:\/\/abinox-chr-clim.com\/index.php\/product\/presse-citrons-manuel\/"},"modified":"2026-04-24T08:58:02","modified_gmt":"2026-04-24T06:58:02","slug":"presse-citrons-manuel","status":"publish","type":"product","link":"https:\/\/abinox-chr-clim.com\/index.php\/product\/presse-citrons-manuel\/","title":{"rendered":"Presse-citrons manuel"},"content":{"rendered":"<p>Gamme de presse-agrumes manuels en \u00e9mail.<br \/>La surface de pressage ondul\u00e9e permet de ne pas gaspiller de jus. Le rev\u00eatement poudr\u00e9 assure une excellente durabilit\u00e9. Les petits trous d&rsquo;\u00e9gouttage emp\u00eachent la pulpe, les graines et la peau de se retrouver dans les boissons ou les plats. La poign\u00e9e confortable permet une prise en main s\u00fbre et sans douleur. Couleur citron vert pour une identification facile. Con\u00e7u pour inverser les pelures afin d&rsquo;obtenir la moindre goutte de jus de citron vert. Conception facile \u00e0 nettoyer pour une excellente hygi\u00e8ne.La surface de pressage ondul\u00e9e permet de ne pas gaspiller de jus.<\/p>\n<p>Caract\u00e9ristiques :<br \/> Dimensions : 55(H) x 65(L) x 205(L) mm.<br \/> Mati\u00e8re : Aluminium.<br \/> Couleur : Vert anis.<\/p>\n","protected":false},"excerpt":{"rendered":"<p>Presse-citrons manuel<\/p>\n","protected":false},"featured_media":91799,"comment_status":"closed","ping_status":"closed","template":"","meta":[],"product_brand":[],"product_cat":[1107,1108,1297,1106],"product_tag":[],"class_list":{"0":"post-70610","1":"product","2":"type-product","3":"status-publish","4":"has-post-thumbnail","6":"product_cat-accessoires-de-bar","7":"product_cat-accessoires-de-bar-accessoires-de-bar","8":"product_cat-non-palettisable","9":"product_cat-restaurant-bar-et-hotel","10":"product_shipping_class-free-shipping","12":"first","13":"instock","14":"featured","15":"taxable","16":"shipping-taxable","17":"purchasable","18":"product-type-simple"},"_links":{"self":[{"href":"https:\/\/abinox-chr-clim.com\/index.php\/wp-json\/wp\/v2\/product\/70610","targetHints":{"allow":["GET"]}}],"collection":[{"href":"https:\/\/abinox-chr-clim.com\/index.php\/wp-json\/wp\/v2\/product"}],"about":[{"href":"https:\/\/abinox-chr-clim.com\/index.php\/wp-json\/wp\/v2\/types\/product"}],"replies":[{"embeddable":true,"href":"https:\/\/abinox-chr-clim.com\/index.php\/wp-json\/wp\/v2\/comments?post=70610"}],"wp:featuredmedia":[{"embeddable":true,"href":"https:\/\/abinox-chr-clim.com\/index.php\/wp-json\/wp\/v2\/media\/91799"}],"wp:attachment":[{"href":"https:\/\/abinox-chr-clim.com\/index.php\/wp-json\/wp\/v2\/media?parent=70610"}],"wp:term":[{"taxonomy":"product_brand","embeddable":true,"href":"https:\/\/abinox-chr-clim.com\/index.php\/wp-json\/wp\/v2\/product_brand?post=70610"},{"taxonomy":"product_cat","embeddable":true,"href":"https:\/\/abinox-chr-clim.com\/index.php\/wp-json\/wp\/v2\/product_cat?post=70610"},{"taxonomy":"product_tag","embeddable":true,"href":"https:\/\/abinox-chr-clim.com\/index.php\/wp-json\/wp\/v2\/product_tag?post=70610"}],"curies":[{"name":"wp","href":"https:\/\/api.w.org\/{rel}","templated":true}]}}