{"id":70609,"date":"2024-03-22T19:36:10","date_gmt":"2024-03-22T18:36:10","guid":{"rendered":"https:\/\/abinox-chr-clim.com\/index.php\/product\/presse-citrons-verts-manuel\/"},"modified":"2026-04-24T08:58:01","modified_gmt":"2026-04-24T06:58:01","slug":"presse-citrons-verts-manuel","status":"publish","type":"product","link":"https:\/\/abinox-chr-clim.com\/index.php\/product\/presse-citrons-verts-manuel\/","title":{"rendered":"Presse-citrons verts manuel"},"content":{"rendered":"<p>Gamme de presse-agrumes manuels en \u00e9mail.<br \/>Le moule de pressage ondul\u00e9 permet de ne pas gaspiller de jus. La couleur citron permet une identification facile. Con\u00e7u pour inverser les pelures afin d&rsquo;obtenir chaque goutte de jus de citron. Design facile \u00e0 nettoyer pour une excellente hygi\u00e8ne. Trous de drainage pour un jus lisse. Rev\u00eatement en poudre pour un nettoyage facile. La poign\u00e9e offre une prise s\u00fbre et confortable.Le moule de pressage ondul\u00e9 permet de ne pas gaspiller de jus.<\/p>\n<p>Caract\u00e9ristiques :<br \/> Dimensions : 60(H) x 82(L) x 225(L) mm.<br \/> Mati\u00e8re : Aluminium.<br \/> Couleur : Jaune.<\/p>\n","protected":false},"excerpt":{"rendered":"<p>Presse-citrons verts manuel<\/p>\n","protected":false},"featured_media":91812,"comment_status":"closed","ping_status":"closed","template":"","meta":[],"product_brand":[],"product_cat":[1107,1108,1297,1106],"product_tag":[],"class_list":{"0":"post-70609","1":"product","2":"type-product","3":"status-publish","4":"has-post-thumbnail","6":"product_cat-accessoires-de-bar","7":"product_cat-accessoires-de-bar-accessoires-de-bar","8":"product_cat-non-palettisable","9":"product_cat-restaurant-bar-et-hotel","10":"product_shipping_class-free-shipping","12":"first","13":"instock","14":"featured","15":"taxable","16":"shipping-taxable","17":"purchasable","18":"product-type-simple"},"_links":{"self":[{"href":"https:\/\/abinox-chr-clim.com\/index.php\/wp-json\/wp\/v2\/product\/70609","targetHints":{"allow":["GET"]}}],"collection":[{"href":"https:\/\/abinox-chr-clim.com\/index.php\/wp-json\/wp\/v2\/product"}],"about":[{"href":"https:\/\/abinox-chr-clim.com\/index.php\/wp-json\/wp\/v2\/types\/product"}],"replies":[{"embeddable":true,"href":"https:\/\/abinox-chr-clim.com\/index.php\/wp-json\/wp\/v2\/comments?post=70609"}],"wp:featuredmedia":[{"embeddable":true,"href":"https:\/\/abinox-chr-clim.com\/index.php\/wp-json\/wp\/v2\/media\/91812"}],"wp:attachment":[{"href":"https:\/\/abinox-chr-clim.com\/index.php\/wp-json\/wp\/v2\/media?parent=70609"}],"wp:term":[{"taxonomy":"product_brand","embeddable":true,"href":"https:\/\/abinox-chr-clim.com\/index.php\/wp-json\/wp\/v2\/product_brand?post=70609"},{"taxonomy":"product_cat","embeddable":true,"href":"https:\/\/abinox-chr-clim.com\/index.php\/wp-json\/wp\/v2\/product_cat?post=70609"},{"taxonomy":"product_tag","embeddable":true,"href":"https:\/\/abinox-chr-clim.com\/index.php\/wp-json\/wp\/v2\/product_tag?post=70609"}],"curies":[{"name":"wp","href":"https:\/\/api.w.org\/{rel}","templated":true}]}}