{"id":70608,"date":"2024-03-22T19:36:09","date_gmt":"2024-03-22T18:36:09","guid":{"rendered":"https:\/\/abinox-chr-clim.com\/index.php\/product\/presse-agrumes-manuel-orange\/"},"modified":"2026-04-24T08:58:00","modified_gmt":"2026-04-24T06:58:00","slug":"presse-agrumes-manuel-orange","status":"publish","type":"product","link":"https:\/\/abinox-chr-clim.com\/index.php\/product\/presse-agrumes-manuel-orange\/","title":{"rendered":"Presse-agrumes manuel orange"},"content":{"rendered":"<p>Gamme de presse-agrumes manuels en \u00e9mail.<br \/>Le gobelet de pressage ondul\u00e9 permet de ne pas gaspiller de jus. Couleur orange pour une identification facile. Con\u00e7u pour inverser les \u00e9pluchures et \u00e9viter le gaspillage de jus. Conception facile \u00e0 nettoyer pour une excellente hygi\u00e8ne. Trous de drainage pour un jus lisse. Rev\u00eatement en poudre pour un nettoyage facile.  Le gobelet de pressage ondul\u00e9 permet de ne pas gaspiller de jus.<\/p>\n<p>Caract\u00e9ristiques :<br \/> Dimensions : 70(H) x 98(L) x 240(L) mm.<br \/> Mati\u00e8re : Alliage d&rsquo;aluminium.<br \/> Couleur : Orange.<\/p>\n","protected":false},"excerpt":{"rendered":"<p>Presse-agrumes manuel orange<\/p>\n","protected":false},"featured_media":91821,"comment_status":"closed","ping_status":"closed","template":"","meta":[],"product_brand":[],"product_cat":[1107,1108,1297,1106],"product_tag":[],"class_list":{"0":"post-70608","1":"product","2":"type-product","3":"status-publish","4":"has-post-thumbnail","6":"product_cat-accessoires-de-bar","7":"product_cat-accessoires-de-bar-accessoires-de-bar","8":"product_cat-non-palettisable","9":"product_cat-restaurant-bar-et-hotel","10":"product_shipping_class-free-shipping","12":"first","13":"instock","14":"featured","15":"taxable","16":"shipping-taxable","17":"purchasable","18":"product-type-simple"},"_links":{"self":[{"href":"https:\/\/abinox-chr-clim.com\/index.php\/wp-json\/wp\/v2\/product\/70608","targetHints":{"allow":["GET"]}}],"collection":[{"href":"https:\/\/abinox-chr-clim.com\/index.php\/wp-json\/wp\/v2\/product"}],"about":[{"href":"https:\/\/abinox-chr-clim.com\/index.php\/wp-json\/wp\/v2\/types\/product"}],"replies":[{"embeddable":true,"href":"https:\/\/abinox-chr-clim.com\/index.php\/wp-json\/wp\/v2\/comments?post=70608"}],"wp:featuredmedia":[{"embeddable":true,"href":"https:\/\/abinox-chr-clim.com\/index.php\/wp-json\/wp\/v2\/media\/91821"}],"wp:attachment":[{"href":"https:\/\/abinox-chr-clim.com\/index.php\/wp-json\/wp\/v2\/media?parent=70608"}],"wp:term":[{"taxonomy":"product_brand","embeddable":true,"href":"https:\/\/abinox-chr-clim.com\/index.php\/wp-json\/wp\/v2\/product_brand?post=70608"},{"taxonomy":"product_cat","embeddable":true,"href":"https:\/\/abinox-chr-clim.com\/index.php\/wp-json\/wp\/v2\/product_cat?post=70608"},{"taxonomy":"product_tag","embeddable":true,"href":"https:\/\/abinox-chr-clim.com\/index.php\/wp-json\/wp\/v2\/product_tag?post=70608"}],"curies":[{"name":"wp","href":"https:\/\/api.w.org\/{rel}","templated":true}]}}