{"id":70607,"date":"2024-03-22T19:36:09","date_gmt":"2024-03-22T18:36:09","guid":{"rendered":"https:\/\/abinox-chr-clim.com\/index.php\/product\/porte-cles-retractable-aps-lot-de-2\/"},"modified":"2026-04-24T08:57:58","modified_gmt":"2026-04-24T06:57:58","slug":"porte-cles-retractable-aps-lot-de-2","status":"publish","type":"product","link":"https:\/\/abinox-chr-clim.com\/index.php\/product\/porte-cles-retractable-aps-lot-de-2\/","title":{"rendered":"Porte-cl\u00e9s r\u00e9tractable APS (Lot de 2)"},"content":{"rendered":"<p>R\u00e9duit le risque de vol. Pour \u00e9viter de perdre ses cl\u00e9s. Augmente la s\u00e9curit\u00e9. Peut \u00eatre utilis\u00e9 avec des cl\u00e9s ou cartes magn\u00e9tiques. Id\u00e9al pour les restaurants et les h\u00f4tels.  R\u00e9duit le risque de vol.<\/p>\n<p>Caract\u00e9ristiques :<br \/>Lot : 2.<br \/> Dimensions : 20(h) x 40(l) x 40(dia)mm &#8211; (fil 650mm de long).<br \/> Mati\u00e8re : Acier inoxydable.<br \/> Couleur : Argent.<\/p>\n","protected":false},"excerpt":{"rendered":"<p>Porte-cl\u00e9s r\u00e9tractable APS (Lot de 2)<\/p>\n","protected":false},"featured_media":91834,"comment_status":"closed","ping_status":"closed","template":"","meta":[],"product_brand":[],"product_cat":[1107,1108,1297,1106],"product_tag":[],"class_list":{"0":"post-70607","1":"product","2":"type-product","3":"status-publish","4":"has-post-thumbnail","6":"product_cat-accessoires-de-bar","7":"product_cat-accessoires-de-bar-accessoires-de-bar","8":"product_cat-non-palettisable","9":"product_cat-restaurant-bar-et-hotel","10":"product_shipping_class-free-shipping","12":"first","13":"instock","14":"featured","15":"taxable","16":"shipping-taxable","17":"purchasable","18":"product-type-simple"},"_links":{"self":[{"href":"https:\/\/abinox-chr-clim.com\/index.php\/wp-json\/wp\/v2\/product\/70607","targetHints":{"allow":["GET"]}}],"collection":[{"href":"https:\/\/abinox-chr-clim.com\/index.php\/wp-json\/wp\/v2\/product"}],"about":[{"href":"https:\/\/abinox-chr-clim.com\/index.php\/wp-json\/wp\/v2\/types\/product"}],"replies":[{"embeddable":true,"href":"https:\/\/abinox-chr-clim.com\/index.php\/wp-json\/wp\/v2\/comments?post=70607"}],"wp:featuredmedia":[{"embeddable":true,"href":"https:\/\/abinox-chr-clim.com\/index.php\/wp-json\/wp\/v2\/media\/91834"}],"wp:attachment":[{"href":"https:\/\/abinox-chr-clim.com\/index.php\/wp-json\/wp\/v2\/media?parent=70607"}],"wp:term":[{"taxonomy":"product_brand","embeddable":true,"href":"https:\/\/abinox-chr-clim.com\/index.php\/wp-json\/wp\/v2\/product_brand?post=70607"},{"taxonomy":"product_cat","embeddable":true,"href":"https:\/\/abinox-chr-clim.com\/index.php\/wp-json\/wp\/v2\/product_cat?post=70607"},{"taxonomy":"product_tag","embeddable":true,"href":"https:\/\/abinox-chr-clim.com\/index.php\/wp-json\/wp\/v2\/product_tag?post=70607"}],"curies":[{"name":"wp","href":"https:\/\/api.w.org\/{rel}","templated":true}]}}