{"id":70606,"date":"2024-03-22T19:36:09","date_gmt":"2024-03-22T18:36:09","guid":{"rendered":"https:\/\/abinox-chr-clim.com\/index.php\/product\/bac-recepteur-a-inserrer-olympia\/"},"modified":"2026-04-24T08:56:06","modified_gmt":"2026-04-24T06:56:06","slug":"bac-recepteur-a-inserrer-olympia","status":"publish","type":"product","link":"https:\/\/abinox-chr-clim.com\/index.php\/product\/bac-recepteur-a-inserrer-olympia\/","title":{"rendered":"Bac r\u00e9cepteur \u00e0 inserrer Olympia"},"content":{"rendered":"<p>Bac r\u00e9cepteur en acier inoxydable pour prot\u00e9ger votre bar des d\u00e9versements. Compatible lave-vaisselle.<br \/>Pour r\u00e9cup\u00e9rer la condensation et les d\u00e9versements des verres. Facile \u00e0 nettoyer. 2 pi\u00e8ces. De haute qualit\u00e9 et durable. Compatible lave-vaisselle.  Pour r\u00e9cup\u00e9rer la condensation et les d\u00e9versements des verres.<\/p>\n<p>Caract\u00e9ristiques :<br \/> Dimensions : 400(L) x 200(P) mm.<br \/> Mati\u00e8re : Acier inoxydable.<br \/> Couleur : Argent.<\/p>\n","protected":false},"excerpt":{"rendered":"<p>Bac r\u00e9cepteur \u00e0 inserrer Olympia<\/p>\n","protected":false},"featured_media":92605,"comment_status":"closed","ping_status":"closed","template":"","meta":[],"product_brand":[],"product_cat":[1107,1108,1297,1106],"product_tag":[],"class_list":{"0":"post-70606","1":"product","2":"type-product","3":"status-publish","4":"has-post-thumbnail","6":"product_cat-accessoires-de-bar","7":"product_cat-accessoires-de-bar-accessoires-de-bar","8":"product_cat-non-palettisable","9":"product_cat-restaurant-bar-et-hotel","10":"product_shipping_class-free-shipping","12":"first","13":"instock","14":"featured","15":"taxable","16":"shipping-taxable","17":"purchasable","18":"product-type-simple"},"_links":{"self":[{"href":"https:\/\/abinox-chr-clim.com\/index.php\/wp-json\/wp\/v2\/product\/70606","targetHints":{"allow":["GET"]}}],"collection":[{"href":"https:\/\/abinox-chr-clim.com\/index.php\/wp-json\/wp\/v2\/product"}],"about":[{"href":"https:\/\/abinox-chr-clim.com\/index.php\/wp-json\/wp\/v2\/types\/product"}],"replies":[{"embeddable":true,"href":"https:\/\/abinox-chr-clim.com\/index.php\/wp-json\/wp\/v2\/comments?post=70606"}],"wp:featuredmedia":[{"embeddable":true,"href":"https:\/\/abinox-chr-clim.com\/index.php\/wp-json\/wp\/v2\/media\/92605"}],"wp:attachment":[{"href":"https:\/\/abinox-chr-clim.com\/index.php\/wp-json\/wp\/v2\/media?parent=70606"}],"wp:term":[{"taxonomy":"product_brand","embeddable":true,"href":"https:\/\/abinox-chr-clim.com\/index.php\/wp-json\/wp\/v2\/product_brand?post=70606"},{"taxonomy":"product_cat","embeddable":true,"href":"https:\/\/abinox-chr-clim.com\/index.php\/wp-json\/wp\/v2\/product_cat?post=70606"},{"taxonomy":"product_tag","embeddable":true,"href":"https:\/\/abinox-chr-clim.com\/index.php\/wp-json\/wp\/v2\/product_tag?post=70606"}],"curies":[{"name":"wp","href":"https:\/\/api.w.org\/{rel}","templated":true}]}}