{"id":70605,"date":"2024-03-22T19:36:08","date_gmt":"2024-03-22T18:36:08","guid":{"rendered":"https:\/\/abinox-chr-clim.com\/index.php\/product\/tapis-de-bar-emboitable\/"},"modified":"2026-04-11T08:39:33","modified_gmt":"2026-04-11T06:39:33","slug":"tapis-de-bar-emboitable","status":"publish","type":"product","link":"https:\/\/abinox-chr-clim.com\/index.php\/product\/tapis-de-bar-emboitable\/","title":{"rendered":"Tapis de bar embo\u00eetable"},"content":{"rendered":"<p>Amortit et prot\u00e8ge les verres tout en permettant un s\u00e9chage efficace. Lavable au lave-vaisselle.<br \/>Conception embo\u00eetable pratique. Laisse passer l&rsquo;air pour un s\u00e9chage plus rapide. Compatible lave-vaisselle. Amortit et prot\u00e8ge les verres. Conception embo\u00eetable pratique.<\/p>\n<p>Caract\u00e9ristiques :<br \/> Dimensions : 10(H) x 310(L) x 310(P) mm.<br \/> Mati\u00e8re : Plastique.<br \/> Couleur : Noir.<\/p>\n","protected":false},"excerpt":{"rendered":"<p>Tapis de bar embo\u00eetable<\/p>\n","protected":false},"featured_media":92715,"comment_status":"closed","ping_status":"closed","template":"","meta":[],"product_brand":[],"product_cat":[1107,1108,1297,1106],"product_tag":[],"class_list":{"0":"post-70605","1":"product","2":"type-product","3":"status-publish","4":"has-post-thumbnail","6":"product_cat-accessoires-de-bar","7":"product_cat-accessoires-de-bar-accessoires-de-bar","8":"product_cat-non-palettisable","9":"product_cat-restaurant-bar-et-hotel","10":"product_shipping_class-free-shipping","12":"first","13":"instock","14":"featured","15":"taxable","16":"shipping-taxable","17":"purchasable","18":"product-type-simple"},"_links":{"self":[{"href":"https:\/\/abinox-chr-clim.com\/index.php\/wp-json\/wp\/v2\/product\/70605","targetHints":{"allow":["GET"]}}],"collection":[{"href":"https:\/\/abinox-chr-clim.com\/index.php\/wp-json\/wp\/v2\/product"}],"about":[{"href":"https:\/\/abinox-chr-clim.com\/index.php\/wp-json\/wp\/v2\/types\/product"}],"replies":[{"embeddable":true,"href":"https:\/\/abinox-chr-clim.com\/index.php\/wp-json\/wp\/v2\/comments?post=70605"}],"wp:featuredmedia":[{"embeddable":true,"href":"https:\/\/abinox-chr-clim.com\/index.php\/wp-json\/wp\/v2\/media\/92715"}],"wp:attachment":[{"href":"https:\/\/abinox-chr-clim.com\/index.php\/wp-json\/wp\/v2\/media?parent=70605"}],"wp:term":[{"taxonomy":"product_brand","embeddable":true,"href":"https:\/\/abinox-chr-clim.com\/index.php\/wp-json\/wp\/v2\/product_brand?post=70605"},{"taxonomy":"product_cat","embeddable":true,"href":"https:\/\/abinox-chr-clim.com\/index.php\/wp-json\/wp\/v2\/product_cat?post=70605"},{"taxonomy":"product_tag","embeddable":true,"href":"https:\/\/abinox-chr-clim.com\/index.php\/wp-json\/wp\/v2\/product_tag?post=70605"}],"curies":[{"name":"wp","href":"https:\/\/api.w.org\/{rel}","templated":true}]}}