{"id":70604,"date":"2024-03-22T19:36:08","date_gmt":"2024-03-22T18:36:08","guid":{"rendered":"https:\/\/abinox-chr-clim.com\/index.php\/product\/packs-de-refrigeration-san-jamar-lot-de-6\/"},"modified":"2026-04-24T08:55:52","modified_gmt":"2026-04-24T06:55:52","slug":"packs-de-refrigeration-san-jamar-lot-de-6","status":"publish","type":"product","link":"https:\/\/abinox-chr-clim.com\/index.php\/product\/packs-de-refrigeration-san-jamar-lot-de-6\/","title":{"rendered":"Packs de r\u00e9frig\u00e9ration San Jamar (Lot de 6)"},"content":{"rendered":"<p>. Les packs r\u00e9frig\u00e9r\u00e9s conservent vos aliments au frais jusqu&rsquo;\u00e0 5 heures lorsqu&rsquo;ils sont compl\u00e8tement gel\u00e9s. .<br \/> Caract\u00e9ristiques :<br \/>Lot : 6.<br \/> Dimensions : 140(H) x 230(L) x 165(P) mm.<\/p>\n","protected":false},"excerpt":{"rendered":"<p>Packs de r\u00e9frig\u00e9ration San Jamar (Lot de 6)<\/p>\n","protected":false},"featured_media":92718,"comment_status":"closed","ping_status":"closed","template":"","meta":[],"product_brand":[],"product_cat":[1107,1108,1297,1106],"product_tag":[],"class_list":{"0":"post-70604","1":"product","2":"type-product","3":"status-publish","4":"has-post-thumbnail","6":"product_cat-accessoires-de-bar","7":"product_cat-accessoires-de-bar-accessoires-de-bar","8":"product_cat-non-palettisable","9":"product_cat-restaurant-bar-et-hotel","10":"product_shipping_class-free-shipping","12":"first","13":"instock","14":"featured","15":"taxable","16":"shipping-taxable","17":"purchasable","18":"product-type-simple"},"_links":{"self":[{"href":"https:\/\/abinox-chr-clim.com\/index.php\/wp-json\/wp\/v2\/product\/70604","targetHints":{"allow":["GET"]}}],"collection":[{"href":"https:\/\/abinox-chr-clim.com\/index.php\/wp-json\/wp\/v2\/product"}],"about":[{"href":"https:\/\/abinox-chr-clim.com\/index.php\/wp-json\/wp\/v2\/types\/product"}],"replies":[{"embeddable":true,"href":"https:\/\/abinox-chr-clim.com\/index.php\/wp-json\/wp\/v2\/comments?post=70604"}],"wp:featuredmedia":[{"embeddable":true,"href":"https:\/\/abinox-chr-clim.com\/index.php\/wp-json\/wp\/v2\/media\/92718"}],"wp:attachment":[{"href":"https:\/\/abinox-chr-clim.com\/index.php\/wp-json\/wp\/v2\/media?parent=70604"}],"wp:term":[{"taxonomy":"product_brand","embeddable":true,"href":"https:\/\/abinox-chr-clim.com\/index.php\/wp-json\/wp\/v2\/product_brand?post=70604"},{"taxonomy":"product_cat","embeddable":true,"href":"https:\/\/abinox-chr-clim.com\/index.php\/wp-json\/wp\/v2\/product_cat?post=70604"},{"taxonomy":"product_tag","embeddable":true,"href":"https:\/\/abinox-chr-clim.com\/index.php\/wp-json\/wp\/v2\/product_tag?post=70604"}],"curies":[{"name":"wp","href":"https:\/\/api.w.org\/{rel}","templated":true}]}}