{"id":70603,"date":"2024-03-22T19:36:08","date_gmt":"2024-03-22T18:36:08","guid":{"rendered":"https:\/\/abinox-chr-clim.com\/index.php\/product\/boite-5-compartiments-dome-san-jamar\/"},"modified":"2026-04-24T08:55:50","modified_gmt":"2026-04-24T06:55:50","slug":"boite-5-compartiments-dome-san-jamar","status":"publish","type":"product","link":"https:\/\/abinox-chr-clim.com\/index.php\/product\/boite-5-compartiments-dome-san-jamar\/","title":{"rendered":"Bo\u00eete 5 compartiments d\u00f4me San Jamar"},"content":{"rendered":"<p>Convient en tout lieu et permet le stockage des garnitures, condiments, des pailles, des agitateurs ou pics de diff\u00e9rentes tailles. Packs r\u00e9frig\u00e9r\u00e9s \u00e9galement disponibles pour maintenir les condiments \u00e0 la temp\u00e9rature d\u00e9sir\u00e9e (vendus s\u00e9par\u00e9ment).<br \/>Le couvercle bomb\u00e9 r\u00e9tractable pivote pour un acc\u00e8s facile.  Le couvercle bomb\u00e9 augmente la capacit\u00e9, vous permettant de remplir largement les bacs.  Permet de conserver les produits frais et d&rsquo;avoir moins de d\u00e9chets.Le D\u00f4me \u00ae permet de garder les comptoirs spacieux et propres.  Norme NSF et passe au lave-vaisselle.  Contient : 1 bac profond 2.2L, 4 bacs standard 0.55L, 2 bo\u00eetes amovibles, 2 embouts.  Le couvercle bomb\u00e9 r\u00e9tractable pivote pour un acc\u00e8s facile. .<br \/> Caract\u00e9ristiques :<br \/> Capacit\u00e9 : 4400.<br \/> Dimensions : 155(H) x 585(L) x 155(P) mm.<br \/> Mati\u00e8re : Plastique haute r\u00e9sistance.<br \/> Couleur : Noir.<\/p>\n","protected":false},"excerpt":{"rendered":"<p>Bo\u00eete 5 compartiments d\u00f4me San Jamar<\/p>\n","protected":false},"featured_media":92729,"comment_status":"closed","ping_status":"closed","template":"","meta":[],"product_brand":[],"product_cat":[1107,1108,1297,1106],"product_tag":[],"class_list":{"0":"post-70603","1":"product","2":"type-product","3":"status-publish","4":"has-post-thumbnail","6":"product_cat-accessoires-de-bar","7":"product_cat-accessoires-de-bar-accessoires-de-bar","8":"product_cat-non-palettisable","9":"product_cat-restaurant-bar-et-hotel","10":"product_shipping_class-free-shipping","12":"first","13":"instock","14":"featured","15":"taxable","16":"shipping-taxable","17":"purchasable","18":"product-type-simple"},"_links":{"self":[{"href":"https:\/\/abinox-chr-clim.com\/index.php\/wp-json\/wp\/v2\/product\/70603","targetHints":{"allow":["GET"]}}],"collection":[{"href":"https:\/\/abinox-chr-clim.com\/index.php\/wp-json\/wp\/v2\/product"}],"about":[{"href":"https:\/\/abinox-chr-clim.com\/index.php\/wp-json\/wp\/v2\/types\/product"}],"replies":[{"embeddable":true,"href":"https:\/\/abinox-chr-clim.com\/index.php\/wp-json\/wp\/v2\/comments?post=70603"}],"wp:featuredmedia":[{"embeddable":true,"href":"https:\/\/abinox-chr-clim.com\/index.php\/wp-json\/wp\/v2\/media\/92729"}],"wp:attachment":[{"href":"https:\/\/abinox-chr-clim.com\/index.php\/wp-json\/wp\/v2\/media?parent=70603"}],"wp:term":[{"taxonomy":"product_brand","embeddable":true,"href":"https:\/\/abinox-chr-clim.com\/index.php\/wp-json\/wp\/v2\/product_brand?post=70603"},{"taxonomy":"product_cat","embeddable":true,"href":"https:\/\/abinox-chr-clim.com\/index.php\/wp-json\/wp\/v2\/product_cat?post=70603"},{"taxonomy":"product_tag","embeddable":true,"href":"https:\/\/abinox-chr-clim.com\/index.php\/wp-json\/wp\/v2\/product_tag?post=70603"}],"curies":[{"name":"wp","href":"https:\/\/api.w.org\/{rel}","templated":true}]}}