{"id":70596,"date":"2024-03-22T19:36:05","date_gmt":"2024-03-22T18:36:05","guid":{"rendered":"https:\/\/abinox-chr-clim.com\/index.php\/product\/boite-a-compartiments-noire\/"},"modified":"2026-04-24T08:53:06","modified_gmt":"2026-04-24T06:53:06","slug":"boite-a-compartiments-noire","status":"publish","type":"product","link":"https:\/\/abinox-chr-clim.com\/index.php\/product\/boite-a-compartiments-noire\/","title":{"rendered":"Bo\u00eete \u00e0 compartiments noire"},"content":{"rendered":"<p>Combine garnitures et pr\u00e9sentoir de serviettes, agitateurs, etc. Mat\u00e9riau plastique pour une non contamination des ingr\u00e9dients garantie. Couvercle en plastique transparent. Serviettes 2 plis pli\u00e9es en 4 vendues s\u00e9par\u00e9ment.<br \/>Pour serviettes en papier et condiments. La mati\u00e8re plastique est facile \u00e0 nettoyer et emp\u00eache ainsi toute contamination entre les aliments.Couvercle en plastique transparent. Pour serviettes en papier et condiments. .<br \/> Caract\u00e9ristiques :<br \/> Dimensions : 95(H) x 605(L) x 155(P) mm.<br \/> Mati\u00e8re : Plastique.<br \/> Couleur : Noir.<\/p>\n","protected":false},"excerpt":{"rendered":"<p>Bo\u00eete \u00e0 compartiments noire<\/p>\n","protected":false},"featured_media":87990,"comment_status":"closed","ping_status":"closed","template":"","meta":[],"product_brand":[],"product_cat":[1107,1108,1297,1106],"product_tag":[],"class_list":{"0":"post-70596","1":"product","2":"type-product","3":"status-publish","4":"has-post-thumbnail","6":"product_cat-accessoires-de-bar","7":"product_cat-accessoires-de-bar-accessoires-de-bar","8":"product_cat-non-palettisable","9":"product_cat-restaurant-bar-et-hotel","10":"product_shipping_class-free-shipping","12":"first","13":"instock","14":"featured","15":"taxable","16":"shipping-taxable","17":"purchasable","18":"product-type-simple"},"_links":{"self":[{"href":"https:\/\/abinox-chr-clim.com\/index.php\/wp-json\/wp\/v2\/product\/70596","targetHints":{"allow":["GET"]}}],"collection":[{"href":"https:\/\/abinox-chr-clim.com\/index.php\/wp-json\/wp\/v2\/product"}],"about":[{"href":"https:\/\/abinox-chr-clim.com\/index.php\/wp-json\/wp\/v2\/types\/product"}],"replies":[{"embeddable":true,"href":"https:\/\/abinox-chr-clim.com\/index.php\/wp-json\/wp\/v2\/comments?post=70596"}],"wp:featuredmedia":[{"embeddable":true,"href":"https:\/\/abinox-chr-clim.com\/index.php\/wp-json\/wp\/v2\/media\/87990"}],"wp:attachment":[{"href":"https:\/\/abinox-chr-clim.com\/index.php\/wp-json\/wp\/v2\/media?parent=70596"}],"wp:term":[{"taxonomy":"product_brand","embeddable":true,"href":"https:\/\/abinox-chr-clim.com\/index.php\/wp-json\/wp\/v2\/product_brand?post=70596"},{"taxonomy":"product_cat","embeddable":true,"href":"https:\/\/abinox-chr-clim.com\/index.php\/wp-json\/wp\/v2\/product_cat?post=70596"},{"taxonomy":"product_tag","embeddable":true,"href":"https:\/\/abinox-chr-clim.com\/index.php\/wp-json\/wp\/v2\/product_tag?post=70596"}],"curies":[{"name":"wp","href":"https:\/\/api.w.org\/{rel}","templated":true}]}}