{"id":70592,"date":"2024-03-22T19:36:01","date_gmt":"2024-03-22T18:36:01","guid":{"rendered":"https:\/\/abinox-chr-clim.com\/index.php\/product\/boite-de-transport-pour-verres-a-pied-beaumont-500x345x200mm-lot-de-5\/"},"modified":"2025-06-17T11:33:32","modified_gmt":"2025-06-17T09:33:32","slug":"boite-de-transport-pour-verres-a-pied-beaumont-500x345x200mm-lot-de-5","status":"publish","type":"product","link":"https:\/\/abinox-chr-clim.com\/index.php\/product\/boite-de-transport-pour-verres-a-pied-beaumont-500x345x200mm-lot-de-5\/","title":{"rendered":"Bo\u00eete de transport pour verres \u00e0 pied Beaumont 500x345x200mm (lot de 5)"},"content":{"rendered":"<p>Pour stocker et transporter les verres en toute s\u00e9curit\u00e9. Empilable &#8211; facile \u00e0 stocker et \u00e0 transporter en toute s\u00e9curit\u00e9. Taille de chaque compartiment int\u00e9rieur\u00a0: 79&#215;83 mm &#8211; convient aux verres hauts ou \u00e0 pied. Comprend des poign\u00e9es et des inserts. Pour stocker et transporter les verres en toute s\u00e9curit\u00e9.<\/p>\n<p>Caract\u00e9ristiques :<br \/>Lot : 5.<br \/> Mati\u00e8re : Plastique<\/p>\n","protected":false},"excerpt":{"rendered":"<p>Bo\u00eete de transport pour verres \u00e0 pied Beaumont 500x345x200mm (lot de 5)<\/p>\n","protected":false},"featured_media":88531,"comment_status":"closed","ping_status":"closed","template":"","meta":[],"product_brand":[],"product_cat":[1107,1108,1297,1106],"product_tag":[],"class_list":{"0":"post-70592","1":"product","2":"type-product","3":"status-publish","4":"has-post-thumbnail","6":"product_cat-accessoires-de-bar","7":"product_cat-accessoires-de-bar-accessoires-de-bar","8":"product_cat-non-palettisable","9":"product_cat-restaurant-bar-et-hotel","10":"product_shipping_class-free-shipping","12":"first","13":"outofstock","14":"featured","15":"taxable","16":"shipping-taxable","17":"purchasable","18":"product-type-simple"},"_links":{"self":[{"href":"https:\/\/abinox-chr-clim.com\/index.php\/wp-json\/wp\/v2\/product\/70592","targetHints":{"allow":["GET"]}}],"collection":[{"href":"https:\/\/abinox-chr-clim.com\/index.php\/wp-json\/wp\/v2\/product"}],"about":[{"href":"https:\/\/abinox-chr-clim.com\/index.php\/wp-json\/wp\/v2\/types\/product"}],"replies":[{"embeddable":true,"href":"https:\/\/abinox-chr-clim.com\/index.php\/wp-json\/wp\/v2\/comments?post=70592"}],"wp:featuredmedia":[{"embeddable":true,"href":"https:\/\/abinox-chr-clim.com\/index.php\/wp-json\/wp\/v2\/media\/88531"}],"wp:attachment":[{"href":"https:\/\/abinox-chr-clim.com\/index.php\/wp-json\/wp\/v2\/media?parent=70592"}],"wp:term":[{"taxonomy":"product_brand","embeddable":true,"href":"https:\/\/abinox-chr-clim.com\/index.php\/wp-json\/wp\/v2\/product_brand?post=70592"},{"taxonomy":"product_cat","embeddable":true,"href":"https:\/\/abinox-chr-clim.com\/index.php\/wp-json\/wp\/v2\/product_cat?post=70592"},{"taxonomy":"product_tag","embeddable":true,"href":"https:\/\/abinox-chr-clim.com\/index.php\/wp-json\/wp\/v2\/product_tag?post=70592"}],"curies":[{"name":"wp","href":"https:\/\/api.w.org\/{rel}","templated":true}]}}