{"id":70591,"date":"2024-03-22T19:36:00","date_gmt":"2024-03-22T18:36:00","guid":{"rendered":"https:\/\/abinox-chr-clim.com\/index.php\/product\/boite-ingredients-en-plastique-noir-beaumont-4-bacs\/"},"modified":"2025-06-30T11:45:10","modified_gmt":"2025-06-30T09:45:10","slug":"boite-ingredients-en-plastique-noir-beaumont-4-bacs","status":"publish","type":"product","link":"https:\/\/abinox-chr-clim.com\/index.php\/product\/boite-ingredients-en-plastique-noir-beaumont-4-bacs\/","title":{"rendered":"Bo\u00eete ingr\u00e9dients en plastique noir Beaumont 4 bacs"},"content":{"rendered":"<p>Permet de faire le plein pour plus d&rsquo;efficacit\u00e9. Les compartiments de 568ml vous aident \u00e0 rester approvisionn\u00e9. Couvercle transparent pour identifier le contenu. Compartiments amovibles pour un nettoyage facile. L\u00e9ger pour le transport.  Permet de faire le plein pour plus d&rsquo;efficacit\u00e9.<\/p>\n<p>Caract\u00e9ristiques :<br \/> Dimensions : 93(H) x 155(L) x 361(P) mm.<br \/> Mati\u00e8re : Plastique.<br \/> Couleur : Noir.<\/p>\n","protected":false},"excerpt":{"rendered":"<p>Bo\u00eete ingr\u00e9dients en plastique noir Beaumont 4 bacs<\/p>\n","protected":false},"featured_media":88532,"comment_status":"closed","ping_status":"closed","template":"","meta":[],"product_brand":[],"product_cat":[1107,1108,1297,1106],"product_tag":[],"class_list":{"0":"post-70591","1":"product","2":"type-product","3":"status-publish","4":"has-post-thumbnail","6":"product_cat-accessoires-de-bar","7":"product_cat-accessoires-de-bar-accessoires-de-bar","8":"product_cat-non-palettisable","9":"product_cat-restaurant-bar-et-hotel","10":"product_shipping_class-free-shipping","12":"first","13":"outofstock","14":"featured","15":"taxable","16":"shipping-taxable","17":"purchasable","18":"product-type-simple"},"_links":{"self":[{"href":"https:\/\/abinox-chr-clim.com\/index.php\/wp-json\/wp\/v2\/product\/70591","targetHints":{"allow":["GET"]}}],"collection":[{"href":"https:\/\/abinox-chr-clim.com\/index.php\/wp-json\/wp\/v2\/product"}],"about":[{"href":"https:\/\/abinox-chr-clim.com\/index.php\/wp-json\/wp\/v2\/types\/product"}],"replies":[{"embeddable":true,"href":"https:\/\/abinox-chr-clim.com\/index.php\/wp-json\/wp\/v2\/comments?post=70591"}],"wp:featuredmedia":[{"embeddable":true,"href":"https:\/\/abinox-chr-clim.com\/index.php\/wp-json\/wp\/v2\/media\/88532"}],"wp:attachment":[{"href":"https:\/\/abinox-chr-clim.com\/index.php\/wp-json\/wp\/v2\/media?parent=70591"}],"wp:term":[{"taxonomy":"product_brand","embeddable":true,"href":"https:\/\/abinox-chr-clim.com\/index.php\/wp-json\/wp\/v2\/product_brand?post=70591"},{"taxonomy":"product_cat","embeddable":true,"href":"https:\/\/abinox-chr-clim.com\/index.php\/wp-json\/wp\/v2\/product_cat?post=70591"},{"taxonomy":"product_tag","embeddable":true,"href":"https:\/\/abinox-chr-clim.com\/index.php\/wp-json\/wp\/v2\/product_tag?post=70591"}],"curies":[{"name":"wp","href":"https:\/\/api.w.org\/{rel}","templated":true}]}}