{"id":70590,"date":"2024-03-22T19:36:00","date_gmt":"2024-03-22T18:36:00","guid":{"rendered":"https:\/\/abinox-chr-clim.com\/index.php\/product\/tamis-de-bar-conique-maille-fine-beaumont\/"},"modified":"2026-04-11T10:11:12","modified_gmt":"2026-04-11T08:11:12","slug":"tamis-de-bar-conique-maille-fine-beaumont","status":"publish","type":"product","link":"https:\/\/abinox-chr-clim.com\/index.php\/product\/tamis-de-bar-conique-maille-fine-beaumont\/","title":{"rendered":"Tamis de bar conique maille fine Beaumont"},"content":{"rendered":"<p>Les tamis en maille ne laissent passer aucun morceau. Construction de qualit\u00e9 pour la durabilit\u00e9. Nettoyage facile. R\u00e9sultat parfait pour satisfaire les clients les plus exigeants. Les tamis en maille ne laissent passer aucun morceau.<\/p>\n<p>Caract\u00e9ristiques :<br \/> Dimensions : 47(H) x 79(L) x 229(P) mm.<br \/> Mati\u00e8re : Inox<\/p>\n","protected":false},"excerpt":{"rendered":"<p>Tamis de bar conique maille fine Beaumont<\/p>\n","protected":false},"featured_media":88533,"comment_status":"closed","ping_status":"closed","template":"","meta":[],"product_brand":[],"product_cat":[1107,1108,1297,1106],"product_tag":[],"class_list":{"0":"post-70590","1":"product","2":"type-product","3":"status-publish","4":"has-post-thumbnail","6":"product_cat-accessoires-de-bar","7":"product_cat-accessoires-de-bar-accessoires-de-bar","8":"product_cat-non-palettisable","9":"product_cat-restaurant-bar-et-hotel","10":"product_shipping_class-free-shipping","12":"first","13":"instock","14":"featured","15":"taxable","16":"shipping-taxable","17":"purchasable","18":"product-type-simple"},"_links":{"self":[{"href":"https:\/\/abinox-chr-clim.com\/index.php\/wp-json\/wp\/v2\/product\/70590","targetHints":{"allow":["GET"]}}],"collection":[{"href":"https:\/\/abinox-chr-clim.com\/index.php\/wp-json\/wp\/v2\/product"}],"about":[{"href":"https:\/\/abinox-chr-clim.com\/index.php\/wp-json\/wp\/v2\/types\/product"}],"replies":[{"embeddable":true,"href":"https:\/\/abinox-chr-clim.com\/index.php\/wp-json\/wp\/v2\/comments?post=70590"}],"wp:featuredmedia":[{"embeddable":true,"href":"https:\/\/abinox-chr-clim.com\/index.php\/wp-json\/wp\/v2\/media\/88533"}],"wp:attachment":[{"href":"https:\/\/abinox-chr-clim.com\/index.php\/wp-json\/wp\/v2\/media?parent=70590"}],"wp:term":[{"taxonomy":"product_brand","embeddable":true,"href":"https:\/\/abinox-chr-clim.com\/index.php\/wp-json\/wp\/v2\/product_brand?post=70590"},{"taxonomy":"product_cat","embeddable":true,"href":"https:\/\/abinox-chr-clim.com\/index.php\/wp-json\/wp\/v2\/product_cat?post=70590"},{"taxonomy":"product_tag","embeddable":true,"href":"https:\/\/abinox-chr-clim.com\/index.php\/wp-json\/wp\/v2\/product_tag?post=70590"}],"curies":[{"name":"wp","href":"https:\/\/api.w.org\/{rel}","templated":true}]}}