{"id":70585,"date":"2024-03-22T19:35:58","date_gmt":"2024-03-22T18:35:58","guid":{"rendered":"https:\/\/abinox-chr-clim.com\/index.php\/product\/seau-a-glace-rond-isotherme-beaumont-noir\/"},"modified":"2026-04-11T10:11:09","modified_gmt":"2026-04-11T08:11:09","slug":"seau-a-glace-rond-isotherme-beaumont-noir","status":"publish","type":"product","link":"https:\/\/abinox-chr-clim.com\/index.php\/product\/seau-a-glace-rond-isotherme-beaumont-noir\/","title":{"rendered":"Seau \u00e0 glace rond isotherme Beaumont noir"},"content":{"rendered":"<p>Capacit\u00e9 de 4,5 L sans le bac int\u00e9rieur et capacit\u00e9 de 2,5 L avec. L\u00e9ger pour un transport facile. Le design rond prend peu de place. Couvercle pour une isolation suppl\u00e9mentaire. Capacit\u00e9 de 4,5 L sans le bac int\u00e9rieur et capacit\u00e9 de 2,5 L avec.<\/p>\n<p>Caract\u00e9ristiques :<br \/> Dimensions : 197(H) x 190(L) x 190(P) mm.<br \/> Mati\u00e8re : Plastique.<br \/> Couleur : Noir.<\/p>\n","protected":false},"excerpt":{"rendered":"<p>Seau \u00e0 glace rond isotherme Beaumont noir<\/p>\n","protected":false},"featured_media":88548,"comment_status":"closed","ping_status":"closed","template":"","meta":[],"product_brand":[],"product_cat":[1107,1108,1297,1106],"product_tag":[],"class_list":{"0":"post-70585","1":"product","2":"type-product","3":"status-publish","4":"has-post-thumbnail","6":"product_cat-accessoires-de-bar","7":"product_cat-accessoires-de-bar-accessoires-de-bar","8":"product_cat-non-palettisable","9":"product_cat-restaurant-bar-et-hotel","10":"product_shipping_class-free-shipping","12":"first","13":"instock","14":"featured","15":"taxable","16":"shipping-taxable","17":"purchasable","18":"product-type-simple"},"_links":{"self":[{"href":"https:\/\/abinox-chr-clim.com\/index.php\/wp-json\/wp\/v2\/product\/70585","targetHints":{"allow":["GET"]}}],"collection":[{"href":"https:\/\/abinox-chr-clim.com\/index.php\/wp-json\/wp\/v2\/product"}],"about":[{"href":"https:\/\/abinox-chr-clim.com\/index.php\/wp-json\/wp\/v2\/types\/product"}],"replies":[{"embeddable":true,"href":"https:\/\/abinox-chr-clim.com\/index.php\/wp-json\/wp\/v2\/comments?post=70585"}],"wp:featuredmedia":[{"embeddable":true,"href":"https:\/\/abinox-chr-clim.com\/index.php\/wp-json\/wp\/v2\/media\/88548"}],"wp:attachment":[{"href":"https:\/\/abinox-chr-clim.com\/index.php\/wp-json\/wp\/v2\/media?parent=70585"}],"wp:term":[{"taxonomy":"product_brand","embeddable":true,"href":"https:\/\/abinox-chr-clim.com\/index.php\/wp-json\/wp\/v2\/product_brand?post=70585"},{"taxonomy":"product_cat","embeddable":true,"href":"https:\/\/abinox-chr-clim.com\/index.php\/wp-json\/wp\/v2\/product_cat?post=70585"},{"taxonomy":"product_tag","embeddable":true,"href":"https:\/\/abinox-chr-clim.com\/index.php\/wp-json\/wp\/v2\/product_tag?post=70585"}],"curies":[{"name":"wp","href":"https:\/\/api.w.org\/{rel}","templated":true}]}}