{"id":70583,"date":"2024-03-22T19:35:57","date_gmt":"2024-03-22T18:35:57","guid":{"rendered":"https:\/\/abinox-chr-clim.com\/index.php\/product\/decapsuleur-dessous-de-comptoir-avec-collecteur-beaumont\/"},"modified":"2025-06-30T11:44:49","modified_gmt":"2025-06-30T09:44:49","slug":"decapsuleur-dessous-de-comptoir-avec-collecteur-beaumont","status":"publish","type":"product","link":"https:\/\/abinox-chr-clim.com\/index.php\/product\/decapsuleur-dessous-de-comptoir-avec-collecteur-beaumont\/","title":{"rendered":"D\u00e9capsuleur dessous de comptoir avec collecteur Beaumont"},"content":{"rendered":"<p>Le d\u00e9capsuleur dessous de comptoir permet de collecter les capsules des bouteilles pour qu&rsquo;elles ne jonchent pas le sol. Passe au lave-vaisselle.<br \/>Ouvre rapidement les bouteilles de bi\u00e8re. Parfait pour les bars \u00e0 forte fr\u00e9quentation. Ne peut pas \u00eatre \u00e9gar\u00e9 comme un d\u00e9capsuleur ou un limonadier. Se fixe au bar. Le bac collecteur passe au lave-vaisselle.R\u00e9f\u00e9rence fournisseur : 3540. Ouvre rapidement les bouteilles de bi\u00e8re.<\/p>\n<p>Caract\u00e9ristiques :<br \/> Dimensions : 145(H) x 145(L) x 225(P) mm.<br \/> Mati\u00e8re : Plastique.<br \/> Couleur : Marron.<\/p>\n","protected":false},"excerpt":{"rendered":"<p>D\u00e9capsuleur dessous de comptoir avec collecteur Beaumont<\/p>\n","protected":false},"featured_media":102887,"comment_status":"closed","ping_status":"closed","template":"","meta":[],"product_brand":[],"product_cat":[1107,1108,1297,1106],"product_tag":[],"class_list":{"0":"post-70583","1":"product","2":"type-product","3":"status-publish","4":"has-post-thumbnail","6":"product_cat-accessoires-de-bar","7":"product_cat-accessoires-de-bar-accessoires-de-bar","8":"product_cat-non-palettisable","9":"product_cat-restaurant-bar-et-hotel","10":"product_shipping_class-free-shipping","12":"first","13":"outofstock","14":"featured","15":"taxable","16":"shipping-taxable","17":"purchasable","18":"product-type-simple"},"_links":{"self":[{"href":"https:\/\/abinox-chr-clim.com\/index.php\/wp-json\/wp\/v2\/product\/70583","targetHints":{"allow":["GET"]}}],"collection":[{"href":"https:\/\/abinox-chr-clim.com\/index.php\/wp-json\/wp\/v2\/product"}],"about":[{"href":"https:\/\/abinox-chr-clim.com\/index.php\/wp-json\/wp\/v2\/types\/product"}],"replies":[{"embeddable":true,"href":"https:\/\/abinox-chr-clim.com\/index.php\/wp-json\/wp\/v2\/comments?post=70583"}],"wp:featuredmedia":[{"embeddable":true,"href":"https:\/\/abinox-chr-clim.com\/index.php\/wp-json\/wp\/v2\/media\/102887"}],"wp:attachment":[{"href":"https:\/\/abinox-chr-clim.com\/index.php\/wp-json\/wp\/v2\/media?parent=70583"}],"wp:term":[{"taxonomy":"product_brand","embeddable":true,"href":"https:\/\/abinox-chr-clim.com\/index.php\/wp-json\/wp\/v2\/product_brand?post=70583"},{"taxonomy":"product_cat","embeddable":true,"href":"https:\/\/abinox-chr-clim.com\/index.php\/wp-json\/wp\/v2\/product_cat?post=70583"},{"taxonomy":"product_tag","embeddable":true,"href":"https:\/\/abinox-chr-clim.com\/index.php\/wp-json\/wp\/v2\/product_tag?post=70583"}],"curies":[{"name":"wp","href":"https:\/\/api.w.org\/{rel}","templated":true}]}}