{"id":70582,"date":"2024-03-22T19:35:57","date_gmt":"2024-03-22T18:35:57","guid":{"rendered":"https:\/\/abinox-chr-clim.com\/index.php\/product\/tapis-de-bar-en-caoutchouc-avec-cadre-en-acier-inoxydable-beaumont-600-x-100-mm\/"},"modified":"2026-04-11T09:58:48","modified_gmt":"2026-04-11T07:58:48","slug":"tapis-de-bar-en-caoutchouc-avec-cadre-en-acier-inoxydable-beaumont-600-x-100-mm","status":"publish","type":"product","link":"https:\/\/abinox-chr-clim.com\/index.php\/product\/tapis-de-bar-en-caoutchouc-avec-cadre-en-acier-inoxydable-beaumont-600-x-100-mm\/","title":{"rendered":"Tapis de bar en caoutchouc avec cadre en acier inoxydable Beaumont 600 x 100 mm"},"content":{"rendered":"<p>Retient la condensation et le trop plein des verres pour garder votre bar propre et sec. Bord en acier inoxydable pour un rendu haut de gamme.<br \/>Conf\u00e8re un aspect haut de gamme au bar. Retient la condensation et le trop-plein des verres. Aide \u00e0 garder le dessus du bar propre. Tapis en caoutchouc avec cadre en acier inoxydable. Laver \u00e0 l&rsquo;eau chaude savonneuse.Num\u00e9ro de mod\u00e8le du fournisseur : 3626. Conf\u00e8re un aspect haut de gamme au bar.<\/p>\n<p>Caract\u00e9ristiques :<br \/> Dimensions : 12(H) x 600(L) x 100(P) mm.<br \/> Mati\u00e8re : Acier inoxydable.<br \/> Couleur : Argent.<\/p>\n","protected":false},"excerpt":{"rendered":"<p>Tapis de bar en caoutchouc avec cadre en acier inoxydable Beaumont 600 x 100 mm<\/p>\n","protected":false},"featured_media":102691,"comment_status":"closed","ping_status":"closed","template":"","meta":[],"product_brand":[],"product_cat":[1107,1108,1297,1106],"product_tag":[],"class_list":{"0":"post-70582","1":"product","2":"type-product","3":"status-publish","4":"has-post-thumbnail","6":"product_cat-accessoires-de-bar","7":"product_cat-accessoires-de-bar-accessoires-de-bar","8":"product_cat-non-palettisable","9":"product_cat-restaurant-bar-et-hotel","10":"product_shipping_class-free-shipping","12":"first","13":"instock","14":"featured","15":"taxable","16":"shipping-taxable","17":"purchasable","18":"product-type-simple"},"_links":{"self":[{"href":"https:\/\/abinox-chr-clim.com\/index.php\/wp-json\/wp\/v2\/product\/70582","targetHints":{"allow":["GET"]}}],"collection":[{"href":"https:\/\/abinox-chr-clim.com\/index.php\/wp-json\/wp\/v2\/product"}],"about":[{"href":"https:\/\/abinox-chr-clim.com\/index.php\/wp-json\/wp\/v2\/types\/product"}],"replies":[{"embeddable":true,"href":"https:\/\/abinox-chr-clim.com\/index.php\/wp-json\/wp\/v2\/comments?post=70582"}],"wp:featuredmedia":[{"embeddable":true,"href":"https:\/\/abinox-chr-clim.com\/index.php\/wp-json\/wp\/v2\/media\/102691"}],"wp:attachment":[{"href":"https:\/\/abinox-chr-clim.com\/index.php\/wp-json\/wp\/v2\/media?parent=70582"}],"wp:term":[{"taxonomy":"product_brand","embeddable":true,"href":"https:\/\/abinox-chr-clim.com\/index.php\/wp-json\/wp\/v2\/product_brand?post=70582"},{"taxonomy":"product_cat","embeddable":true,"href":"https:\/\/abinox-chr-clim.com\/index.php\/wp-json\/wp\/v2\/product_cat?post=70582"},{"taxonomy":"product_tag","embeddable":true,"href":"https:\/\/abinox-chr-clim.com\/index.php\/wp-json\/wp\/v2\/product_tag?post=70582"}],"curies":[{"name":"wp","href":"https:\/\/api.w.org\/{rel}","templated":true}]}}