{"id":70579,"date":"2024-03-22T19:35:56","date_gmt":"2024-03-22T18:35:56","guid":{"rendered":"https:\/\/abinox-chr-clim.com\/index.php\/product\/becs-verseurs-en-laiton-td105-30-tom-dyer-lot-de-12\/"},"modified":"2026-04-11T09:26:58","modified_gmt":"2026-04-11T07:26:58","slug":"becs-verseurs-en-laiton-td105-30-tom-dyer-lot-de-12","status":"publish","type":"product","link":"https:\/\/abinox-chr-clim.com\/index.php\/product\/becs-verseurs-en-laiton-td105-30-tom-dyer-lot-de-12\/","title":{"rendered":"Becs verseurs en laiton TD105-30 Tom Dyer (lot de 12)"},"content":{"rendered":"<p>Bec verseur \u00e0 d\u00e9bit moyen en laiton chrom\u00e9 pour une plus grande durabilit\u00e9.<br \/>D\u00e9bit moyen. Anti-goutte. Ecoulement r\u00e9gulier. S&rsquo;adapte \u00e0 une large vari\u00e9t\u00e9 de bouteilles. Laiton chrom\u00e9. Ne convient pas pour une utilisation avec du vinaigre.Num\u00e9ro de mod\u00e8le du fournisseur: 3515TD. D\u00e9bit moyen.<\/p>\n<p>Caract\u00e9ristiques :<br \/>Lot : 12.<br \/> Dimensions : 160(H) x 30(L) x 155(P) mm.<br \/> Mati\u00e8re : Laiton chrom\u00e9.<br \/> Couleur : Noir et argent.<\/p>\n","protected":false},"excerpt":{"rendered":"<p>Becs verseurs en laiton TD105-30 Tom Dyer (lot de 12)<\/p>\n","protected":false},"featured_media":84184,"comment_status":"closed","ping_status":"closed","template":"","meta":[],"product_brand":[],"product_cat":[1107,1108,1297,1106],"product_tag":[],"class_list":{"0":"post-70579","1":"product","2":"type-product","3":"status-publish","4":"has-post-thumbnail","6":"product_cat-accessoires-de-bar","7":"product_cat-accessoires-de-bar-accessoires-de-bar","8":"product_cat-non-palettisable","9":"product_cat-restaurant-bar-et-hotel","10":"product_shipping_class-free-shipping","12":"first","13":"instock","14":"featured","15":"taxable","16":"shipping-taxable","17":"purchasable","18":"product-type-simple"},"_links":{"self":[{"href":"https:\/\/abinox-chr-clim.com\/index.php\/wp-json\/wp\/v2\/product\/70579","targetHints":{"allow":["GET"]}}],"collection":[{"href":"https:\/\/abinox-chr-clim.com\/index.php\/wp-json\/wp\/v2\/product"}],"about":[{"href":"https:\/\/abinox-chr-clim.com\/index.php\/wp-json\/wp\/v2\/types\/product"}],"replies":[{"embeddable":true,"href":"https:\/\/abinox-chr-clim.com\/index.php\/wp-json\/wp\/v2\/comments?post=70579"}],"wp:featuredmedia":[{"embeddable":true,"href":"https:\/\/abinox-chr-clim.com\/index.php\/wp-json\/wp\/v2\/media\/84184"}],"wp:attachment":[{"href":"https:\/\/abinox-chr-clim.com\/index.php\/wp-json\/wp\/v2\/media?parent=70579"}],"wp:term":[{"taxonomy":"product_brand","embeddable":true,"href":"https:\/\/abinox-chr-clim.com\/index.php\/wp-json\/wp\/v2\/product_brand?post=70579"},{"taxonomy":"product_cat","embeddable":true,"href":"https:\/\/abinox-chr-clim.com\/index.php\/wp-json\/wp\/v2\/product_cat?post=70579"},{"taxonomy":"product_tag","embeddable":true,"href":"https:\/\/abinox-chr-clim.com\/index.php\/wp-json\/wp\/v2\/product_tag?post=70579"}],"curies":[{"name":"wp","href":"https:\/\/api.w.org\/{rel}","templated":true}]}}