{"id":70576,"date":"2024-03-22T19:35:55","date_gmt":"2024-03-22T18:35:55","guid":{"rendered":"https:\/\/abinox-chr-clim.com\/index.php\/product\/support-pour-verres-a-pied-olympia-610mm\/"},"modified":"2026-04-11T08:30:35","modified_gmt":"2026-04-11T06:30:35","slug":"support-pour-verres-a-pied-olympia-610mm","status":"publish","type":"product","link":"https:\/\/abinox-chr-clim.com\/index.php\/product\/support-pour-verres-a-pied-olympia-610mm\/","title":{"rendered":"Support pour verres \u00e0 pied Olympia 610mm"},"content":{"rendered":"<p>Supports en acier inoxydable pour un rangement pratique et en toute s\u00e9curit\u00e9 des verres \u00e0 pied. Possibilit\u00e9 de les installer au plafond, dans les corniches des bars ou sous le comptoir.<br \/>Coloris chrome \u00e9l\u00e9gant. La conception compacte vous permet d&rsquo;\u00e9conomiser un espace de stockage important. Placement individuel pour garder la verrerie \u00e0 port\u00e9e de main. Installation simple et rapide \u00e0 l&rsquo;arri\u00e8re de votre bar. Construction robuste pour une utilisation durable. Convient aux verres \u00e0 pied avec un diam\u00e8tre du pied de 70mm maximum.  Coloris chrome \u00e9l\u00e9gant.<\/p>\n<p>Caract\u00e9ristiques :<br \/> Dimensions : 68(H) x 610(L) x 105(P) mm.<br \/> Mati\u00e8re : Fer.<br \/> Couleur : Argent.<\/p>\n","protected":false},"excerpt":{"rendered":"<p>Support pour verres \u00e0 pied Olympia 610mm<\/p>\n","protected":false},"featured_media":82242,"comment_status":"closed","ping_status":"closed","template":"","meta":[],"product_brand":[],"product_cat":[1107,1108,1297,1106],"product_tag":[],"class_list":{"0":"post-70576","1":"product","2":"type-product","3":"status-publish","4":"has-post-thumbnail","6":"product_cat-accessoires-de-bar","7":"product_cat-accessoires-de-bar-accessoires-de-bar","8":"product_cat-non-palettisable","9":"product_cat-restaurant-bar-et-hotel","10":"product_shipping_class-free-shipping","12":"first","13":"instock","14":"featured","15":"taxable","16":"shipping-taxable","17":"purchasable","18":"product-type-simple"},"_links":{"self":[{"href":"https:\/\/abinox-chr-clim.com\/index.php\/wp-json\/wp\/v2\/product\/70576","targetHints":{"allow":["GET"]}}],"collection":[{"href":"https:\/\/abinox-chr-clim.com\/index.php\/wp-json\/wp\/v2\/product"}],"about":[{"href":"https:\/\/abinox-chr-clim.com\/index.php\/wp-json\/wp\/v2\/types\/product"}],"replies":[{"embeddable":true,"href":"https:\/\/abinox-chr-clim.com\/index.php\/wp-json\/wp\/v2\/comments?post=70576"}],"wp:featuredmedia":[{"embeddable":true,"href":"https:\/\/abinox-chr-clim.com\/index.php\/wp-json\/wp\/v2\/media\/82242"}],"wp:attachment":[{"href":"https:\/\/abinox-chr-clim.com\/index.php\/wp-json\/wp\/v2\/media?parent=70576"}],"wp:term":[{"taxonomy":"product_brand","embeddable":true,"href":"https:\/\/abinox-chr-clim.com\/index.php\/wp-json\/wp\/v2\/product_brand?post=70576"},{"taxonomy":"product_cat","embeddable":true,"href":"https:\/\/abinox-chr-clim.com\/index.php\/wp-json\/wp\/v2\/product_cat?post=70576"},{"taxonomy":"product_tag","embeddable":true,"href":"https:\/\/abinox-chr-clim.com\/index.php\/wp-json\/wp\/v2\/product_tag?post=70576"}],"curies":[{"name":"wp","href":"https:\/\/api.w.org\/{rel}","templated":true}]}}