{"id":70573,"date":"2024-03-22T19:35:54","date_gmt":"2024-03-22T18:35:54","guid":{"rendered":"https:\/\/abinox-chr-clim.com\/index.php\/product\/planche-a-decouper-en-basse-densite-hygiplas\/"},"modified":"2026-04-11T08:28:59","modified_gmt":"2026-04-11T06:28:59","slug":"planche-a-decouper-en-basse-densite-hygiplas","status":"publish","type":"product","link":"https:\/\/abinox-chr-clim.com\/index.php\/product\/planche-a-decouper-en-basse-densite-hygiplas\/","title":{"rendered":"Planche \u00e0 d\u00e9couper en basse densit\u00e9 Hygiplas"},"content":{"rendered":"<p>Planche \u00e0 d\u00e9couper de bar pratique de 6mm d&rsquo;\u00e9paisseur pour la pr\u00e9paration des garnitures. En poly\u00e9thyl\u00e8ne basse densit\u00e9.<br \/>Design peu encombrant &#8211; id\u00e9al pour l&rsquo;arri\u00e8re-boutique. Non-absorbant &#8211; moins susceptible de se d\u00e9colorer et de retenir les ar\u00f4mes. Poign\u00e9e de transport pratique &#8211; facile \u00e0 ranger et \u00e0 transporter. Facile \u00e0 nettoyer &#8211; va au lave-vaisselle. Design peu encombrant &#8211; id\u00e9al pour l&rsquo;arri\u00e8re-boutique.<\/p>\n<p>Caract\u00e9ristiques :<br \/> Dimensions : 6(H) x 250(L) x 150(P) mm.<br \/> Mati\u00e8re : Polypropyl\u00e8ne.<br \/> Couleur : Blanc.<\/p>\n","protected":false},"excerpt":{"rendered":"<p>Planche \u00e0 d\u00e9couper en basse densit\u00e9 Hygiplas<\/p>\n","protected":false},"featured_media":81532,"comment_status":"closed","ping_status":"closed","template":"","meta":[],"product_brand":[],"product_cat":[1107,1108,1297,1106],"product_tag":[],"class_list":{"0":"post-70573","1":"product","2":"type-product","3":"status-publish","4":"has-post-thumbnail","6":"product_cat-accessoires-de-bar","7":"product_cat-accessoires-de-bar-accessoires-de-bar","8":"product_cat-non-palettisable","9":"product_cat-restaurant-bar-et-hotel","10":"product_shipping_class-free-shipping","12":"first","13":"instock","14":"featured","15":"taxable","16":"shipping-taxable","17":"purchasable","18":"product-type-simple"},"_links":{"self":[{"href":"https:\/\/abinox-chr-clim.com\/index.php\/wp-json\/wp\/v2\/product\/70573","targetHints":{"allow":["GET"]}}],"collection":[{"href":"https:\/\/abinox-chr-clim.com\/index.php\/wp-json\/wp\/v2\/product"}],"about":[{"href":"https:\/\/abinox-chr-clim.com\/index.php\/wp-json\/wp\/v2\/types\/product"}],"replies":[{"embeddable":true,"href":"https:\/\/abinox-chr-clim.com\/index.php\/wp-json\/wp\/v2\/comments?post=70573"}],"wp:featuredmedia":[{"embeddable":true,"href":"https:\/\/abinox-chr-clim.com\/index.php\/wp-json\/wp\/v2\/media\/81532"}],"wp:attachment":[{"href":"https:\/\/abinox-chr-clim.com\/index.php\/wp-json\/wp\/v2\/media?parent=70573"}],"wp:term":[{"taxonomy":"product_brand","embeddable":true,"href":"https:\/\/abinox-chr-clim.com\/index.php\/wp-json\/wp\/v2\/product_brand?post=70573"},{"taxonomy":"product_cat","embeddable":true,"href":"https:\/\/abinox-chr-clim.com\/index.php\/wp-json\/wp\/v2\/product_cat?post=70573"},{"taxonomy":"product_tag","embeddable":true,"href":"https:\/\/abinox-chr-clim.com\/index.php\/wp-json\/wp\/v2\/product_tag?post=70573"}],"curies":[{"name":"wp","href":"https:\/\/api.w.org\/{rel}","templated":true}]}}