{"id":70568,"date":"2024-03-22T19:35:52","date_gmt":"2024-03-22T18:35:52","guid":{"rendered":"https:\/\/abinox-chr-clim.com\/index.php\/product\/tapis-de-bar-olympia-caoutchouc-678-x-81mm\/"},"modified":"2026-04-11T08:23:06","modified_gmt":"2026-04-11T06:23:06","slug":"tapis-de-bar-olympia-caoutchouc-678-x-81mm","status":"publish","type":"product","link":"https:\/\/abinox-chr-clim.com\/index.php\/product\/tapis-de-bar-olympia-caoutchouc-678-x-81mm\/","title":{"rendered":"Tapis de bar Olympia caoutchouc 678 x 81mm"},"content":{"rendered":"<p>Tapis en caoutchouc noirs antid\u00e9rapants pour \u00e9goutter les verres. Avec picots. Laver \u00e0 l&rsquo;eau chaude savonneuse.<br \/>Les petites pointes en caoutchouc recueillent les \u00e9claboussures pendant que le personnel sert les boissons. Mat\u00e9riau en caoutchouc pour une durabilit\u00e9 accrue. La couleur noire s&rsquo;int\u00e8gre parfaitement \u00e0 tout d\u00e9cor. Mat\u00e9riau antid\u00e9rapant, pour \u00e9viter les d\u00e9versements et les d\u00e9g\u00e2ts. Facilement lavable \u00e0 l&rsquo;eau chaude et au savon, pour un nettoyage rapide. La forme rectangulaire est parfaite pour les longs bars.  Les petites pointes en caoutchouc recueillent les \u00e9claboussures pendant que le personnel sert les boissons.<\/p>\n<p>Caract\u00e9ristiques :<br \/> Dimensions : 678(L) x 80(P) mm.<br \/> Mati\u00e8re : Caoutchouc.<br \/> Couleur : Noir.<\/p>\n","protected":false},"excerpt":{"rendered":"<p>Tapis de bar Olympia caoutchouc 678 x 81mm<\/p>\n","protected":false},"featured_media":78803,"comment_status":"closed","ping_status":"closed","template":"","meta":[],"product_brand":[],"product_cat":[1107,1108,1297,1106],"product_tag":[],"class_list":{"0":"post-70568","1":"product","2":"type-product","3":"status-publish","4":"has-post-thumbnail","6":"product_cat-accessoires-de-bar","7":"product_cat-accessoires-de-bar-accessoires-de-bar","8":"product_cat-non-palettisable","9":"product_cat-restaurant-bar-et-hotel","10":"product_shipping_class-free-shipping","12":"first","13":"instock","14":"featured","15":"taxable","16":"shipping-taxable","17":"purchasable","18":"product-type-simple"},"_links":{"self":[{"href":"https:\/\/abinox-chr-clim.com\/index.php\/wp-json\/wp\/v2\/product\/70568","targetHints":{"allow":["GET"]}}],"collection":[{"href":"https:\/\/abinox-chr-clim.com\/index.php\/wp-json\/wp\/v2\/product"}],"about":[{"href":"https:\/\/abinox-chr-clim.com\/index.php\/wp-json\/wp\/v2\/types\/product"}],"replies":[{"embeddable":true,"href":"https:\/\/abinox-chr-clim.com\/index.php\/wp-json\/wp\/v2\/comments?post=70568"}],"wp:featuredmedia":[{"embeddable":true,"href":"https:\/\/abinox-chr-clim.com\/index.php\/wp-json\/wp\/v2\/media\/78803"}],"wp:attachment":[{"href":"https:\/\/abinox-chr-clim.com\/index.php\/wp-json\/wp\/v2\/media?parent=70568"}],"wp:term":[{"taxonomy":"product_brand","embeddable":true,"href":"https:\/\/abinox-chr-clim.com\/index.php\/wp-json\/wp\/v2\/product_brand?post=70568"},{"taxonomy":"product_cat","embeddable":true,"href":"https:\/\/abinox-chr-clim.com\/index.php\/wp-json\/wp\/v2\/product_cat?post=70568"},{"taxonomy":"product_tag","embeddable":true,"href":"https:\/\/abinox-chr-clim.com\/index.php\/wp-json\/wp\/v2\/product_tag?post=70568"}],"curies":[{"name":"wp","href":"https:\/\/api.w.org\/{rel}","templated":true}]}}