{"id":70566,"date":"2024-03-22T19:35:52","date_gmt":"2024-03-22T18:35:52","guid":{"rendered":"https:\/\/abinox-chr-clim.com\/index.php\/product\/mesure-de-spiritueux-25ml\/"},"modified":"2025-09-17T08:25:56","modified_gmt":"2025-09-17T06:25:56","slug":"mesure-de-spiritueux-25ml","status":"publish","type":"product","link":"https:\/\/abinox-chr-clim.com\/index.php\/product\/mesure-de-spiritueux-25ml\/","title":{"rendered":"Mesure de spiritueux 25ml"},"content":{"rendered":"<p>A utiliser avec les mesures de bar. Sans marque CE.<br \/>Le bouchon verseur de 25 ml garantit des portions r\u00e9guli\u00e8res et un service rentable.Le design minimaliste rend le bec verseur id\u00e9al pour tout type de bar. Num\u00e9ro de mod\u00e8le du fournisseur : 3055. La conception en plastique ajoute \u00e0 la durabilit\u00e9 et permet un nettoyage facile. S&rsquo;adapte \u00e0 la plupart des bouteilles de liqueur pour des portions polyvalentes. La conception mince et sans col am\u00e9liore la vitesse et la pr\u00e9cision du versement.Le bouchon verseur de 25 ml garantit des portions r\u00e9guli\u00e8res et un service rentable.<\/p>\n<p>Caract\u00e9ristiques :<br \/> Capacit\u00e9 : 2,5 cl.<br \/> Mati\u00e8re : Plastique.<br \/> Couleur : Transparent.<\/p>\n","protected":false},"excerpt":{"rendered":"<p>Mesure de spiritueux 25ml<\/p>\n","protected":false},"featured_media":78787,"comment_status":"closed","ping_status":"closed","template":"","meta":[],"product_brand":[],"product_cat":[1107,1108,1297,1106],"product_tag":[],"class_list":{"0":"post-70566","1":"product","2":"type-product","3":"status-publish","4":"has-post-thumbnail","6":"product_cat-accessoires-de-bar","7":"product_cat-accessoires-de-bar-accessoires-de-bar","8":"product_cat-non-palettisable","9":"product_cat-restaurant-bar-et-hotel","10":"product_shipping_class-free-shipping","12":"first","13":"outofstock","14":"featured","15":"taxable","16":"shipping-taxable","17":"purchasable","18":"product-type-simple"},"_links":{"self":[{"href":"https:\/\/abinox-chr-clim.com\/index.php\/wp-json\/wp\/v2\/product\/70566","targetHints":{"allow":["GET"]}}],"collection":[{"href":"https:\/\/abinox-chr-clim.com\/index.php\/wp-json\/wp\/v2\/product"}],"about":[{"href":"https:\/\/abinox-chr-clim.com\/index.php\/wp-json\/wp\/v2\/types\/product"}],"replies":[{"embeddable":true,"href":"https:\/\/abinox-chr-clim.com\/index.php\/wp-json\/wp\/v2\/comments?post=70566"}],"wp:featuredmedia":[{"embeddable":true,"href":"https:\/\/abinox-chr-clim.com\/index.php\/wp-json\/wp\/v2\/media\/78787"}],"wp:attachment":[{"href":"https:\/\/abinox-chr-clim.com\/index.php\/wp-json\/wp\/v2\/media?parent=70566"}],"wp:term":[{"taxonomy":"product_brand","embeddable":true,"href":"https:\/\/abinox-chr-clim.com\/index.php\/wp-json\/wp\/v2\/product_brand?post=70566"},{"taxonomy":"product_cat","embeddable":true,"href":"https:\/\/abinox-chr-clim.com\/index.php\/wp-json\/wp\/v2\/product_cat?post=70566"},{"taxonomy":"product_tag","embeddable":true,"href":"https:\/\/abinox-chr-clim.com\/index.php\/wp-json\/wp\/v2\/product_tag?post=70566"}],"curies":[{"name":"wp","href":"https:\/\/api.w.org\/{rel}","templated":true}]}}