{"id":70565,"date":"2024-03-22T19:35:51","date_gmt":"2024-03-22T18:35:51","guid":{"rendered":"https:\/\/abinox-chr-clim.com\/index.php\/product\/bec-verseur-debit-rapide-olympia\/"},"modified":"2026-04-11T08:23:01","modified_gmt":"2026-04-11T06:23:01","slug":"bec-verseur-debit-rapide-olympia","status":"publish","type":"product","link":"https:\/\/abinox-chr-clim.com\/index.php\/product\/bec-verseur-debit-rapide-olympia\/","title":{"rendered":"Bec verseur d\u00e9bit rapide Olympia"},"content":{"rendered":"<p>Ecoulement moyen ou rapide. En m\u00e9tal chrom\u00e9 effil\u00e9. Bouchon fourni, rechanges vendues s\u00e9par\u00e9ment.<br \/>Verseur en m\u00e9tal chrom\u00e9. Bouchons de rechange en caoutchouc vendus s\u00e9par\u00e9ment &#8211; voir produit C164. Verseur en m\u00e9tal chrom\u00e9. .<br \/> Caract\u00e9ristiques :<br \/> Dimensions : 108(H) x 10(\u00d8) mm.<br \/> Mati\u00e8re : .<br \/> Couleur : Noir et argent.<\/p>\n","protected":false},"excerpt":{"rendered":"<p>Bec verseur d\u00e9bit rapide Olympia<\/p>\n","protected":false},"featured_media":78771,"comment_status":"closed","ping_status":"closed","template":"","meta":[],"product_brand":[],"product_cat":[1107,1108,1297,1106],"product_tag":[],"class_list":{"0":"post-70565","1":"product","2":"type-product","3":"status-publish","4":"has-post-thumbnail","6":"product_cat-accessoires-de-bar","7":"product_cat-accessoires-de-bar-accessoires-de-bar","8":"product_cat-non-palettisable","9":"product_cat-restaurant-bar-et-hotel","10":"product_shipping_class-free-shipping","12":"first","13":"instock","14":"featured","15":"taxable","16":"shipping-taxable","17":"purchasable","18":"product-type-simple"},"_links":{"self":[{"href":"https:\/\/abinox-chr-clim.com\/index.php\/wp-json\/wp\/v2\/product\/70565","targetHints":{"allow":["GET"]}}],"collection":[{"href":"https:\/\/abinox-chr-clim.com\/index.php\/wp-json\/wp\/v2\/product"}],"about":[{"href":"https:\/\/abinox-chr-clim.com\/index.php\/wp-json\/wp\/v2\/types\/product"}],"replies":[{"embeddable":true,"href":"https:\/\/abinox-chr-clim.com\/index.php\/wp-json\/wp\/v2\/comments?post=70565"}],"wp:featuredmedia":[{"embeddable":true,"href":"https:\/\/abinox-chr-clim.com\/index.php\/wp-json\/wp\/v2\/media\/78771"}],"wp:attachment":[{"href":"https:\/\/abinox-chr-clim.com\/index.php\/wp-json\/wp\/v2\/media?parent=70565"}],"wp:term":[{"taxonomy":"product_brand","embeddable":true,"href":"https:\/\/abinox-chr-clim.com\/index.php\/wp-json\/wp\/v2\/product_brand?post=70565"},{"taxonomy":"product_cat","embeddable":true,"href":"https:\/\/abinox-chr-clim.com\/index.php\/wp-json\/wp\/v2\/product_cat?post=70565"},{"taxonomy":"product_tag","embeddable":true,"href":"https:\/\/abinox-chr-clim.com\/index.php\/wp-json\/wp\/v2\/product_tag?post=70565"}],"curies":[{"name":"wp","href":"https:\/\/api.w.org\/{rel}","templated":true}]}}