{"id":70564,"date":"2024-03-22T19:35:51","date_gmt":"2024-03-22T18:35:51","guid":{"rendered":"https:\/\/abinox-chr-clim.com\/index.php\/product\/bec-verseur-debit-moyen-olympia\/"},"modified":"2026-04-11T08:23:00","modified_gmt":"2026-04-11T06:23:00","slug":"bec-verseur-debit-moyen-olympia","status":"publish","type":"product","link":"https:\/\/abinox-chr-clim.com\/index.php\/product\/bec-verseur-debit-moyen-olympia\/","title":{"rendered":"Bec verseur d\u00e9bit moyen Olympia"},"content":{"rendered":"<p>Ecoulement moyen ou rapide. En m\u00e9tal chrom\u00e9 effil\u00e9. Bouchon fourni, rechanges vendues s\u00e9par\u00e9ment.<br \/>Le bec verseur conique permet un versement pr\u00e9cis et contr\u00f4l\u00e9 \u00e0 vitesse moyenne. Le bouchon en polycarbonate permet de conserver les boissons en toute s\u00e9curit\u00e9, tout en \u00e9vitant les d\u00e9versements. Le bec en m\u00e9tal est tr\u00e8s r\u00e9sistant \u00e0 la corrosion et aux chocs. Le design sobre permet une utilisation dans n&rsquo;importe quel bar. La taille universelle s&rsquo;adapte \u00e0 la plupart des goulots de bouteille.  Le bec verseur conique permet un versement pr\u00e9cis et contr\u00f4l\u00e9 \u00e0 vitesse moyenne.<\/p>\n<p>Caract\u00e9ristiques :<br \/> Dimensions : 108(H) mm.<br \/> Mati\u00e8re : M\u00e9tal et plastique.<br \/> Couleur : Noir et argent.<\/p>\n","protected":false},"excerpt":{"rendered":"<p>Bec verseur d\u00e9bit moyen Olympia<\/p>\n","protected":false},"featured_media":78771,"comment_status":"closed","ping_status":"closed","template":"","meta":[],"product_brand":[],"product_cat":[1107,1108,1297,1106],"product_tag":[],"class_list":{"0":"post-70564","1":"product","2":"type-product","3":"status-publish","4":"has-post-thumbnail","6":"product_cat-accessoires-de-bar","7":"product_cat-accessoires-de-bar-accessoires-de-bar","8":"product_cat-non-palettisable","9":"product_cat-restaurant-bar-et-hotel","10":"product_shipping_class-free-shipping","12":"first","13":"instock","14":"featured","15":"taxable","16":"shipping-taxable","17":"purchasable","18":"product-type-simple"},"_links":{"self":[{"href":"https:\/\/abinox-chr-clim.com\/index.php\/wp-json\/wp\/v2\/product\/70564","targetHints":{"allow":["GET"]}}],"collection":[{"href":"https:\/\/abinox-chr-clim.com\/index.php\/wp-json\/wp\/v2\/product"}],"about":[{"href":"https:\/\/abinox-chr-clim.com\/index.php\/wp-json\/wp\/v2\/types\/product"}],"replies":[{"embeddable":true,"href":"https:\/\/abinox-chr-clim.com\/index.php\/wp-json\/wp\/v2\/comments?post=70564"}],"wp:featuredmedia":[{"embeddable":true,"href":"https:\/\/abinox-chr-clim.com\/index.php\/wp-json\/wp\/v2\/media\/78771"}],"wp:attachment":[{"href":"https:\/\/abinox-chr-clim.com\/index.php\/wp-json\/wp\/v2\/media?parent=70564"}],"wp:term":[{"taxonomy":"product_brand","embeddable":true,"href":"https:\/\/abinox-chr-clim.com\/index.php\/wp-json\/wp\/v2\/product_brand?post=70564"},{"taxonomy":"product_cat","embeddable":true,"href":"https:\/\/abinox-chr-clim.com\/index.php\/wp-json\/wp\/v2\/product_cat?post=70564"},{"taxonomy":"product_tag","embeddable":true,"href":"https:\/\/abinox-chr-clim.com\/index.php\/wp-json\/wp\/v2\/product_tag?post=70564"}],"curies":[{"name":"wp","href":"https:\/\/api.w.org\/{rel}","templated":true}]}}