{"id":70561,"date":"2024-03-22T19:28:07","date_gmt":"2024-03-22T18:28:07","guid":{"rendered":"https:\/\/abinox-chr-clim.com\/index.php\/product\/banc-pliable-au-centre-bolero-1830mm\/"},"modified":"2026-04-14T09:25:39","modified_gmt":"2026-04-14T07:25:39","slug":"banc-pliable-au-centre-bolero-1830mm","status":"publish","type":"product","link":"https:\/\/abinox-chr-clim.com\/index.php\/product\/banc-pliable-au-centre-bolero-1830mm\/","title":{"rendered":"Banc pliable au centre Bolero 1830mm"},"content":{"rendered":"<p>Plus robuste, pouvant supporter une charge plus \u00e9lev\u00e9e, cette gamme demeubles pliants de qualit\u00e9 offre une bien meilleure long\u00e9vit\u00e9 que les produits de bas de gamme.  Utilisez ces meubles d&rsquo;appoint pour cr\u00e9er un espace suppl\u00e9mentaire de restauration, de pr\u00e9sentation ou un buffet occasionnel. Son si\u00e8ge \u00e0 double rev\u00eatement de haute qualit\u00e9 fournit une surface stable et plane pour de nombreux convives et en fait un accessoire id\u00e9al pour la restauration mobile. Peut \u00eatre utilis\u00e9e pour les r\u00e9ceptions officielles ou dans les h\u00f4tels et les restaurants lorsqu&rsquo;un espace suppl\u00e9mentaire est requis temporairement.<br \/>Assise en poly\u00e9thyl\u00e8ne haute densit\u00e9 tr\u00e8s r\u00e9sistante et facile \u00e0 nettoyer.  R\u00e9f\u00e9rence soumise \u00e0 une Eco-participation mobilier de 1.7\u20ac par unit\u00e9 vendue. Structure acier tr\u00e8s r\u00e9sistant et pieds pliants.Se plie en deux, se d\u00e9plie en quelques secondes.Poign\u00e9es int\u00e9gr\u00e9es pour un transport facile. R\u00e9f\u00e9rence soumise \u00e0 une Eco-participation mobilier de 1,34\u20ac par unit\u00e9 vendue. Assise en poly\u00e9thyl\u00e8ne haute densit\u00e9 tr\u00e8s r\u00e9sistante et facile \u00e0 nettoyer. .<br \/> Caract\u00e9ristiques :<br \/> Dimensions : 440(h) x 1829(L) x 295(l)mm.<br \/> Mati\u00e8re : Poly\u00e9thyl\u00e8ne.<br \/> Couleur : Blanc.<\/p>\n","protected":false},"excerpt":{"rendered":"<p>Banc pliable au centre Bolero 1830mm<\/p>\n","protected":false},"featured_media":103559,"comment_status":"closed","ping_status":"closed","template":"","meta":[],"product_brand":[],"product_cat":[1201,1215,1297],"product_tag":[],"class_list":{"0":"post-70561","1":"product","2":"type-product","3":"status-publish","4":"has-post-thumbnail","6":"product_cat-mobilier","7":"product_cat-mobilier-pliant","8":"product_cat-non-palettisable","9":"product_shipping_class-free-shipping","11":"first","12":"instock","13":"featured","14":"taxable","15":"shipping-taxable","16":"purchasable","17":"product-type-simple"},"_links":{"self":[{"href":"https:\/\/abinox-chr-clim.com\/index.php\/wp-json\/wp\/v2\/product\/70561","targetHints":{"allow":["GET"]}}],"collection":[{"href":"https:\/\/abinox-chr-clim.com\/index.php\/wp-json\/wp\/v2\/product"}],"about":[{"href":"https:\/\/abinox-chr-clim.com\/index.php\/wp-json\/wp\/v2\/types\/product"}],"replies":[{"embeddable":true,"href":"https:\/\/abinox-chr-clim.com\/index.php\/wp-json\/wp\/v2\/comments?post=70561"}],"wp:featuredmedia":[{"embeddable":true,"href":"https:\/\/abinox-chr-clim.com\/index.php\/wp-json\/wp\/v2\/media\/103559"}],"wp:attachment":[{"href":"https:\/\/abinox-chr-clim.com\/index.php\/wp-json\/wp\/v2\/media?parent=70561"}],"wp:term":[{"taxonomy":"product_brand","embeddable":true,"href":"https:\/\/abinox-chr-clim.com\/index.php\/wp-json\/wp\/v2\/product_brand?post=70561"},{"taxonomy":"product_cat","embeddable":true,"href":"https:\/\/abinox-chr-clim.com\/index.php\/wp-json\/wp\/v2\/product_cat?post=70561"},{"taxonomy":"product_tag","embeddable":true,"href":"https:\/\/abinox-chr-clim.com\/index.php\/wp-json\/wp\/v2\/product_tag?post=70561"}],"curies":[{"name":"wp","href":"https:\/\/api.w.org\/{rel}","templated":true}]}}