{"id":70560,"date":"2024-03-22T19:28:07","date_gmt":"2024-03-22T18:28:07","guid":{"rendered":"https:\/\/abinox-chr-clim.com\/index.php\/product\/table-carree-pliante-en-pe-bolero-86cm\/"},"modified":"2026-04-14T09:25:37","modified_gmt":"2026-04-14T07:25:37","slug":"table-carree-pliante-en-pe-bolero-86cm","status":"publish","type":"product","link":"https:\/\/abinox-chr-clim.com\/index.php\/product\/table-carree-pliante-en-pe-bolero-86cm\/","title":{"rendered":"Table carr\u00e9e pliante en PE Bolero 86cm"},"content":{"rendered":"<p>R\u00e9sistante, durable et solide cette table est \u00e9quip\u00e9e d&rsquo;un plateau en une seule pi\u00e8ce stable et plane. Les pieds se replient dans le plateau, elle est donc tr\u00e8s facile \u00e0 transporter et \u00e0 ranger. Pour les r\u00e9ceptions, les pr\u00e9sentations, les repas servis \u00e0 l&rsquo;ext\u00e9rieur et les buffets.<br \/>Plateau en poly\u00e9thyl\u00e8ne haute densit\u00e9. Structure acier. Les pieds se plient sous le plateau pour faciliter le rangement. R\u00e9f\u00e9rence soumise \u00e0 une Eco-participation mobilier de 1.84\u20ac par unit\u00e9 vendue. Livr\u00e9e mont\u00e9e. \u00a0La charge maximale est de 90 kg.Utilisation en int\u00e9rieur\/ext\u00e9rieur. R\u00e9f\u00e9rence soumise \u00e0 une Eco-participation mobilier de 0,68\u20ac par unit\u00e9 vendue. Plateau en poly\u00e9thyl\u00e8ne haute densit\u00e9.<\/p>\n<p>Caract\u00e9ristiques :<br \/> Dimensions : 740(H) x 860(L) x 860(P)mm.<br \/> Mati\u00e8re : Structure acier.<br \/> Couleur : Blanc.<\/p>\n","protected":false},"excerpt":{"rendered":"<p>Table carr\u00e9e pliante en PE Bolero 86cm<\/p>\n","protected":false},"featured_media":97864,"comment_status":"closed","ping_status":"closed","template":"","meta":[],"product_brand":[],"product_cat":[1201,1215,1297],"product_tag":[],"class_list":{"0":"post-70560","1":"product","2":"type-product","3":"status-publish","4":"has-post-thumbnail","6":"product_cat-mobilier","7":"product_cat-mobilier-pliant","8":"product_cat-non-palettisable","9":"product_shipping_class-free-shipping","11":"first","12":"instock","13":"featured","14":"taxable","15":"shipping-taxable","16":"purchasable","17":"product-type-simple"},"_links":{"self":[{"href":"https:\/\/abinox-chr-clim.com\/index.php\/wp-json\/wp\/v2\/product\/70560","targetHints":{"allow":["GET"]}}],"collection":[{"href":"https:\/\/abinox-chr-clim.com\/index.php\/wp-json\/wp\/v2\/product"}],"about":[{"href":"https:\/\/abinox-chr-clim.com\/index.php\/wp-json\/wp\/v2\/types\/product"}],"replies":[{"embeddable":true,"href":"https:\/\/abinox-chr-clim.com\/index.php\/wp-json\/wp\/v2\/comments?post=70560"}],"wp:featuredmedia":[{"embeddable":true,"href":"https:\/\/abinox-chr-clim.com\/index.php\/wp-json\/wp\/v2\/media\/97864"}],"wp:attachment":[{"href":"https:\/\/abinox-chr-clim.com\/index.php\/wp-json\/wp\/v2\/media?parent=70560"}],"wp:term":[{"taxonomy":"product_brand","embeddable":true,"href":"https:\/\/abinox-chr-clim.com\/index.php\/wp-json\/wp\/v2\/product_brand?post=70560"},{"taxonomy":"product_cat","embeddable":true,"href":"https:\/\/abinox-chr-clim.com\/index.php\/wp-json\/wp\/v2\/product_cat?post=70560"},{"taxonomy":"product_tag","embeddable":true,"href":"https:\/\/abinox-chr-clim.com\/index.php\/wp-json\/wp\/v2\/product_tag?post=70560"}],"curies":[{"name":"wp","href":"https:\/\/api.w.org\/{rel}","templated":true}]}}