{"id":70559,"date":"2024-03-22T19:28:07","date_gmt":"2024-03-22T18:28:07","guid":{"rendered":"https:\/\/abinox-chr-clim.com\/index.php\/product\/table-rectangulaire-pliante-bolero-1827mm\/"},"modified":"2026-04-14T09:22:22","modified_gmt":"2026-04-14T07:22:22","slug":"table-rectangulaire-pliante-bolero-1827mm","status":"publish","type":"product","link":"https:\/\/abinox-chr-clim.com\/index.php\/product\/table-rectangulaire-pliante-bolero-1827mm\/","title":{"rendered":"Table rectangulaire pliante Bolero 1827mm"},"content":{"rendered":"<p>R\u00e9sistante, durable et solide cette table est \u00e9quip\u00e9e d&rsquo;un plateau en une seule pi\u00e8ce stable et plane. Les pieds se replient dans le plateau, elle est donc tr\u00e8s facile \u00e0 transporter et \u00e0 ranger. Pour les r\u00e9ceptions, les pr\u00e9sentations, les repas servis \u00e0 l&rsquo;ext\u00e9rieur et les buffets. Se plie facilement et n\u00e9cessite un espace de rangement minimum.<br \/>Dimensions pli\u00e9e: 45(H) x 1827(L) x 750(P)mm. Les pieds se plient \u00e0 plat sous le plateau pour faciliter le rangement. Convient \u00e0 une utilisation int\u00e9rieure et ext\u00e9rieure. R\u00e9f\u00e9rence soumise \u00e0 une Eco-participation mobilier de 3.2\u20ac par unit\u00e9 vendue. 125KG est le poids de charge maximum. (Dans le manuel d&rsquo;utilisation).Aucun montage n\u00e9cessaire. R\u00e9f\u00e9rence soumise \u00e0 une Eco-participation mobilier de 1,12\u20ac par unit\u00e9 vendue. Dimensions pli\u00e9e: 45(H) x 1827(L) x 750(P)mm.<\/p>\n<p>Caract\u00e9ristiques :<br \/> Dimensions : 745(H) x 1827(L) x 750(P)mm.<br \/> Mati\u00e8re : Plateau en poly\u00e9thyl\u00e8ne haute densit\u00e9, pieds et structure en acier.<br \/> Couleur : Argent.<\/p>\n","protected":false},"excerpt":{"rendered":"<p>Table rectangulaire pliante Bolero 1827mm<\/p>\n","protected":false},"featured_media":98597,"comment_status":"closed","ping_status":"closed","template":"","meta":[],"product_brand":[],"product_cat":[1201,1215,1296],"product_tag":[],"class_list":{"0":"post-70559","1":"product","2":"type-product","3":"status-publish","4":"has-post-thumbnail","6":"product_cat-mobilier","7":"product_cat-mobilier-pliant","8":"product_cat-palettisable","10":"first","11":"outofstock","12":"featured","13":"taxable","14":"shipping-taxable","15":"purchasable","16":"product-type-simple"},"_links":{"self":[{"href":"https:\/\/abinox-chr-clim.com\/index.php\/wp-json\/wp\/v2\/product\/70559","targetHints":{"allow":["GET"]}}],"collection":[{"href":"https:\/\/abinox-chr-clim.com\/index.php\/wp-json\/wp\/v2\/product"}],"about":[{"href":"https:\/\/abinox-chr-clim.com\/index.php\/wp-json\/wp\/v2\/types\/product"}],"replies":[{"embeddable":true,"href":"https:\/\/abinox-chr-clim.com\/index.php\/wp-json\/wp\/v2\/comments?post=70559"}],"wp:featuredmedia":[{"embeddable":true,"href":"https:\/\/abinox-chr-clim.com\/index.php\/wp-json\/wp\/v2\/media\/98597"}],"wp:attachment":[{"href":"https:\/\/abinox-chr-clim.com\/index.php\/wp-json\/wp\/v2\/media?parent=70559"}],"wp:term":[{"taxonomy":"product_brand","embeddable":true,"href":"https:\/\/abinox-chr-clim.com\/index.php\/wp-json\/wp\/v2\/product_brand?post=70559"},{"taxonomy":"product_cat","embeddable":true,"href":"https:\/\/abinox-chr-clim.com\/index.php\/wp-json\/wp\/v2\/product_cat?post=70559"},{"taxonomy":"product_tag","embeddable":true,"href":"https:\/\/abinox-chr-clim.com\/index.php\/wp-json\/wp\/v2\/product_tag?post=70559"}],"curies":[{"name":"wp","href":"https:\/\/api.w.org\/{rel}","templated":true}]}}