{"id":70557,"date":"2024-03-22T19:28:06","date_gmt":"2024-03-22T18:28:06","guid":{"rendered":"https:\/\/abinox-chr-clim.com\/index.php\/product\/table-rectangulaire-pliante-bolero-1220mm\/"},"modified":"2026-04-14T09:22:15","modified_gmt":"2026-04-14T07:22:15","slug":"table-rectangulaire-pliante-bolero-1220mm","status":"publish","type":"product","link":"https:\/\/abinox-chr-clim.com\/index.php\/product\/table-rectangulaire-pliante-bolero-1220mm\/","title":{"rendered":"Table rectangulaire pliante Bolero 1220mm"},"content":{"rendered":"<p>R\u00e9sistante, durable et solide cette table est \u00e9quip\u00e9e d&rsquo;un plateau en une seule pi\u00e8ce stable et plane. Les pieds se replient dans le plateau, elle est donc tr\u00e8s facile \u00e0 transporter et \u00e0 ranger. Pour les r\u00e9ceptions, les pr\u00e9sentations, les repas servis \u00e0 l&rsquo;ext\u00e9rieur et les buffets. Se plie facilement et n\u00e9cessite un espace de rangement minimum.<br \/>Les pieds se replient sous le plateau pour un rangement simple. Id\u00e9al pour l&rsquo;int\u00e9rieur ou l&rsquo;ext\u00e9rieur. Aucun assemblage n\u00e9cessaire. R\u00e9f\u00e9rence soumise \u00e0 une Eco-participation mobilier de 2.04\u20ac par unit\u00e9 vendue. R\u00e9f\u00e9rence soumise \u00e0 une Eco-participation mobilier de 0,82\u20ac par unit\u00e9 vendue. \u00a0Supporte 200 kg de charge r\u00e9partie.Se d\u00e9plie et se replie en toute simplicit\u00e9. R\u00e9f\u00e9rence soumise \u00e0 une Eco-participation mobilier de 0,82\u20ac par unit\u00e9 vendue. Les pieds se replient sous le plateau pour un rangement simple.<\/p>\n<p>Caract\u00e9ristiques :<br \/> Dimensions : 740(H) x 1220(L) x 607(P)mm.<br \/> Mati\u00e8re : Plateau en poly\u00e9thyl\u00e8ne haute densit\u00e9, pieds et structure en acier.<br \/> Couleur : Argent.<\/p>\n","protected":false},"excerpt":{"rendered":"<p>Table rectangulaire pliante Bolero 1220mm<\/p>\n","protected":false},"featured_media":98561,"comment_status":"closed","ping_status":"closed","template":"","meta":[],"product_brand":[],"product_cat":[1201,1215,1297],"product_tag":[],"class_list":{"0":"post-70557","1":"product","2":"type-product","3":"status-publish","4":"has-post-thumbnail","6":"product_cat-mobilier","7":"product_cat-mobilier-pliant","8":"product_cat-non-palettisable","9":"product_shipping_class-free-shipping","11":"first","12":"instock","13":"featured","14":"taxable","15":"shipping-taxable","16":"purchasable","17":"product-type-simple"},"_links":{"self":[{"href":"https:\/\/abinox-chr-clim.com\/index.php\/wp-json\/wp\/v2\/product\/70557","targetHints":{"allow":["GET"]}}],"collection":[{"href":"https:\/\/abinox-chr-clim.com\/index.php\/wp-json\/wp\/v2\/product"}],"about":[{"href":"https:\/\/abinox-chr-clim.com\/index.php\/wp-json\/wp\/v2\/types\/product"}],"replies":[{"embeddable":true,"href":"https:\/\/abinox-chr-clim.com\/index.php\/wp-json\/wp\/v2\/comments?post=70557"}],"wp:featuredmedia":[{"embeddable":true,"href":"https:\/\/abinox-chr-clim.com\/index.php\/wp-json\/wp\/v2\/media\/98561"}],"wp:attachment":[{"href":"https:\/\/abinox-chr-clim.com\/index.php\/wp-json\/wp\/v2\/media?parent=70557"}],"wp:term":[{"taxonomy":"product_brand","embeddable":true,"href":"https:\/\/abinox-chr-clim.com\/index.php\/wp-json\/wp\/v2\/product_brand?post=70557"},{"taxonomy":"product_cat","embeddable":true,"href":"https:\/\/abinox-chr-clim.com\/index.php\/wp-json\/wp\/v2\/product_cat?post=70557"},{"taxonomy":"product_tag","embeddable":true,"href":"https:\/\/abinox-chr-clim.com\/index.php\/wp-json\/wp\/v2\/product_tag?post=70557"}],"curies":[{"name":"wp","href":"https:\/\/api.w.org\/{rel}","templated":true}]}}