{"id":70556,"date":"2024-03-22T19:28:06","date_gmt":"2024-03-22T18:28:06","guid":{"rendered":"https:\/\/abinox-chr-clim.com\/index.php\/product\/table-pliable-au-centre-bolero-blanche-1829mm\/"},"modified":"2026-04-14T09:12:47","modified_gmt":"2026-04-14T07:12:47","slug":"table-pliable-au-centre-bolero-blanche-1829mm","status":"publish","type":"product","link":"https:\/\/abinox-chr-clim.com\/index.php\/product\/table-pliable-au-centre-bolero-blanche-1829mm\/","title":{"rendered":"Table pliable au centre Bolero blanche 1829mm"},"content":{"rendered":"<p>Plus robuste, pouvant supporter une charge plus \u00e9lev\u00e9e, cette gamme de tables pliantes de qualit\u00e9 offre une bien meilleure long\u00e9vit\u00e9 que les produits bas de gammme. Utilisez ces tables d&rsquo;appoint pour cr\u00e9er un espace suppl\u00e9mentaire de restauration, de pr\u00e9sentation ou un buffet occasionnel. Son plateau \u00e0 double rev\u00eatement de haute qualit\u00e9 fournit une surface stable et plane pour le service, la pr\u00e9sentation ou la pr\u00e9paration en fait un accessoire id\u00e9al pour la restauration mobile. Peut \u00eatre utilis\u00e9e pour les r\u00e9ceptions officielles ou dans les h\u00f4tels et les restaurants lorsqu&rsquo;un espace suppl\u00e9mentaire est requis temporairement.<br \/>Les pieds pliables permettent un transport facile et un rangement peu encombrant. Poign\u00e9e int\u00e9gr\u00e9e facilitant le transport, ce qui en fait un excellent choix pour les services de restauration mobile. Les patins de pied garantissent que la table ne bouge pas pendant l&rsquo;utilisation et emp\u00eachent les marques au sol. R\u00e9f\u00e9rence soumise \u00e0 une Eco-participation mobilier de 2.55\u20ac par unit\u00e9 vendue. Livr\u00e9e enti\u00e8rement mont\u00e9e pour une utilisation imm\u00e9diate hors de la bo\u00eete. Conforme \u00e0 la norme EN15732 Niveau 2. Parfaite pour les mariages, buffets et plus encore. Taille pli\u00e9e\u00a0: 45 (H) x 915 (l) x 762 (P) mm. 125KG est le poids de charge maximum. (Dans le manuel d&rsquo;utilisation). Le dessus en PEHD et les pieds en acier vous offrent des meubles durables pour tous les environnements commerciaux.R\u00e9f\u00e9rence soumise \u00e0 une Eco-participation mobilier de 1,14\u20ac par unit\u00e9 vendue. Les pieds pliables permettent un transport facile et un rangement peu encombrant.<\/p>\n<p>Caract\u00e9ristiques :<br \/> Dimensions : 735(H) x 1829(L) x 762(P)mm.<br \/> Mati\u00e8re : Plateau en poly\u00e9thyl\u00e8ne haute densit\u00e9, pieds et structure en acier.<br \/> Couleur : Blanc.<\/p>\n","protected":false},"excerpt":{"rendered":"<p>Table pliable au centre Bolero blanche 1829mm<\/p>\n","protected":false},"featured_media":104670,"comment_status":"closed","ping_status":"closed","template":"","meta":[],"product_brand":[],"product_cat":[1201,1215,1297],"product_tag":[],"class_list":{"0":"post-70556","1":"product","2":"type-product","3":"status-publish","4":"has-post-thumbnail","6":"product_cat-mobilier","7":"product_cat-mobilier-pliant","8":"product_cat-non-palettisable","9":"product_shipping_class-free-shipping","11":"first","12":"instock","13":"featured","14":"taxable","15":"shipping-taxable","16":"purchasable","17":"product-type-simple"},"_links":{"self":[{"href":"https:\/\/abinox-chr-clim.com\/index.php\/wp-json\/wp\/v2\/product\/70556","targetHints":{"allow":["GET"]}}],"collection":[{"href":"https:\/\/abinox-chr-clim.com\/index.php\/wp-json\/wp\/v2\/product"}],"about":[{"href":"https:\/\/abinox-chr-clim.com\/index.php\/wp-json\/wp\/v2\/types\/product"}],"replies":[{"embeddable":true,"href":"https:\/\/abinox-chr-clim.com\/index.php\/wp-json\/wp\/v2\/comments?post=70556"}],"wp:featuredmedia":[{"embeddable":true,"href":"https:\/\/abinox-chr-clim.com\/index.php\/wp-json\/wp\/v2\/media\/104670"}],"wp:attachment":[{"href":"https:\/\/abinox-chr-clim.com\/index.php\/wp-json\/wp\/v2\/media?parent=70556"}],"wp:term":[{"taxonomy":"product_brand","embeddable":true,"href":"https:\/\/abinox-chr-clim.com\/index.php\/wp-json\/wp\/v2\/product_brand?post=70556"},{"taxonomy":"product_cat","embeddable":true,"href":"https:\/\/abinox-chr-clim.com\/index.php\/wp-json\/wp\/v2\/product_cat?post=70556"},{"taxonomy":"product_tag","embeddable":true,"href":"https:\/\/abinox-chr-clim.com\/index.php\/wp-json\/wp\/v2\/product_tag?post=70556"}],"curies":[{"name":"wp","href":"https:\/\/api.w.org\/{rel}","templated":true}]}}