{"id":70555,"date":"2024-03-22T19:28:05","date_gmt":"2024-03-22T18:28:05","guid":{"rendered":"https:\/\/abinox-chr-clim.com\/index.php\/product\/table-ronde-pliante-par-le-centre-bolero-18m\/"},"modified":"2026-04-15T09:48:49","modified_gmt":"2026-04-15T07:48:49","slug":"table-ronde-pliante-par-le-centre-bolero-18m","status":"publish","type":"product","link":"https:\/\/abinox-chr-clim.com\/index.php\/product\/table-ronde-pliante-par-le-centre-bolero-18m\/","title":{"rendered":"Table ronde pliante par le centre Bolero 1,8m"},"content":{"rendered":"<p>Plus robuste, pouvant supporter une charge plus \u00e9lev\u00e9e, cette gamme de tables pliantes de qualit\u00e9 offre une bien meilleure long\u00e9vit\u00e9 que les produits bas de gamme.  Utilisez ces tables d&rsquo;appoint pour cr\u00e9er un espace suppl\u00e9mentaire de restauration, de pr\u00e9sentation ou un buffet occasionnel. Son plateau \u00e0 double rev\u00eatement de haute qualit\u00e9 fournit une surface stable et plane pour le service, la pr\u00e9sentation ou la pr\u00e9paration en fait un accessoire id\u00e9al pour la restauration mobile. Peut \u00eatre utilis\u00e9e pour les r\u00e9ceptions officielles ou dans les h\u00f4tels et les restaurants lorsqu&rsquo;un espace suppl\u00e9mentaire est requis temporairement.<br \/>Structure en acier robuste et pieds en caoutchouc pour une longue durabilit\u00e9, stabilit\u00e9 et utilisation. Colis plat, assemblage facile. Pour utilisation en int\u00e9rieur et en ext\u00e9rieur. R\u00e9f\u00e9rence soumise \u00e0 une Eco-participation mobilier de 5.28\u20ac par unit\u00e9 vendue. Poign\u00e9e de transport. Se plie de moiti\u00e9 pour faciliter rangement et transport &#8211; Parfait pour les fonctions ou \u00e9v\u00e9nements de collectivit\u00e9. 10 \u00e0 12 places. Conforme \u00e0 la norme EN581. Id\u00e9ale comme table d&rsquo;appoint ou pour dresser des buffets dans les h\u00f4tels et restaurants. Gain de place et de temps. Poids de support maximum de 200kg charge r\u00e9partie. Poss\u00e8de 2 loquets de fermeture. Structure en acier robuste et pieds en caoutchouc pour une longue durabilit\u00e9, stabilit\u00e9 et utilisation.<\/p>\n<p>Caract\u00e9ristiques :<br \/> Dimensions : 740(H) x 1830(\u00d8)mm.<br \/> Mati\u00e8re : Poly\u00e9thyl\u00e8ne haute densit\u00e9 et acier rev\u00eatement poudr\u00e9.<br \/> Couleur : Blanc.<\/p>\n","protected":false},"excerpt":{"rendered":"<p>Table ronde pliante par le centre Bolero 1,8m<\/p>\n","protected":false},"featured_media":104023,"comment_status":"closed","ping_status":"closed","template":"","meta":[],"product_brand":[],"product_cat":[1201,1215,1296],"product_tag":[],"class_list":{"0":"post-70555","1":"product","2":"type-product","3":"status-publish","4":"has-post-thumbnail","6":"product_cat-mobilier","7":"product_cat-mobilier-pliant","8":"product_cat-palettisable","10":"first","11":"instock","12":"featured","13":"taxable","14":"shipping-taxable","15":"purchasable","16":"product-type-simple"},"_links":{"self":[{"href":"https:\/\/abinox-chr-clim.com\/index.php\/wp-json\/wp\/v2\/product\/70555","targetHints":{"allow":["GET"]}}],"collection":[{"href":"https:\/\/abinox-chr-clim.com\/index.php\/wp-json\/wp\/v2\/product"}],"about":[{"href":"https:\/\/abinox-chr-clim.com\/index.php\/wp-json\/wp\/v2\/types\/product"}],"replies":[{"embeddable":true,"href":"https:\/\/abinox-chr-clim.com\/index.php\/wp-json\/wp\/v2\/comments?post=70555"}],"wp:featuredmedia":[{"embeddable":true,"href":"https:\/\/abinox-chr-clim.com\/index.php\/wp-json\/wp\/v2\/media\/104023"}],"wp:attachment":[{"href":"https:\/\/abinox-chr-clim.com\/index.php\/wp-json\/wp\/v2\/media?parent=70555"}],"wp:term":[{"taxonomy":"product_brand","embeddable":true,"href":"https:\/\/abinox-chr-clim.com\/index.php\/wp-json\/wp\/v2\/product_brand?post=70555"},{"taxonomy":"product_cat","embeddable":true,"href":"https:\/\/abinox-chr-clim.com\/index.php\/wp-json\/wp\/v2\/product_cat?post=70555"},{"taxonomy":"product_tag","embeddable":true,"href":"https:\/\/abinox-chr-clim.com\/index.php\/wp-json\/wp\/v2\/product_tag?post=70555"}],"curies":[{"name":"wp","href":"https:\/\/api.w.org\/{rel}","templated":true}]}}