{"id":70554,"date":"2024-03-22T19:28:05","date_gmt":"2024-03-22T18:28:05","guid":{"rendered":"https:\/\/abinox-chr-clim.com\/index.php\/product\/mange-debout-inox-plateau-basculant-bolero-600mm\/"},"modified":"2026-04-15T09:42:25","modified_gmt":"2026-04-15T07:42:25","slug":"mange-debout-inox-plateau-basculant-bolero-600mm","status":"publish","type":"product","link":"https:\/\/abinox-chr-clim.com\/index.php\/product\/mange-debout-inox-plateau-basculant-bolero-600mm\/","title":{"rendered":"Mange-debout inox plateau basculant Bolero 600mm"},"content":{"rendered":"<p>Gain de place et facile \u00e0 transporter et stocker.<br \/>Le plateau rabattable permet d&#8217;embo\u00eeter les tables les unes dans les autres pour un rangement facile. La base en aluminium est suffisamment l\u00e9g\u00e8re pour \u00eatre transport\u00e9e facilement. L&rsquo;aluminium et l&rsquo;acier inoxydable offrent une excellente durabilit\u00e9. R\u00e9f\u00e9rence soumise \u00e0 une Eco-participation mobilier de 0.29\u20ac par unit\u00e9 vendue. Id\u00e9al pour les trottoirs et patios.  La r\u00e9sistance \u00e0 la corrosion et \u00e0 la rouille rend cette table id\u00e9ale. Le plateau rabattable permet d&#8217;embo\u00eeter les tables les unes dans les autres pour un rangement facile.<\/p>\n<p>Caract\u00e9ristiques :<br \/> Dimensions : 1050(H) x 600(L) mm.<br \/> Mati\u00e8re : Inox et aluminium.<br \/> Couleur : Argent.<\/p>\n","protected":false},"excerpt":{"rendered":"<p>Mange-debout inox plateau basculant Bolero 600mm<\/p>\n","protected":false},"featured_media":103703,"comment_status":"closed","ping_status":"closed","template":"","meta":[],"product_brand":[],"product_cat":[1201,1215,1297],"product_tag":[],"class_list":{"0":"post-70554","1":"product","2":"type-product","3":"status-publish","4":"has-post-thumbnail","6":"product_cat-mobilier","7":"product_cat-mobilier-pliant","8":"product_cat-non-palettisable","9":"product_shipping_class-free-shipping","11":"first","12":"instock","13":"featured","14":"taxable","15":"shipping-taxable","16":"purchasable","17":"product-type-simple"},"_links":{"self":[{"href":"https:\/\/abinox-chr-clim.com\/index.php\/wp-json\/wp\/v2\/product\/70554","targetHints":{"allow":["GET"]}}],"collection":[{"href":"https:\/\/abinox-chr-clim.com\/index.php\/wp-json\/wp\/v2\/product"}],"about":[{"href":"https:\/\/abinox-chr-clim.com\/index.php\/wp-json\/wp\/v2\/types\/product"}],"replies":[{"embeddable":true,"href":"https:\/\/abinox-chr-clim.com\/index.php\/wp-json\/wp\/v2\/comments?post=70554"}],"wp:featuredmedia":[{"embeddable":true,"href":"https:\/\/abinox-chr-clim.com\/index.php\/wp-json\/wp\/v2\/media\/103703"}],"wp:attachment":[{"href":"https:\/\/abinox-chr-clim.com\/index.php\/wp-json\/wp\/v2\/media?parent=70554"}],"wp:term":[{"taxonomy":"product_brand","embeddable":true,"href":"https:\/\/abinox-chr-clim.com\/index.php\/wp-json\/wp\/v2\/product_brand?post=70554"},{"taxonomy":"product_cat","embeddable":true,"href":"https:\/\/abinox-chr-clim.com\/index.php\/wp-json\/wp\/v2\/product_cat?post=70554"},{"taxonomy":"product_tag","embeddable":true,"href":"https:\/\/abinox-chr-clim.com\/index.php\/wp-json\/wp\/v2\/product_tag?post=70554"}],"curies":[{"name":"wp","href":"https:\/\/api.w.org\/{rel}","templated":true}]}}