{"id":70553,"date":"2024-03-22T19:28:05","date_gmt":"2024-03-22T18:28:05","guid":{"rendered":"https:\/\/abinox-chr-clim.com\/index.php\/product\/chaise-de-terrasse-pliantes-en-acier-gris-bolero-lot-de-2\/"},"modified":"2026-04-15T09:03:38","modified_gmt":"2026-04-15T07:03:38","slug":"chaise-de-terrasse-pliantes-en-acier-gris-bolero-lot-de-2","status":"publish","type":"product","link":"https:\/\/abinox-chr-clim.com\/index.php\/product\/chaise-de-terrasse-pliantes-en-acier-gris-bolero-lot-de-2\/","title":{"rendered":"Chaise de terrasse pliantes en acier gris Bolero (lot de 2)"},"content":{"rendered":"<p>Enti\u00e8rement mont\u00e9. Trait\u00e9 anti UV. Pour une utilisation int\u00e9rieure et ext\u00e9rieure. R\u00e9f\u00e9rence soumise \u00e0 une Eco-participation mobilier de 0.58\u20ac par unit\u00e9 vendue. \u00c9paisseur des lamelles: 2mm.Hauteur de l&rsquo;assise 440mm. R\u00e9f\u00e9rence soumise \u00e0 une Eco-participation mobilier de 1,23\u20ac par unit\u00e9 vendue. Enti\u00e8rement mont\u00e9.<\/p>\n<p>Caract\u00e9ristiques :<br \/>Lot : 2.<br \/> Dimensions : 800(H)x 387(L)x 471(P)mm.<br \/> Mati\u00e8re : Acier poudr\u00e9.<br \/> Couleur : Gris.<\/p>\n","protected":false},"excerpt":{"rendered":"<p>Chaise de terrasse pliantes en acier gris Bolero (lot de 2)<\/p>\n","protected":false},"featured_media":101819,"comment_status":"closed","ping_status":"closed","template":"","meta":[],"product_brand":[],"product_cat":[1201,1215,1297],"product_tag":[],"class_list":{"0":"post-70553","1":"product","2":"type-product","3":"status-publish","4":"has-post-thumbnail","6":"product_cat-mobilier","7":"product_cat-mobilier-pliant","8":"product_cat-non-palettisable","9":"product_shipping_class-free-shipping","11":"first","12":"instock","13":"featured","14":"taxable","15":"shipping-taxable","16":"purchasable","17":"product-type-simple"},"_links":{"self":[{"href":"https:\/\/abinox-chr-clim.com\/index.php\/wp-json\/wp\/v2\/product\/70553","targetHints":{"allow":["GET"]}}],"collection":[{"href":"https:\/\/abinox-chr-clim.com\/index.php\/wp-json\/wp\/v2\/product"}],"about":[{"href":"https:\/\/abinox-chr-clim.com\/index.php\/wp-json\/wp\/v2\/types\/product"}],"replies":[{"embeddable":true,"href":"https:\/\/abinox-chr-clim.com\/index.php\/wp-json\/wp\/v2\/comments?post=70553"}],"wp:featuredmedia":[{"embeddable":true,"href":"https:\/\/abinox-chr-clim.com\/index.php\/wp-json\/wp\/v2\/media\/101819"}],"wp:attachment":[{"href":"https:\/\/abinox-chr-clim.com\/index.php\/wp-json\/wp\/v2\/media?parent=70553"}],"wp:term":[{"taxonomy":"product_brand","embeddable":true,"href":"https:\/\/abinox-chr-clim.com\/index.php\/wp-json\/wp\/v2\/product_brand?post=70553"},{"taxonomy":"product_cat","embeddable":true,"href":"https:\/\/abinox-chr-clim.com\/index.php\/wp-json\/wp\/v2\/product_cat?post=70553"},{"taxonomy":"product_tag","embeddable":true,"href":"https:\/\/abinox-chr-clim.com\/index.php\/wp-json\/wp\/v2\/product_tag?post=70553"}],"curies":[{"name":"wp","href":"https:\/\/api.w.org\/{rel}","templated":true}]}}