{"id":70552,"date":"2024-03-22T19:28:04","date_gmt":"2024-03-22T18:28:04","guid":{"rendered":"https:\/\/abinox-chr-clim.com\/index.php\/product\/chaises-pliantes-bolero-blanches-lot-de-10\/"},"modified":"2026-04-15T08:58:05","modified_gmt":"2026-04-15T06:58:05","slug":"chaises-pliantes-bolero-blanches-lot-de-10","status":"publish","type":"product","link":"https:\/\/abinox-chr-clim.com\/index.php\/product\/chaises-pliantes-bolero-blanches-lot-de-10\/","title":{"rendered":"Chaises pliantes Bolero blanches (Lot de 10)"},"content":{"rendered":"<p>Solideset l\u00e9g\u00e8res cestte chaise confortable est parfaite pour les traiteurs mobiles, r\u00e9ceptions, conf\u00e9rences et mariages. Facile \u00e0 entretenir. Stockage \u00e0 encombrement minimum gr\u00e2ce \u00e0 la possibilit\u00e9 d&#8217;empiler jusqu&rsquo;\u00e0 50 chaises en toute s\u00e9curit\u00e9.<br \/>L&rsquo;assise et le dossier en polypropyl\u00e8ne offrent une excellente durabilit\u00e9. Le cadre en acier emp\u00eache les chaises de fl\u00e9chir ou de se plier. Se plie \u00e0 plat pour un rangement facile et peu encombrant. R\u00e9f\u00e9rence soumise \u00e0 une Eco-participation mobilier de 5.89\u20ac par unit\u00e9 vendue. Pieds en caoutchouc non marquants pour une meilleure stabilit\u00e9. R\u00e9sistantes aux UV et \u00e0 la pluie, elles peuvent \u00eatre utilis\u00e9es en toute s\u00e9curit\u00e9 \u00e0 l&rsquo;int\u00e9rieur comme \u00e0 l&rsquo;ext\u00e9rieur. Empilable jusqu&rsquo;\u00e0 50 fois pour un stockage compact. Taille pli\u00e9e : 970(H) x 440(L) x 30(P)mm. Housses de chaise en jersey disponibles sur demande DP923 (noire) et DP924 (blanche). Le poids de 3,5 kg permet un transport facile. R\u00e9f\u00e9rence soumise \u00e0 une Eco-participation mobilier de 4,55\u20ac par unit\u00e9 vendue. L&rsquo;assise et le dossier en polypropyl\u00e8ne offrent une excellente durabilit\u00e9.<\/p>\n<p>Caract\u00e9ristiques :<br \/>Lot : 10.<br \/> Dimensions : 800(H) x 440(L) x 480(P)mm.<br \/> Mati\u00e8re : Structure acier avec assise et dos en polypropyl\u00e8ne.<br \/> Couleur : Blanc.<\/p>\n","protected":false},"excerpt":{"rendered":"<p>Chaises pliantes Bolero blanches (Lot de 10)<\/p>\n","protected":false},"featured_media":101251,"comment_status":"closed","ping_status":"closed","template":"","meta":[],"product_brand":[],"product_cat":[1201,1215,1296],"product_tag":[],"class_list":{"0":"post-70552","1":"product","2":"type-product","3":"status-publish","4":"has-post-thumbnail","6":"product_cat-mobilier","7":"product_cat-mobilier-pliant","8":"product_cat-palettisable","10":"first","11":"instock","12":"featured","13":"taxable","14":"shipping-taxable","15":"purchasable","16":"product-type-simple"},"_links":{"self":[{"href":"https:\/\/abinox-chr-clim.com\/index.php\/wp-json\/wp\/v2\/product\/70552","targetHints":{"allow":["GET"]}}],"collection":[{"href":"https:\/\/abinox-chr-clim.com\/index.php\/wp-json\/wp\/v2\/product"}],"about":[{"href":"https:\/\/abinox-chr-clim.com\/index.php\/wp-json\/wp\/v2\/types\/product"}],"replies":[{"embeddable":true,"href":"https:\/\/abinox-chr-clim.com\/index.php\/wp-json\/wp\/v2\/comments?post=70552"}],"wp:featuredmedia":[{"embeddable":true,"href":"https:\/\/abinox-chr-clim.com\/index.php\/wp-json\/wp\/v2\/media\/101251"}],"wp:attachment":[{"href":"https:\/\/abinox-chr-clim.com\/index.php\/wp-json\/wp\/v2\/media?parent=70552"}],"wp:term":[{"taxonomy":"product_brand","embeddable":true,"href":"https:\/\/abinox-chr-clim.com\/index.php\/wp-json\/wp\/v2\/product_brand?post=70552"},{"taxonomy":"product_cat","embeddable":true,"href":"https:\/\/abinox-chr-clim.com\/index.php\/wp-json\/wp\/v2\/product_cat?post=70552"},{"taxonomy":"product_tag","embeddable":true,"href":"https:\/\/abinox-chr-clim.com\/index.php\/wp-json\/wp\/v2\/product_tag?post=70552"}],"curies":[{"name":"wp","href":"https:\/\/api.w.org\/{rel}","templated":true}]}}