{"id":70550,"date":"2024-03-22T19:28:04","date_gmt":"2024-03-22T18:28:04","guid":{"rendered":"https:\/\/abinox-chr-clim.com\/index.php\/product\/table-rectangulaire-pliante-grise-en-abs-bolero-1830mm\/"},"modified":"2026-04-15T08:57:08","modified_gmt":"2026-04-15T06:57:08","slug":"table-rectangulaire-pliante-grise-en-abs-bolero-1830mm","status":"publish","type":"product","link":"https:\/\/abinox-chr-clim.com\/index.php\/product\/table-rectangulaire-pliante-grise-en-abs-bolero-1830mm\/","title":{"rendered":"Table rectangulaire pliante grise en ABS Bolero 1830mm"},"content":{"rendered":"<p>Table de banquet durable et r\u00e9sistante avec structure en acier. Facile \u00e0 nettoyer et convient \u00e0 une utilisation en int\u00e9rieur et ext\u00e9rieur.<br \/>Pieds pliants pour faciliter le stockage. Utilisation en int\u00e9rieur et ext\u00e9rieur. Pas d&rsquo;assemblage n\u00e9cessaire. R\u00e9f\u00e9rence soumise \u00e0 une Eco-participation mobilier de 1.97\u20ac par unit\u00e9 vendue. Poids de support maximum de 200kg charge r\u00e9partie.Facile \u00e0 nettoyer. R\u00e9f\u00e9rence soumise \u00e0 une Eco-participation mobilier de 1,56\u20ac par unit\u00e9 vendue. Pieds pliants pour faciliter le stockage.<\/p>\n<p>Caract\u00e9ristiques :<br \/> Dimensions : 750(H) x 1830(L) x 760(P)mm.<br \/> Mati\u00e8re : ABS et structure acier.<br \/> Couleur : Gris.<\/p>\n","protected":false},"excerpt":{"rendered":"<p>Table rectangulaire pliante grise en ABS Bolero 1830mm<\/p>\n","protected":false},"featured_media":101164,"comment_status":"closed","ping_status":"closed","template":"","meta":[],"product_brand":[],"product_cat":[1201,1215,1296],"product_tag":[],"class_list":{"0":"post-70550","1":"product","2":"type-product","3":"status-publish","4":"has-post-thumbnail","6":"product_cat-mobilier","7":"product_cat-mobilier-pliant","8":"product_cat-palettisable","10":"first","11":"instock","12":"featured","13":"taxable","14":"shipping-taxable","15":"purchasable","16":"product-type-simple"},"_links":{"self":[{"href":"https:\/\/abinox-chr-clim.com\/index.php\/wp-json\/wp\/v2\/product\/70550","targetHints":{"allow":["GET"]}}],"collection":[{"href":"https:\/\/abinox-chr-clim.com\/index.php\/wp-json\/wp\/v2\/product"}],"about":[{"href":"https:\/\/abinox-chr-clim.com\/index.php\/wp-json\/wp\/v2\/types\/product"}],"replies":[{"embeddable":true,"href":"https:\/\/abinox-chr-clim.com\/index.php\/wp-json\/wp\/v2\/comments?post=70550"}],"wp:featuredmedia":[{"embeddable":true,"href":"https:\/\/abinox-chr-clim.com\/index.php\/wp-json\/wp\/v2\/media\/101164"}],"wp:attachment":[{"href":"https:\/\/abinox-chr-clim.com\/index.php\/wp-json\/wp\/v2\/media?parent=70550"}],"wp:term":[{"taxonomy":"product_brand","embeddable":true,"href":"https:\/\/abinox-chr-clim.com\/index.php\/wp-json\/wp\/v2\/product_brand?post=70550"},{"taxonomy":"product_cat","embeddable":true,"href":"https:\/\/abinox-chr-clim.com\/index.php\/wp-json\/wp\/v2\/product_cat?post=70550"},{"taxonomy":"product_tag","embeddable":true,"href":"https:\/\/abinox-chr-clim.com\/index.php\/wp-json\/wp\/v2\/product_tag?post=70550"}],"curies":[{"name":"wp","href":"https:\/\/api.w.org\/{rel}","templated":true}]}}