{"id":70549,"date":"2024-03-22T19:28:03","date_gmt":"2024-03-22T18:28:03","guid":{"rendered":"https:\/\/abinox-chr-clim.com\/index.php\/product\/table-rectangulaire-pliante-grise-en-abs-bolero-1520mm\/"},"modified":"2026-04-11T08:46:57","modified_gmt":"2026-04-11T06:46:57","slug":"table-rectangulaire-pliante-grise-en-abs-bolero-1520mm","status":"publish","type":"product","link":"https:\/\/abinox-chr-clim.com\/index.php\/product\/table-rectangulaire-pliante-grise-en-abs-bolero-1520mm\/","title":{"rendered":"Table rectangulaire pliante grise en ABS Bolero 1520mm"},"content":{"rendered":"<p>Table de banquet durable et r\u00e9sistante avec structure en acier. Facile \u00e0 nettoyer et convient \u00e0 une utilisation en int\u00e9rieur et ext\u00e9rieur.<br \/>La conception pliable permet de gagner de l&rsquo;espace de stockage. L&rsquo;installation rapide et facile en fait un outil id\u00e9al pour la restauration mobile. Le plateau en ABS est r\u00e9sistant aux rayures. R\u00e9f\u00e9rence soumise \u00e0 une Eco-participation mobilier de 2.32\u20ac par unit\u00e9 vendue. Le cadre en acier emp\u00eache \u00e9galement la table de vaciller. Les pieds articul\u00e9s et verrouillables emp\u00eachent la table de fl\u00e9chir pendant l&rsquo;utilisation. Les pattes non-marquantes emp\u00eachent \u00e9galement la table de glisser sur vos sols. Livr\u00e9e assembl\u00e9e et pr\u00eate \u00e0 \u00eatre utilis\u00e9e imm\u00e9diatement. Facile \u00e0 nettoyer avec un chiffon. Convient \u00e0 un usage int\u00e9rieur et ext\u00e9rieur. Le cadre en acier durable r\u00e9siste aux chocs et \u00e0 la rouille. R\u00e9f\u00e9rence soumise \u00e0 une Eco-participation mobilier de 1,50\u20ac par unit\u00e9 vendue. La conception pliable permet de gagner de l&rsquo;espace de stockage.<\/p>\n<p>Caract\u00e9ristiques :<br \/> Dimensions : 750(H) x 1520(L) x 760(P)mm.<br \/> Mati\u00e8re : ABS et structure acier<\/p>\n","protected":false},"excerpt":{"rendered":"<p>Table rectangulaire pliante grise en ABS Bolero 1520mm<\/p>\n","protected":false},"featured_media":101163,"comment_status":"closed","ping_status":"closed","template":"","meta":[],"product_brand":[],"product_cat":[1201,1215,1297],"product_tag":[],"class_list":{"0":"post-70549","1":"product","2":"type-product","3":"status-publish","4":"has-post-thumbnail","6":"product_cat-mobilier","7":"product_cat-mobilier-pliant","8":"product_cat-non-palettisable","9":"product_shipping_class-free-shipping","11":"first","12":"instock","13":"featured","14":"taxable","15":"shipping-taxable","16":"purchasable","17":"product-type-simple"},"_links":{"self":[{"href":"https:\/\/abinox-chr-clim.com\/index.php\/wp-json\/wp\/v2\/product\/70549","targetHints":{"allow":["GET"]}}],"collection":[{"href":"https:\/\/abinox-chr-clim.com\/index.php\/wp-json\/wp\/v2\/product"}],"about":[{"href":"https:\/\/abinox-chr-clim.com\/index.php\/wp-json\/wp\/v2\/types\/product"}],"replies":[{"embeddable":true,"href":"https:\/\/abinox-chr-clim.com\/index.php\/wp-json\/wp\/v2\/comments?post=70549"}],"wp:featuredmedia":[{"embeddable":true,"href":"https:\/\/abinox-chr-clim.com\/index.php\/wp-json\/wp\/v2\/media\/101163"}],"wp:attachment":[{"href":"https:\/\/abinox-chr-clim.com\/index.php\/wp-json\/wp\/v2\/media?parent=70549"}],"wp:term":[{"taxonomy":"product_brand","embeddable":true,"href":"https:\/\/abinox-chr-clim.com\/index.php\/wp-json\/wp\/v2\/product_brand?post=70549"},{"taxonomy":"product_cat","embeddable":true,"href":"https:\/\/abinox-chr-clim.com\/index.php\/wp-json\/wp\/v2\/product_cat?post=70549"},{"taxonomy":"product_tag","embeddable":true,"href":"https:\/\/abinox-chr-clim.com\/index.php\/wp-json\/wp\/v2\/product_tag?post=70549"}],"curies":[{"name":"wp","href":"https:\/\/api.w.org\/{rel}","templated":true}]}}