{"id":70548,"date":"2024-03-22T19:28:03","date_gmt":"2024-03-22T18:28:03","guid":{"rendered":"https:\/\/abinox-chr-clim.com\/index.php\/product\/table-rectangulaire-pliante-grise-en-abs-bolero-1220mm\/"},"modified":"2026-04-11T08:46:56","modified_gmt":"2026-04-11T06:46:56","slug":"table-rectangulaire-pliante-grise-en-abs-bolero-1220mm","status":"publish","type":"product","link":"https:\/\/abinox-chr-clim.com\/index.php\/product\/table-rectangulaire-pliante-grise-en-abs-bolero-1220mm\/","title":{"rendered":"Table rectangulaire pliante grise en ABS Bolero 1220mm"},"content":{"rendered":"<p>Table de banquet durable et r\u00e9sistante avec structure en acier. Facile \u00e0 nettoyer et convient \u00e0 une utilisation en int\u00e9rieur et ext\u00e9rieur.<br \/>La conception pliable permet de gagner de l&rsquo;espace de stockage. Son installation simple et rapide en fait un \u00e9l\u00e9ment parfait pour la restauration mobile. Le plateau en ABS est r\u00e9sistant aux rayures. Le cadre en acier durable r\u00e9siste aux chocs et \u00e0 la rouille. Le cadre en acier garanti une bonne stabilit\u00e9. Les pieds articul\u00e9s et verrouillables emp\u00eachent la table de fl\u00e9chir pendant l&rsquo;utilisation. Livr\u00e9e assembl\u00e9e et pr\u00eate \u00e0 \u00eatre utilis\u00e9e imm\u00e9diatement. Facile \u00e0 nettoyer avec un chiffon. Adapt\u00e9e pour un usage int\u00e9rieur et ext\u00e9rieur. Poids de support maximum de 200kg charge r\u00e9partie. \u00c9paisseur du plateau 53mm. R\u00e9f\u00e9rence soumise \u00e0 une Eco-participation mobilier de 1,21\u20ac par unit\u00e9 vendue. La conception pliable permet de gagner de l&rsquo;espace de stockage.<\/p>\n<p>Caract\u00e9ristiques :<br \/> Dimensions : 750(H) x 1220(L) x 610(P)mm.<br \/> Mati\u00e8re : ABS et structure acier.<br \/> Couleur : Gris anthracite.<\/p>\n","protected":false},"excerpt":{"rendered":"<p>Table rectangulaire pliante grise en ABS Bolero 1220mm<\/p>\n","protected":false},"featured_media":101162,"comment_status":"closed","ping_status":"closed","template":"","meta":[],"product_brand":[],"product_cat":[1201,1215,1297],"product_tag":[],"class_list":{"0":"post-70548","1":"product","2":"type-product","3":"status-publish","4":"has-post-thumbnail","6":"product_cat-mobilier","7":"product_cat-mobilier-pliant","8":"product_cat-non-palettisable","9":"product_shipping_class-free-shipping","11":"first","12":"instock","13":"featured","14":"taxable","15":"shipping-taxable","16":"purchasable","17":"product-type-simple"},"_links":{"self":[{"href":"https:\/\/abinox-chr-clim.com\/index.php\/wp-json\/wp\/v2\/product\/70548","targetHints":{"allow":["GET"]}}],"collection":[{"href":"https:\/\/abinox-chr-clim.com\/index.php\/wp-json\/wp\/v2\/product"}],"about":[{"href":"https:\/\/abinox-chr-clim.com\/index.php\/wp-json\/wp\/v2\/types\/product"}],"replies":[{"embeddable":true,"href":"https:\/\/abinox-chr-clim.com\/index.php\/wp-json\/wp\/v2\/comments?post=70548"}],"wp:featuredmedia":[{"embeddable":true,"href":"https:\/\/abinox-chr-clim.com\/index.php\/wp-json\/wp\/v2\/media\/101162"}],"wp:attachment":[{"href":"https:\/\/abinox-chr-clim.com\/index.php\/wp-json\/wp\/v2\/media?parent=70548"}],"wp:term":[{"taxonomy":"product_brand","embeddable":true,"href":"https:\/\/abinox-chr-clim.com\/index.php\/wp-json\/wp\/v2\/product_brand?post=70548"},{"taxonomy":"product_cat","embeddable":true,"href":"https:\/\/abinox-chr-clim.com\/index.php\/wp-json\/wp\/v2\/product_cat?post=70548"},{"taxonomy":"product_tag","embeddable":true,"href":"https:\/\/abinox-chr-clim.com\/index.php\/wp-json\/wp\/v2\/product_tag?post=70548"}],"curies":[{"name":"wp","href":"https:\/\/api.w.org\/{rel}","templated":true}]}}