{"id":70547,"date":"2024-03-22T19:28:03","date_gmt":"2024-03-22T18:28:03","guid":{"rendered":"https:\/\/abinox-chr-clim.com\/index.php\/product\/table-pliante-en-polypropylene-bolero-800mm-vert-menthe\/"},"modified":"2026-04-11T10:11:14","modified_gmt":"2026-04-11T08:11:14","slug":"table-pliante-en-polypropylene-bolero-800mm-vert-menthe","status":"publish","type":"product","link":"https:\/\/abinox-chr-clim.com\/index.php\/product\/table-pliante-en-polypropylene-bolero-800mm-vert-menthe\/","title":{"rendered":"Table pliante en polypropyl\u00e8ne Bolero 800mm vert menthe"},"content":{"rendered":"<p>Pliable, la table est \u00e0 la fois facile \u00e0 ranger et \u00e0 transporter. Gr\u00e2ce \u00e0 un m\u00e9lange de mat\u00e9riaux de qualit\u00e9 professionnelle, la table est capable de supporter facilement l&rsquo;usure commerciale. La couleur verte donne \u00e0 la table sa touche finale.<br \/>Pliable pour un transport facile et un rangement peu encombrant. Pieds avec patins pour prot\u00e9ger les sols et maintenir la table stable. L\u00e9g\u00e8re et facile \u00e0 d\u00e9placer pour agencer la salle comme vous le souhaitez. R\u00e9f\u00e9rence soumise \u00e0 une Eco-participation mobilier de 2.47\u20ac par unit\u00e9 vendue. Vert menthe pour une finition moderne. Construction pliable, avec plateau de table pouvant se verrouiller et se d\u00e9verrouiller rapidement et facilement. Dimensions 740 (H) x 800 (\u00d8) mm, pli\u00e9e 1150 (H)  mm. Mat\u00e9riau : Polypropyl\u00e8ne. Coloris vert menthe. Poids 12,66kg. Pliable pour un transport facile et un rangement peu encombrant.<\/p>\n<p>Caract\u00e9ristiques :<br \/> Dimensions : 740(H) x 800(L) x 800(P) mm.<br \/> Mati\u00e8re : Polypropyl\u00e8ne.<br \/> Couleur : Menthe verte.<\/p>\n","protected":false},"excerpt":{"rendered":"<p>Table pliante en polypropyl\u00e8ne Bolero 800mm vert menthe<\/p>\n","protected":false},"featured_media":101003,"comment_status":"closed","ping_status":"closed","template":"","meta":[],"product_brand":[],"product_cat":[1201,1215,1297],"product_tag":[],"class_list":{"0":"post-70547","1":"product","2":"type-product","3":"status-publish","4":"has-post-thumbnail","6":"product_cat-mobilier","7":"product_cat-mobilier-pliant","8":"product_cat-non-palettisable","9":"product_shipping_class-free-shipping","11":"first","12":"outofstock","13":"featured","14":"taxable","15":"shipping-taxable","16":"purchasable","17":"product-type-simple"},"_links":{"self":[{"href":"https:\/\/abinox-chr-clim.com\/index.php\/wp-json\/wp\/v2\/product\/70547","targetHints":{"allow":["GET"]}}],"collection":[{"href":"https:\/\/abinox-chr-clim.com\/index.php\/wp-json\/wp\/v2\/product"}],"about":[{"href":"https:\/\/abinox-chr-clim.com\/index.php\/wp-json\/wp\/v2\/types\/product"}],"replies":[{"embeddable":true,"href":"https:\/\/abinox-chr-clim.com\/index.php\/wp-json\/wp\/v2\/comments?post=70547"}],"wp:featuredmedia":[{"embeddable":true,"href":"https:\/\/abinox-chr-clim.com\/index.php\/wp-json\/wp\/v2\/media\/101003"}],"wp:attachment":[{"href":"https:\/\/abinox-chr-clim.com\/index.php\/wp-json\/wp\/v2\/media?parent=70547"}],"wp:term":[{"taxonomy":"product_brand","embeddable":true,"href":"https:\/\/abinox-chr-clim.com\/index.php\/wp-json\/wp\/v2\/product_brand?post=70547"},{"taxonomy":"product_cat","embeddable":true,"href":"https:\/\/abinox-chr-clim.com\/index.php\/wp-json\/wp\/v2\/product_cat?post=70547"},{"taxonomy":"product_tag","embeddable":true,"href":"https:\/\/abinox-chr-clim.com\/index.php\/wp-json\/wp\/v2\/product_tag?post=70547"}],"curies":[{"name":"wp","href":"https:\/\/api.w.org\/{rel}","templated":true}]}}