{"id":70542,"date":"2024-03-22T19:28:01","date_gmt":"2024-03-22T18:28:01","guid":{"rendered":"https:\/\/abinox-chr-clim.com\/index.php\/product\/table-de-terrasse-pliable-bolero-grise-1100-x-700mm\/"},"modified":"2026-04-11T10:11:24","modified_gmt":"2026-04-11T08:11:24","slug":"table-de-terrasse-pliable-bolero-grise-1100-x-700mm","status":"publish","type":"product","link":"https:\/\/abinox-chr-clim.com\/index.php\/product\/table-de-terrasse-pliable-bolero-grise-1100-x-700mm\/","title":{"rendered":"Table de terrasse pliable Bolero grise 1100 x 700mm"},"content":{"rendered":"<p>Pliable, la table est \u00e0 la fois facile \u00e0 ranger et \u00e0 transporter. Gr\u00e2ce \u00e0 un m\u00e9lange de mat\u00e9riaux de qualit\u00e9 professionnelle, la table est con\u00e7ue pour supporter une utilisation commerciale. Disponible en gris ou noir.<br \/>Conception pliable &#8211; id\u00e9ale pour \u00e9conomiser de l&rsquo;espace et pour le rangement lorsque la table n&rsquo;est pas utilis\u00e9e. L\u00e9g\u00e8re et peut \u00eatre d\u00e9plac\u00e9e facilement pour une mise en place rapide. Des patins en nylon apportent de la stabilit\u00e9 \u00e0 la table et \u00e9vitent de marquer les sols. R\u00e9f\u00e9rence soumise \u00e0 une Eco-participation mobilier de 0.56\u20ac par unit\u00e9 vendue. Convient pour une utilisation int\u00e9rieure et ext\u00e9rieure. Supporte les plats chauds jusqu&rsquo;\u00e0 180 degr\u00e9s. Chaises assorties disponibles (Code : GH551). En acier poudr\u00e9 solide.Facile \u00e0 essuyer\/nettoyer entre les services. Conception pliable &#8211; id\u00e9ale pour \u00e9conomiser de l&rsquo;espace et pour le rangement lorsque la table n&rsquo;est pas utilis\u00e9e.<\/p>\n<p>Caract\u00e9ristiques :<br \/> Dimensions : 715(H) x 695(L) mm.<br \/> Mati\u00e8re : Acier rev\u00eatu de poudre.<br \/> Couleur : Gris.<\/p>\n","protected":false},"excerpt":{"rendered":"<p>Table de terrasse pliable Bolero grise 1100 x 700mm<\/p>\n","protected":false},"featured_media":83838,"comment_status":"closed","ping_status":"closed","template":"","meta":[],"product_brand":[],"product_cat":[1201,1215,1297],"product_tag":[],"class_list":{"0":"post-70542","1":"product","2":"type-product","3":"status-publish","4":"has-post-thumbnail","6":"product_cat-mobilier","7":"product_cat-mobilier-pliant","8":"product_cat-non-palettisable","9":"product_shipping_class-free-shipping","11":"first","12":"outofstock","13":"featured","14":"taxable","15":"shipping-taxable","16":"purchasable","17":"product-type-simple"},"_links":{"self":[{"href":"https:\/\/abinox-chr-clim.com\/index.php\/wp-json\/wp\/v2\/product\/70542","targetHints":{"allow":["GET"]}}],"collection":[{"href":"https:\/\/abinox-chr-clim.com\/index.php\/wp-json\/wp\/v2\/product"}],"about":[{"href":"https:\/\/abinox-chr-clim.com\/index.php\/wp-json\/wp\/v2\/types\/product"}],"replies":[{"embeddable":true,"href":"https:\/\/abinox-chr-clim.com\/index.php\/wp-json\/wp\/v2\/comments?post=70542"}],"wp:featuredmedia":[{"embeddable":true,"href":"https:\/\/abinox-chr-clim.com\/index.php\/wp-json\/wp\/v2\/media\/83838"}],"wp:attachment":[{"href":"https:\/\/abinox-chr-clim.com\/index.php\/wp-json\/wp\/v2\/media?parent=70542"}],"wp:term":[{"taxonomy":"product_brand","embeddable":true,"href":"https:\/\/abinox-chr-clim.com\/index.php\/wp-json\/wp\/v2\/product_brand?post=70542"},{"taxonomy":"product_cat","embeddable":true,"href":"https:\/\/abinox-chr-clim.com\/index.php\/wp-json\/wp\/v2\/product_cat?post=70542"},{"taxonomy":"product_tag","embeddable":true,"href":"https:\/\/abinox-chr-clim.com\/index.php\/wp-json\/wp\/v2\/product_tag?post=70542"}],"curies":[{"name":"wp","href":"https:\/\/api.w.org\/{rel}","templated":true}]}}