{"id":70538,"date":"2024-03-22T19:27:58","date_gmt":"2024-03-22T18:27:58","guid":{"rendered":"https:\/\/abinox-chr-clim.com\/index.php\/product\/chaises-pliantes-bolero-blanches-et-grises-lot-de-2\/"},"modified":"2026-04-11T08:30:53","modified_gmt":"2026-04-11T06:30:53","slug":"chaises-pliantes-bolero-blanches-et-grises-lot-de-2","status":"publish","type":"product","link":"https:\/\/abinox-chr-clim.com\/index.php\/product\/chaises-pliantes-bolero-blanches-et-grises-lot-de-2\/","title":{"rendered":"Chaises pliantes Bolero blanches et grises (Lot de 2)"},"content":{"rendered":"<p>Chaises durables, robustes et confortables con\u00e7ues pour \u00eatre utilis\u00e9es avec la gamme de tables pliantes. Faciles \u00e0 transporter et \u00e0 stocker, elles sont parfaites pour les r\u00e9ceptions et les buffets.<br \/>Structure en acier, poids max support\u00e9 80kg. Hauteur du si\u00e8ge 445mm. Utilisation en int\u00e9rieur et ext\u00e9rieur. R\u00e9f\u00e9rence soumise \u00e0 une Eco-participation mobilier de 1.7\u20ac par unit\u00e9 vendue. Soumise aux normes standard EN581. Poids maximum support\u00e9 80kg. Dimensions non pli\u00e9e : 810(H) x 490(L) x 500(P)mm.Housses de chaise en jersey disponibles sur demande DP923 (noire) et DP924 (blanche). Se plie \u00e0 plat pour un rangement ais\u00e9. R\u00e9f\u00e9rence soumise \u00e0 une Eco-participation mobilier de 1,10\u20ac par unit\u00e9 vendue. Structure en acier, poids max support\u00e9 80kg.<\/p>\n<p>Caract\u00e9ristiques :<br \/>Lot : 2.<br \/> Dimensions : 200(H) x 1070(L) x 495(P)MM.<br \/> Mati\u00e8re : Structure en acier et assise en polypropyl\u00e8ne.<br \/> Couleur : Blanc.<\/p>\n","protected":false},"excerpt":{"rendered":"<p>Chaises pliantes Bolero blanches et grises (Lot de 2)<\/p>\n","protected":false},"featured_media":82364,"comment_status":"closed","ping_status":"closed","template":"","meta":[],"product_brand":[],"product_cat":[1201,1215,1297],"product_tag":[],"class_list":{"0":"post-70538","1":"product","2":"type-product","3":"status-publish","4":"has-post-thumbnail","6":"product_cat-mobilier","7":"product_cat-mobilier-pliant","8":"product_cat-non-palettisable","9":"product_shipping_class-free-shipping","11":"first","12":"instock","13":"featured","14":"taxable","15":"shipping-taxable","16":"purchasable","17":"product-type-simple"},"_links":{"self":[{"href":"https:\/\/abinox-chr-clim.com\/index.php\/wp-json\/wp\/v2\/product\/70538","targetHints":{"allow":["GET"]}}],"collection":[{"href":"https:\/\/abinox-chr-clim.com\/index.php\/wp-json\/wp\/v2\/product"}],"about":[{"href":"https:\/\/abinox-chr-clim.com\/index.php\/wp-json\/wp\/v2\/types\/product"}],"replies":[{"embeddable":true,"href":"https:\/\/abinox-chr-clim.com\/index.php\/wp-json\/wp\/v2\/comments?post=70538"}],"wp:featuredmedia":[{"embeddable":true,"href":"https:\/\/abinox-chr-clim.com\/index.php\/wp-json\/wp\/v2\/media\/82364"}],"wp:attachment":[{"href":"https:\/\/abinox-chr-clim.com\/index.php\/wp-json\/wp\/v2\/media?parent=70538"}],"wp:term":[{"taxonomy":"product_brand","embeddable":true,"href":"https:\/\/abinox-chr-clim.com\/index.php\/wp-json\/wp\/v2\/product_brand?post=70538"},{"taxonomy":"product_cat","embeddable":true,"href":"https:\/\/abinox-chr-clim.com\/index.php\/wp-json\/wp\/v2\/product_cat?post=70538"},{"taxonomy":"product_tag","embeddable":true,"href":"https:\/\/abinox-chr-clim.com\/index.php\/wp-json\/wp\/v2\/product_tag?post=70538"}],"curies":[{"name":"wp","href":"https:\/\/api.w.org\/{rel}","templated":true}]}}