{"id":70535,"date":"2024-03-22T19:27:56","date_gmt":"2024-03-22T18:27:56","guid":{"rendered":"https:\/\/abinox-chr-clim.com\/index.php\/product\/table-ronde-pliante-bolero-600mm\/"},"modified":"2026-04-11T08:25:10","modified_gmt":"2026-04-11T06:25:10","slug":"table-ronde-pliante-bolero-600mm","status":"publish","type":"product","link":"https:\/\/abinox-chr-clim.com\/index.php\/product\/table-ronde-pliante-bolero-600mm\/","title":{"rendered":"Table ronde pliante Bolero 600mm"},"content":{"rendered":"<p>Table bistro facilement transportable, id\u00e9ale pour les petits caf\u00e9s et bistros qui ont besoin de d\u00e9placer ou ranger leur terrasse quotidiennement.<br \/>La conception pliable permet de gagner de l&rsquo;espace de stockage. Son installation rapide et facile en fait un outil id\u00e9al pour la restauration mobile. Le plateau en poly\u00e9thyl\u00e8ne haute densit\u00e9 est r\u00e9sistant aux UV et \u00e0 la pluie. R\u00e9f\u00e9rence soumise \u00e0 une Eco-participation mobilier de 0.96\u20ac par unit\u00e9 vendue. Le cadre en acier emp\u00eache \u00e9galement la table de vaciller. Des pieds verrouillables et un loquet de s\u00e9curit\u00e9 maintiennent la table en place pendant l&rsquo;utilisation. Les pattes non marquantes emp\u00eachent \u00e9galement la table de glisser sur vos sols. Convient \u00e0 un usage int\u00e9rieur et ext\u00e9rieur. \u00c9paisseur des pieds : 22(\u00d8)mm. Livr\u00e9e mont\u00e9e pr\u00eate \u00e0 \u00eatre utilis\u00e9e. Le cadre en acier durable r\u00e9siste aux chocs et \u00e0 la rouille. R\u00e9f\u00e9rence soumise \u00e0 une Eco-participation mobilier de 0,56\u20ac par unit\u00e9 vendue. La conception pliable permet de gagner de l&rsquo;espace de stockage.<\/p>\n<p>Caract\u00e9ristiques :<br \/> Dimensions : 735(H) x 600(\u00d8)mm.<br \/> Mati\u00e8re : Plateau polypropyl\u00e8ne et structure acier.<br \/> Couleur : Blanc.<\/p>\n","protected":false},"excerpt":{"rendered":"<p>Table ronde pliante Bolero 600mm<\/p>\n","protected":false},"featured_media":79662,"comment_status":"closed","ping_status":"closed","template":"","meta":[],"product_brand":[],"product_cat":[1201,1215,1297],"product_tag":[],"class_list":{"0":"post-70535","1":"product","2":"type-product","3":"status-publish","4":"has-post-thumbnail","6":"product_cat-mobilier","7":"product_cat-mobilier-pliant","8":"product_cat-non-palettisable","9":"product_shipping_class-free-shipping","11":"first","12":"instock","13":"featured","14":"taxable","15":"shipping-taxable","16":"purchasable","17":"product-type-simple"},"_links":{"self":[{"href":"https:\/\/abinox-chr-clim.com\/index.php\/wp-json\/wp\/v2\/product\/70535","targetHints":{"allow":["GET"]}}],"collection":[{"href":"https:\/\/abinox-chr-clim.com\/index.php\/wp-json\/wp\/v2\/product"}],"about":[{"href":"https:\/\/abinox-chr-clim.com\/index.php\/wp-json\/wp\/v2\/types\/product"}],"replies":[{"embeddable":true,"href":"https:\/\/abinox-chr-clim.com\/index.php\/wp-json\/wp\/v2\/comments?post=70535"}],"wp:featuredmedia":[{"embeddable":true,"href":"https:\/\/abinox-chr-clim.com\/index.php\/wp-json\/wp\/v2\/media\/79662"}],"wp:attachment":[{"href":"https:\/\/abinox-chr-clim.com\/index.php\/wp-json\/wp\/v2\/media?parent=70535"}],"wp:term":[{"taxonomy":"product_brand","embeddable":true,"href":"https:\/\/abinox-chr-clim.com\/index.php\/wp-json\/wp\/v2\/product_brand?post=70535"},{"taxonomy":"product_cat","embeddable":true,"href":"https:\/\/abinox-chr-clim.com\/index.php\/wp-json\/wp\/v2\/product_cat?post=70535"},{"taxonomy":"product_tag","embeddable":true,"href":"https:\/\/abinox-chr-clim.com\/index.php\/wp-json\/wp\/v2\/product_tag?post=70535"}],"curies":[{"name":"wp","href":"https:\/\/api.w.org\/{rel}","templated":true}]}}