{"id":70534,"date":"2024-03-22T19:27:56","date_gmt":"2024-03-22T18:27:56","guid":{"rendered":"https:\/\/abinox-chr-clim.com\/index.php\/product\/mange-debout-rond-en-frene-bolero-600mm\/"},"modified":"2026-04-11T09:39:14","modified_gmt":"2026-04-11T07:39:14","slug":"mange-debout-rond-en-frene-bolero-600mm","status":"publish","type":"product","link":"https:\/\/abinox-chr-clim.com\/index.php\/product\/mange-debout-rond-en-frene-bolero-600mm\/","title":{"rendered":"Mange-debout rond en fr\u00eane Bolero 600mm"},"content":{"rendered":"<p>Table haute con\u00e7ue pour \u00eatre utilis\u00e9e avec des tabourets de bar ou debout. Solide et \u00e9l\u00e9gante, bord arrondi. Entretien r\u00e9gulier recommand\u00e9 avec l&rsquo;huile pour bois (DL476) pour l&rsquo;utilisation en ext\u00e9rieur.<br \/>L&rsquo;aluminium et le bois de fr\u00eane pr\u00e9-huil\u00e9 ont une excellente durabilit\u00e9. Conception facile \u00e0 nettoyer pour un entretien simple et rapide. Les pieds r\u00e9glables vous permettent de stabiliser la table sur des surfaces in\u00e9gales. R\u00e9f\u00e9rence soumise \u00e0 une Eco-participation mobilier de 1.63\u20ac par unit\u00e9 vendue. Hauteur de la table : 1050 mm. Les mat\u00e9riaux durables \u00e9vitent la rouille et les dommages dus aux intemp\u00e9ries. Convient pour un usage int\u00e9rieur ou ext\u00e9rieur, ce qui rend la table id\u00e9ale pour les terrasses. Le bois de fr\u00eane et l&rsquo;aluminium se combinent pour donner un aspect industriel \u00e9l\u00e9gant.Emballage plat pour un montage facile. L&rsquo;aluminium et le bois de fr\u00eane pr\u00e9-huil\u00e9 ont une excellente durabilit\u00e9.<\/p>\n<p>Caract\u00e9ristiques :<br \/> Dimensions : 1050(H) x 600(\u00d8)mm.<br \/> Mati\u00e8re : Aluminium et fr\u00eane.<br \/> Couleur : Cendre.<\/p>\n","protected":false},"excerpt":{"rendered":"<p>Mange-debout rond en fr\u00eane Bolero 600mm<\/p>\n","protected":false},"featured_media":103689,"comment_status":"closed","ping_status":"closed","template":"","meta":[],"product_brand":[],"product_cat":[1208,1201,1297,1212],"product_tag":[],"class_list":{"0":"post-70534","1":"product","2":"type-product","3":"status-publish","4":"has-post-thumbnail","6":"product_cat-interieur","7":"product_cat-mobilier","8":"product_cat-non-palettisable","9":"product_cat-tables-interieur","10":"product_shipping_class-free-shipping","12":"first","13":"instock","14":"featured","15":"taxable","16":"shipping-taxable","17":"purchasable","18":"product-type-simple"},"_links":{"self":[{"href":"https:\/\/abinox-chr-clim.com\/index.php\/wp-json\/wp\/v2\/product\/70534","targetHints":{"allow":["GET"]}}],"collection":[{"href":"https:\/\/abinox-chr-clim.com\/index.php\/wp-json\/wp\/v2\/product"}],"about":[{"href":"https:\/\/abinox-chr-clim.com\/index.php\/wp-json\/wp\/v2\/types\/product"}],"replies":[{"embeddable":true,"href":"https:\/\/abinox-chr-clim.com\/index.php\/wp-json\/wp\/v2\/comments?post=70534"}],"wp:featuredmedia":[{"embeddable":true,"href":"https:\/\/abinox-chr-clim.com\/index.php\/wp-json\/wp\/v2\/media\/103689"}],"wp:attachment":[{"href":"https:\/\/abinox-chr-clim.com\/index.php\/wp-json\/wp\/v2\/media?parent=70534"}],"wp:term":[{"taxonomy":"product_brand","embeddable":true,"href":"https:\/\/abinox-chr-clim.com\/index.php\/wp-json\/wp\/v2\/product_brand?post=70534"},{"taxonomy":"product_cat","embeddable":true,"href":"https:\/\/abinox-chr-clim.com\/index.php\/wp-json\/wp\/v2\/product_cat?post=70534"},{"taxonomy":"product_tag","embeddable":true,"href":"https:\/\/abinox-chr-clim.com\/index.php\/wp-json\/wp\/v2\/product_tag?post=70534"}],"curies":[{"name":"wp","href":"https:\/\/api.w.org\/{rel}","templated":true}]}}