{"id":70529,"date":"2024-03-22T19:27:54","date_gmt":"2024-03-22T18:27:54","guid":{"rendered":"https:\/\/abinox-chr-clim.com\/index.php\/product\/table-bistro-pliante-dinterieur-helsinki-70x70cm\/"},"modified":"2026-04-11T10:01:52","modified_gmt":"2026-04-11T08:01:52","slug":"table-bistro-pliante-dinterieur-helsinki-70x70cm","status":"publish","type":"product","link":"https:\/\/abinox-chr-clim.com\/index.php\/product\/table-bistro-pliante-dinterieur-helsinki-70x70cm\/","title":{"rendered":"Table bistro pliante d&rsquo;int\u00e9rieur Helsinki 70x70cm"},"content":{"rendered":"<p>Table bistro pliable au style moderne. Utilisez le m\u00e9canisme de torsion robuste et la poign\u00e9e pour incliner le plateau de table sur le c\u00f4t\u00e9, puis empilez les pieds pour un rangement efficace. Augmentez facilement la capacit\u00e9 d&rsquo;accueil de votre \u00e9tablissement. Rangement facile.<br \/>Cadre en acier poudr\u00e9 avec plateau en bois. La conception pliable est facile \u00e0 ranger et \u00e0 transporter. Design moderne. R\u00e9f\u00e9rence soumise \u00e0 une Eco-participation mobilier de 0.19\u20ac par unit\u00e9 vendue.  Utilisation int\u00e9rieure uniquement. Cadre en acier poudr\u00e9 avec plateau en bois.<\/p>\n<p>Caract\u00e9ristiques :<br \/> Dimensions : 750(H) x 700(L) x 700(L) mm.<br \/> Mati\u00e8re : Cadre en acier poudr\u00e9 avec plateau en bois.<br \/> Couleur : Marron.<\/p>\n","protected":false},"excerpt":{"rendered":"<p>Table bistro pliante d&rsquo;int\u00e9rieur Helsinki 70x70cm<\/p>\n","protected":false},"featured_media":101032,"comment_status":"closed","ping_status":"closed","template":"","meta":[],"product_brand":[],"product_cat":[1208,1201,1297,1212],"product_tag":[],"class_list":{"0":"post-70529","1":"product","2":"type-product","3":"status-publish","4":"has-post-thumbnail","6":"product_cat-interieur","7":"product_cat-mobilier","8":"product_cat-non-palettisable","9":"product_cat-tables-interieur","10":"product_shipping_class-free-shipping","12":"first","13":"outofstock","14":"featured","15":"taxable","16":"shipping-taxable","17":"purchasable","18":"product-type-simple"},"_links":{"self":[{"href":"https:\/\/abinox-chr-clim.com\/index.php\/wp-json\/wp\/v2\/product\/70529","targetHints":{"allow":["GET"]}}],"collection":[{"href":"https:\/\/abinox-chr-clim.com\/index.php\/wp-json\/wp\/v2\/product"}],"about":[{"href":"https:\/\/abinox-chr-clim.com\/index.php\/wp-json\/wp\/v2\/types\/product"}],"replies":[{"embeddable":true,"href":"https:\/\/abinox-chr-clim.com\/index.php\/wp-json\/wp\/v2\/comments?post=70529"}],"wp:featuredmedia":[{"embeddable":true,"href":"https:\/\/abinox-chr-clim.com\/index.php\/wp-json\/wp\/v2\/media\/101032"}],"wp:attachment":[{"href":"https:\/\/abinox-chr-clim.com\/index.php\/wp-json\/wp\/v2\/media?parent=70529"}],"wp:term":[{"taxonomy":"product_brand","embeddable":true,"href":"https:\/\/abinox-chr-clim.com\/index.php\/wp-json\/wp\/v2\/product_brand?post=70529"},{"taxonomy":"product_cat","embeddable":true,"href":"https:\/\/abinox-chr-clim.com\/index.php\/wp-json\/wp\/v2\/product_cat?post=70529"},{"taxonomy":"product_tag","embeddable":true,"href":"https:\/\/abinox-chr-clim.com\/index.php\/wp-json\/wp\/v2\/product_tag?post=70529"}],"curies":[{"name":"wp","href":"https:\/\/api.w.org\/{rel}","templated":true}]}}