{"id":70525,"date":"2024-03-22T19:27:53","date_gmt":"2024-03-22T18:27:53","guid":{"rendered":"https:\/\/abinox-chr-clim.com\/index.php\/product\/mange-debout-blanc-avec-plateau-en-bois-bolero-bistro\/"},"modified":"2026-04-11T10:13:32","modified_gmt":"2026-04-11T08:13:32","slug":"mange-debout-blanc-avec-plateau-en-bois-bolero-bistro","status":"publish","type":"product","link":"https:\/\/abinox-chr-clim.com\/index.php\/product\/mange-debout-blanc-avec-plateau-en-bois-bolero-bistro\/","title":{"rendered":"Mange-debout blanc avec plateau en bois Bolero Bistro"},"content":{"rendered":"<p>L&rsquo;association parfaite pour la collection embl\u00e9matique de si\u00e8ges Bistro, le mange-debout Bistro s&rsquo;inspire d&rsquo;un classique reconnu du design.<br \/>Plateau en bois de fr\u00eane pour un style durable. Inspir\u00e9 de la tendance industrielle. Ch\u00e2ssis en acier galvanis\u00e9 tr\u00e8s r\u00e9sistant. R\u00e9f\u00e9rence soumise \u00e0 une Eco-participation mobilier de 2.12\u20ac par unit\u00e9 vendue. Facile \u00e0 nettoyer. Con\u00e7ue pour une utilisation en int\u00e9rieur.Pieds anti traces et antid\u00e9rapants. Plateau en bois de fr\u00eane pour un style durable.<\/p>\n<p>Caract\u00e9ristiques :<br \/> Dimensions : 1040(H) x 600(L) x 600(P) mm.<br \/> Mati\u00e8re : Bois d&rsquo;acier et fr\u00eane.<br \/> Couleur : Blanc.<\/p>\n","protected":false},"excerpt":{"rendered":"<p>Mange-debout blanc avec plateau en bois Bolero Bistro<\/p>\n","protected":false},"featured_media":94002,"comment_status":"closed","ping_status":"closed","template":"","meta":[],"product_brand":[],"product_cat":[1208,1201,1297,1212],"product_tag":[],"class_list":{"0":"post-70525","1":"product","2":"type-product","3":"status-publish","4":"has-post-thumbnail","6":"product_cat-interieur","7":"product_cat-mobilier","8":"product_cat-non-palettisable","9":"product_cat-tables-interieur","10":"product_shipping_class-free-shipping","12":"first","13":"instock","14":"featured","15":"taxable","16":"shipping-taxable","17":"purchasable","18":"product-type-simple"},"_links":{"self":[{"href":"https:\/\/abinox-chr-clim.com\/index.php\/wp-json\/wp\/v2\/product\/70525","targetHints":{"allow":["GET"]}}],"collection":[{"href":"https:\/\/abinox-chr-clim.com\/index.php\/wp-json\/wp\/v2\/product"}],"about":[{"href":"https:\/\/abinox-chr-clim.com\/index.php\/wp-json\/wp\/v2\/types\/product"}],"replies":[{"embeddable":true,"href":"https:\/\/abinox-chr-clim.com\/index.php\/wp-json\/wp\/v2\/comments?post=70525"}],"wp:featuredmedia":[{"embeddable":true,"href":"https:\/\/abinox-chr-clim.com\/index.php\/wp-json\/wp\/v2\/media\/94002"}],"wp:attachment":[{"href":"https:\/\/abinox-chr-clim.com\/index.php\/wp-json\/wp\/v2\/media?parent=70525"}],"wp:term":[{"taxonomy":"product_brand","embeddable":true,"href":"https:\/\/abinox-chr-clim.com\/index.php\/wp-json\/wp\/v2\/product_brand?post=70525"},{"taxonomy":"product_cat","embeddable":true,"href":"https:\/\/abinox-chr-clim.com\/index.php\/wp-json\/wp\/v2\/product_cat?post=70525"},{"taxonomy":"product_tag","embeddable":true,"href":"https:\/\/abinox-chr-clim.com\/index.php\/wp-json\/wp\/v2\/product_tag?post=70525"}],"curies":[{"name":"wp","href":"https:\/\/api.w.org\/{rel}","templated":true}]}}