{"id":70519,"date":"2024-03-22T19:27:51","date_gmt":"2024-03-22T18:27:51","guid":{"rendered":"https:\/\/abinox-chr-clim.com\/index.php\/product\/bancs-en-acier-et-acacia-bolero-100-cm-lot-de-2\/"},"modified":"2026-04-11T09:43:13","modified_gmt":"2026-04-11T07:43:13","slug":"bancs-en-acier-et-acacia-bolero-100-cm-lot-de-2","status":"publish","type":"product","link":"https:\/\/abinox-chr-clim.com\/index.php\/product\/bancs-en-acier-et-acacia-bolero-100-cm-lot-de-2\/","title":{"rendered":"Bancs en acier et acacia Bolero 100 cm (lot de 2)"},"content":{"rendered":"<p>Apportez un style nouveau et \u00e9l\u00e9gant \u00e0 n&rsquo;importe quel espace ext\u00e9rieur ou int\u00e9rieur avec cette collection robuste. En acier et bois d&rsquo;acacia (entretien imp\u00e9ratif en ext\u00e9rieur).<br \/>Le bois d&rsquo;acacia et l&rsquo;acier noir se combinent pour un style \u00e9l\u00e9gant et industriel. Le bois et l&rsquo;acier poudr\u00e9 offrent une excellente durabilit\u00e9 &#8211; Un entretien r\u00e9gulier du bois est imp\u00e9ratif &#8211; utiliser DL476. Le m\u00e9lange de mat\u00e9riaux rend \u00e9galement les bancs r\u00e9sistants aux intemp\u00e9ries. R\u00e9f\u00e9rence soumise \u00e0 une Eco-participation mobilier de 3.06\u20ac par unit\u00e9 vendue. Conception facile \u00e0 nettoyer pour un entretien simple et rapide. Pr\u00e9-huil\u00e9 pour une dur\u00e9e d&rsquo;utilisation plus longue (cf NB dans la description). Hauteur d&rsquo;assise : 450mm. Table carr\u00e9e (DS152) et table rectangulaire (DS153) assorties disponibles. Utilisation int\u00e9rieure et ext\u00e9rieure. Le bois d&rsquo;acacia issu de sources \u00e9thiques am\u00e9liore vos pratiques respectueuses de l&rsquo;environnement. Les patins r\u00e9sistants offrent une plus grande stabilit\u00e9 et emp\u00eachent les marques. Le bois d&rsquo;acacia et l&rsquo;acier noir se combinent pour un style \u00e9l\u00e9gant et industriel.<\/p>\n<p>Caract\u00e9ristiques :<br \/>Lot : 2.<br \/> Dimensions : 450(H) x 1000(L) x 350(P) mm.<br \/> Mati\u00e8re : Bois d&rsquo;acacia et acier poudr\u00e9.<br \/> Couleur : Teck.<\/p>\n","protected":false},"excerpt":{"rendered":"<p>Bancs en acier et acacia Bolero 100 cm (lot de 2)<\/p>\n","protected":false},"featured_media":103023,"comment_status":"closed","ping_status":"closed","template":"","meta":[],"product_brand":[],"product_cat":[1208,1201,1297,1212],"product_tag":[],"class_list":{"0":"post-70519","1":"product","2":"type-product","3":"status-publish","4":"has-post-thumbnail","6":"product_cat-interieur","7":"product_cat-mobilier","8":"product_cat-non-palettisable","9":"product_cat-tables-interieur","10":"product_shipping_class-free-shipping","12":"first","13":"instock","14":"featured","15":"taxable","16":"shipping-taxable","17":"purchasable","18":"product-type-simple"},"_links":{"self":[{"href":"https:\/\/abinox-chr-clim.com\/index.php\/wp-json\/wp\/v2\/product\/70519","targetHints":{"allow":["GET"]}}],"collection":[{"href":"https:\/\/abinox-chr-clim.com\/index.php\/wp-json\/wp\/v2\/product"}],"about":[{"href":"https:\/\/abinox-chr-clim.com\/index.php\/wp-json\/wp\/v2\/types\/product"}],"replies":[{"embeddable":true,"href":"https:\/\/abinox-chr-clim.com\/index.php\/wp-json\/wp\/v2\/comments?post=70519"}],"wp:featuredmedia":[{"embeddable":true,"href":"https:\/\/abinox-chr-clim.com\/index.php\/wp-json\/wp\/v2\/media\/103023"}],"wp:attachment":[{"href":"https:\/\/abinox-chr-clim.com\/index.php\/wp-json\/wp\/v2\/media?parent=70519"}],"wp:term":[{"taxonomy":"product_brand","embeddable":true,"href":"https:\/\/abinox-chr-clim.com\/index.php\/wp-json\/wp\/v2\/product_brand?post=70519"},{"taxonomy":"product_cat","embeddable":true,"href":"https:\/\/abinox-chr-clim.com\/index.php\/wp-json\/wp\/v2\/product_cat?post=70519"},{"taxonomy":"product_tag","embeddable":true,"href":"https:\/\/abinox-chr-clim.com\/index.php\/wp-json\/wp\/v2\/product_tag?post=70519"}],"curies":[{"name":"wp","href":"https:\/\/api.w.org\/{rel}","templated":true}]}}