{"id":70517,"date":"2024-03-22T19:27:50","date_gmt":"2024-03-22T18:27:50","guid":{"rendered":"https:\/\/abinox-chr-clim.com\/index.php\/product\/table-carree-en-acier-et-acacia-bolero-80-cm\/"},"modified":"2026-04-11T09:43:11","modified_gmt":"2026-04-11T07:43:11","slug":"table-carree-en-acier-et-acacia-bolero-80-cm","status":"publish","type":"product","link":"https:\/\/abinox-chr-clim.com\/index.php\/product\/table-carree-en-acier-et-acacia-bolero-80-cm\/","title":{"rendered":"Table carr\u00e9e en acier et acacia Bolero 80 cm"},"content":{"rendered":"<p>Apportez un style nouveau et \u00e9l\u00e9gant \u00e0 n&rsquo;importe quel espace ext\u00e9rieur ou int\u00e9rieur avec cette collection robuste. En acier et bois d&rsquo;acacia (entretien imp\u00e9ratif en ext\u00e9rieur).<br \/>Pr\u00e9-huil\u00e9 pour une dur\u00e9e d&rsquo;utilisation plus longue (cf NB dans la description). Assemblage facile. R\u00e9f\u00e9rence soumise \u00e0 une Eco-participation mobilier de 2.21\u20ac par unit\u00e9 vendue. Construction robuste en bois et acier. Un entretien r\u00e9gulier du bois est imp\u00e9ratif &#8211; utiliser DL476. Pieds avec embouts. Trou central pour parasol. Utilisation int\u00e9rieure et ext\u00e9rieure. Acacia et acier finition poudr\u00e9e noire mate. Bois d&rsquo;acacia issu de sources \u00e9thiques. Pr\u00e9-huil\u00e9 pour une dur\u00e9e d&rsquo;utilisation plus longue (cf NB dans la description).<\/p>\n<p>Caract\u00e9ristiques :<br \/> Dimensions : 740(H) x 800(L) x 800(P) mm.<br \/> Mati\u00e8re : Bois d&rsquo;acacia et acier poudr\u00e9.<br \/> Couleur : Teck.<\/p>\n","protected":false},"excerpt":{"rendered":"<p>Table carr\u00e9e en acier et acacia Bolero 80 cm<\/p>\n","protected":false},"featured_media":93101,"comment_status":"closed","ping_status":"closed","template":"","meta":[],"product_brand":[],"product_cat":[1208,1201,1297,1212],"product_tag":[],"class_list":{"0":"post-70517","1":"product","2":"type-product","3":"status-publish","4":"has-post-thumbnail","6":"product_cat-interieur","7":"product_cat-mobilier","8":"product_cat-non-palettisable","9":"product_cat-tables-interieur","10":"product_shipping_class-free-shipping","12":"first","13":"instock","14":"featured","15":"taxable","16":"shipping-taxable","17":"purchasable","18":"product-type-simple"},"_links":{"self":[{"href":"https:\/\/abinox-chr-clim.com\/index.php\/wp-json\/wp\/v2\/product\/70517","targetHints":{"allow":["GET"]}}],"collection":[{"href":"https:\/\/abinox-chr-clim.com\/index.php\/wp-json\/wp\/v2\/product"}],"about":[{"href":"https:\/\/abinox-chr-clim.com\/index.php\/wp-json\/wp\/v2\/types\/product"}],"replies":[{"embeddable":true,"href":"https:\/\/abinox-chr-clim.com\/index.php\/wp-json\/wp\/v2\/comments?post=70517"}],"wp:featuredmedia":[{"embeddable":true,"href":"https:\/\/abinox-chr-clim.com\/index.php\/wp-json\/wp\/v2\/media\/93101"}],"wp:attachment":[{"href":"https:\/\/abinox-chr-clim.com\/index.php\/wp-json\/wp\/v2\/media?parent=70517"}],"wp:term":[{"taxonomy":"product_brand","embeddable":true,"href":"https:\/\/abinox-chr-clim.com\/index.php\/wp-json\/wp\/v2\/product_brand?post=70517"},{"taxonomy":"product_cat","embeddable":true,"href":"https:\/\/abinox-chr-clim.com\/index.php\/wp-json\/wp\/v2\/product_cat?post=70517"},{"taxonomy":"product_tag","embeddable":true,"href":"https:\/\/abinox-chr-clim.com\/index.php\/wp-json\/wp\/v2\/product_tag?post=70517"}],"curies":[{"name":"wp","href":"https:\/\/api.w.org\/{rel}","templated":true}]}}