{"id":70516,"date":"2024-03-22T19:27:50","date_gmt":"2024-03-22T18:27:50","guid":{"rendered":"https:\/\/abinox-chr-clim.com\/index.php\/product\/table-carree-en-acier-gris-metallise-bolero-bistro-668mm\/"},"modified":"2026-04-11T08:40:38","modified_gmt":"2026-04-11T06:40:38","slug":"table-carree-en-acier-gris-metallise-bolero-bistro-668mm","status":"publish","type":"product","link":"https:\/\/abinox-chr-clim.com\/index.php\/product\/table-carree-en-acier-gris-metallise-bolero-bistro-668mm\/","title":{"rendered":"Table carr\u00e9e en acier gris m\u00e9tallis\u00e9 Bolero Bistro 668mm"},"content":{"rendered":"<p>Fabriqu\u00e9e en acier galvanis\u00e9, cette table pr\u00e9sente un design solide et est facile \u00e0 nettoyer et \u00e0 entretenir, ce qui la rend id\u00e9ale pour une utilisation r\u00e9guli\u00e8re dans des lieux tr\u00e8s fr\u00e9quent\u00e9s.<br \/>Le style industriel donne un nouveau look \u00e0 vos espaces. La construction empilable vous aide \u00e0 \u00e9conomiser de l&rsquo;espace de stockage. Fourni avec des patins en caoutchouc antid\u00e9rapants pour r\u00e9duire les marques au sol et ajouter de la stabilit\u00e9 lors de l&rsquo;utilisation. R\u00e9f\u00e9rence soumise \u00e0 une Eco-participation mobilier de 0.42\u20ac par unit\u00e9 vendue. Peut s&rsquo;associer aux autres meubles de la gamme Bistro. Le design contemporain est parfait pour les caf\u00e9s, bistros ou caf\u00e9s en plein air au style contemporain. Dimensions de l&rsquo;encombrement : 815(L) x 815(P) mm.La construction facile \u00e0 nettoyer permet un entretien rapide et facile. R\u00e9f\u00e9rence soumise \u00e0 une Eco-participation mobilier de 0,81\u20ac par unit\u00e9 vendue. Le style industriel donne un nouveau look \u00e0 vos espaces.<\/p>\n<p>Caract\u00e9ristiques :<br \/> Dimensions : 765(H) x 668(L) x 668(P) mm.<br \/> Mati\u00e8re : Acier galvanis\u00e9.<br \/> Couleur : Gris m\u00e9tallis\u00e9.<\/p>\n","protected":false},"excerpt":{"rendered":"<p>Table carr\u00e9e en acier gris m\u00e9tallis\u00e9 Bolero Bistro 668mm<\/p>\n","protected":false},"featured_media":92257,"comment_status":"closed","ping_status":"closed","template":"","meta":[],"product_brand":[],"product_cat":[1208,1201,1297,1212],"product_tag":[],"class_list":{"0":"post-70516","1":"product","2":"type-product","3":"status-publish","4":"has-post-thumbnail","6":"product_cat-interieur","7":"product_cat-mobilier","8":"product_cat-non-palettisable","9":"product_cat-tables-interieur","10":"product_shipping_class-free-shipping","12":"first","13":"instock","14":"featured","15":"taxable","16":"shipping-taxable","17":"purchasable","18":"product-type-simple"},"_links":{"self":[{"href":"https:\/\/abinox-chr-clim.com\/index.php\/wp-json\/wp\/v2\/product\/70516","targetHints":{"allow":["GET"]}}],"collection":[{"href":"https:\/\/abinox-chr-clim.com\/index.php\/wp-json\/wp\/v2\/product"}],"about":[{"href":"https:\/\/abinox-chr-clim.com\/index.php\/wp-json\/wp\/v2\/types\/product"}],"replies":[{"embeddable":true,"href":"https:\/\/abinox-chr-clim.com\/index.php\/wp-json\/wp\/v2\/comments?post=70516"}],"wp:featuredmedia":[{"embeddable":true,"href":"https:\/\/abinox-chr-clim.com\/index.php\/wp-json\/wp\/v2\/media\/92257"}],"wp:attachment":[{"href":"https:\/\/abinox-chr-clim.com\/index.php\/wp-json\/wp\/v2\/media?parent=70516"}],"wp:term":[{"taxonomy":"product_brand","embeddable":true,"href":"https:\/\/abinox-chr-clim.com\/index.php\/wp-json\/wp\/v2\/product_brand?post=70516"},{"taxonomy":"product_cat","embeddable":true,"href":"https:\/\/abinox-chr-clim.com\/index.php\/wp-json\/wp\/v2\/product_cat?post=70516"},{"taxonomy":"product_tag","embeddable":true,"href":"https:\/\/abinox-chr-clim.com\/index.php\/wp-json\/wp\/v2\/product_tag?post=70516"}],"curies":[{"name":"wp","href":"https:\/\/api.w.org\/{rel}","templated":true}]}}